{"id":936,"date":"2017-11-13T18:08:19","date_gmt":"2017-11-13T17:08:19","guid":{"rendered":"https:\/\/radel-hahn.hu\/?page_id=936"},"modified":"2025-06-29T10:35:14","modified_gmt":"2025-06-29T09:35:14","slug":"about-us","status":"publish","type":"page","link":"https:\/\/radel-hahn.hu\/english\/about-us\/","title":{"rendered":"About Us"},"content":{"rendered":"<section class=\"l-section wpb_row height_small\"><div class=\"l-section-h i-cf\"><div class=\"g-cols vc_row via_flex valign_top type_default stacking_default\"><div class=\"vc_col-sm-12 wpb_column vc_column_container\"><div class=\"vc_column-inner\"><div class=\"wpb_wrapper\"><div class=\"wpb_text_column\"><div class=\"wpb_wrapper\"><h3>About Us<\/h3>\n<p style=\"text-align: justify;\">The main profile of the Hungarian\u00a0<strong>Radel &amp; Hahn<\/strong>\u00a0embraces the\u00a0<strong>whole area of air-engineering.<\/strong>\u00a0Our corporation deals with\u00a0<strong>planning, production, servicing and\u00a0 maintenace of air-engineering systems, clean room-engineering devices and building service systems.<\/strong>Thereby we can reach not only the leading position in production devepoment, but our products correspond to the most austere engineering and environmental regulations.<\/p>\n<\/div><\/div><\/div><\/div><\/div><\/div><\/div><\/section><section class=\"l-section wpb_row height_small\"><div class=\"l-section-h i-cf\"><div class=\"g-cols vc_row via_flex valign_top type_default stacking_default\"><div class=\"vc_col-sm-2 wpb_column vc_column_container\"><div class=\"vc_column-inner\"><div class=\"wpb_wrapper\"><\/div><\/div><\/div><div class=\"vc_col-sm-4 wpb_column vc_column_container\"><div class=\"vc_column-inner\"><div class=\"wpb_wrapper\"><div class=\"wpb_text_column lprogramm\"><div class=\"wpb_wrapper\"><h6><strong>PRODUCT RANGE:<\/strong><\/h6>\n<ul>\n<li>M-Series air handling machines<\/li>\n<li>Compact air handling machines<\/li>\n<li>Root top plants<\/li>\n<li>Ventilations components<\/li>\n<li>Pool dehumidification devices<\/li>\n<li>Cleanroom equipments<\/li>\n<\/ul>\n<\/div><\/div><\/div><\/div><\/div><div class=\"vc_col-sm-4 wpb_column vc_column_container\"><div class=\"vc_column-inner\"><div class=\"wpb_wrapper\"><div class=\"w-image style_shadow-1 align_center us_animate_afr\" style=\"animation-delay:0.2s\"><div class=\"w-image-h\"><img decoding=\"async\" width=\"768\" height=\"576\" src=\"https:\/\/radel-hahn.hu\/english\/wp-content\/uploads\/sites\/2\/2017\/11\/siemens_trutnov_csehorszag-768x576.jpg\" class=\"attachment-us_768_0 size-us_768_0\" alt=\"\" loading=\"lazy\" srcset=\"https:\/\/radel-hahn.hu\/english\/wp-content\/uploads\/sites\/2\/2017\/11\/siemens_trutnov_csehorszag-768x576.jpg 768w, https:\/\/radel-hahn.hu\/english\/wp-content\/uploads\/sites\/2\/2017\/11\/siemens_trutnov_csehorszag-300x225.jpg 300w, https:\/\/radel-hahn.hu\/english\/wp-content\/uploads\/sites\/2\/2017\/11\/siemens_trutnov_csehorszag.jpg 900w\" sizes=\"auto, (max-width: 768px) 100vw, 768px\" \/><\/div><\/div><\/div><\/div><\/div><div class=\"vc_col-sm-2 wpb_column vc_column_container\"><div class=\"vc_column-inner\"><div class=\"wpb_wrapper\"><\/div><\/div><\/div><\/div><\/div><\/section><section class=\"l-section wpb_row height_small\"><div class=\"l-section-h i-cf\"><div class=\"g-cols vc_row via_flex valign_top type_default stacking_default\"><div class=\"vc_col-sm-12 wpb_column vc_column_container\"><div class=\"vc_column-inner\"><div class=\"wpb_wrapper\"><div class=\"w-separator size_medium with_line width_default thick_1 style_solid color_border align_center with_content\"><div class=\"w-separator-h\"><i class=\"fas fa-arrow-down\"><\/i><\/div><\/div><div class=\"wpb_text_column\"><div class=\"wpb_wrapper\"><h3>Established in 1951<\/h3>\n<p style=\"text-align: justify;\">Our company, the <strong>Radel&amp;Hahn Zrt.<\/strong> was established under the name \u201cFine Mechanics Company of Debrecen\u201d in 1951. We were the only company in Hungary that time, who were producing laminar airflow product line, which is used in cleanrooms.<\/p>\n<p style=\"text-align: justify;\">Our company was privatised in 1992 by the Austrian firm Radel&amp;Hahn GmbH, which had already experience of many decades standing in the area of air-engineering systems and building service systems. The firm has participation not only in Hungary, but also in Ukraine and Romania.<\/p>\n<\/div><\/div><\/div><\/div><\/div><\/div><\/div><\/section><section class=\"l-section wpb_row height_auto\"><div class=\"l-section-h i-cf\"><div class=\"g-cols vc_row via_flex valign_top type_default stacking_default\"><div class=\"vc_col-sm-12 wpb_column vc_column_container\"><div class=\"vc_column-inner\"><div class=\"wpb_wrapper\"><\/div><\/div><\/div><\/div><\/div><\/section><section class=\"l-section wpb_row height_auto\"><div class=\"l-section-h i-cf\"><div class=\"g-cols vc_row via_flex valign_top type_default stacking_default\"><div class=\"vc_col-sm-12 wpb_column vc_column_container\"><div class=\"vc_column-inner\"><div class=\"wpb_wrapper\"><div class=\"w-separator size_medium with_line width_default thick_1 style_solid color_border align_center with_content\"><div class=\"w-separator-h\"><i class=\"fas fa-arrow-down\"><\/i><\/div><\/div><\/div><\/div><\/div><\/div><\/div><\/section><section class=\"l-section wpb_row height_small\"><div class=\"l-section-h i-cf\"><div class=\"g-cols vc_row via_flex valign_middle type_default stacking_default\"><div class=\"vc_col-sm-4 wpb_column vc_column_container\"><div class=\"vc_column-inner\"><div class=\"wpb_wrapper\"><div class=\"w-image style_shadow-1 align_center us_animate_afl\" style=\"animation-delay:0.2s\"><div class=\"w-image-h\"><img decoding=\"async\" width=\"768\" height=\"576\" src=\"https:\/\/radel-hahn.hu\/english\/wp-content\/uploads\/sites\/2\/2017\/11\/Getrag_Ford_Kechnec-768x576.jpg\" class=\"attachment-us_768_0 size-us_768_0\" alt=\"\" loading=\"lazy\" srcset=\"https:\/\/radel-hahn.hu\/english\/wp-content\/uploads\/sites\/2\/2017\/11\/Getrag_Ford_Kechnec-768x576.jpg 768w, https:\/\/radel-hahn.hu\/english\/wp-content\/uploads\/sites\/2\/2017\/11\/Getrag_Ford_Kechnec-300x225.jpg 300w, https:\/\/radel-hahn.hu\/english\/wp-content\/uploads\/sites\/2\/2017\/11\/Getrag_Ford_Kechnec.jpg 900w\" sizes=\"auto, (max-width: 768px) 100vw, 768px\" \/><\/div><\/div><\/div><\/div><\/div><div class=\"vc_col-sm-8 wpb_column vc_column_container\"><div class=\"vc_column-inner\"><div class=\"wpb_wrapper\"><div class=\"wpb_text_column\"><div class=\"wpb_wrapper\"><h4>Our company is a reliable partner for 70 years<\/h4>\n<p style=\"text-align: justify;\">Our devices meet the latest technical requirements, we install only such machine parts into our devices, which reliability and quality are guaranteed. We aims to manufacture world-class products at favorable price.<\/p>\n<p style=\"text-align: justify;\">As advantages of our company we can mention our modern machine park, our well educated, young and effective labour force and our reliable service department. We view our highly skilled workforce as our greatest intellectual capital. Recently we increased the requirements greately, which are raised for our colleagues, in order to ensure that our company meet the ever increasing market demands and in order to be effective and competitive. We put great emphasis on providing high quality conditions for our colleagues at their working area and we also provide opportunities for further professional developments.<\/p>\n<\/div><\/div><\/div><\/div><\/div><\/div><\/div><\/section><section class=\"l-section wpb_row height_small\"><div class=\"l-section-h i-cf\"><div class=\"g-cols vc_row via_flex valign_top type_default stacking_default\"><div class=\"vc_col-sm-12 wpb_column vc_column_container\"><div class=\"vc_column-inner\"><div class=\"wpb_wrapper\"><div class=\"w-separator size_medium with_line width_default thick_1 style_solid color_border align_center with_content\"><div class=\"w-separator-h\"><i class=\"fas fa-arrow-down\"><\/i><\/div><\/div><div class=\"wpb_text_column\"><div class=\"wpb_wrapper\"><h3>Innovation Award<\/h3>\n<\/div><\/div><\/div><\/div><\/div><\/div><\/div><\/section><section class=\"l-section wpb_row height_small\"><div class=\"l-section-h i-cf\"><div class=\"g-cols vc_row via_flex valign_middle type_default stacking_default\"><div class=\"vc_col-sm-3 wpb_column vc_column_container\"><div class=\"vc_column-inner\"><div class=\"wpb_wrapper\"><\/div><\/div><\/div><div class=\"vc_col-sm-3 wpb_column vc_column_container\"><div class=\"vc_column-inner\"><div class=\"wpb_wrapper\"><div class=\"w-image style_shadow-1 align_center us_animate_afl\" style=\"animation-delay:0.2s\"><div class=\"w-image-h\"><img decoding=\"async\" width=\"282\" height=\"399\" src=\"https:\/\/radel-hahn.hu\/english\/wp-content\/uploads\/sites\/2\/2017\/11\/oklevel.jpg\" class=\"attachment-us_768_0 size-us_768_0\" alt=\"\" loading=\"lazy\" srcset=\"https:\/\/radel-hahn.hu\/english\/wp-content\/uploads\/sites\/2\/2017\/11\/oklevel.jpg 282w, https:\/\/radel-hahn.hu\/english\/wp-content\/uploads\/sites\/2\/2017\/11\/oklevel-212x300.jpg 212w\" sizes=\"auto, (max-width: 282px) 100vw, 282px\" \/><\/div><\/div><\/div><\/div><\/div><div class=\"vc_col-sm-3 wpb_column vc_column_container\"><div class=\"vc_column-inner\"><div class=\"wpb_wrapper\"><div class=\"wpb_text_column\"><div class=\"wpb_wrapper\"><p style=\"text-align: justify;\">The Radel &amp; Hahn group was the winner of Burgenland Innovation Award 2002 by producting an EGK-WP swimming-pool dehumidifier unit with heat pump. Our advantages are the modern machine park, the well educated, young and effective labour end our reliable services.<\/p>\n<\/div><\/div><\/div><\/div><\/div><div class=\"vc_col-sm-3 wpb_column vc_column_container\"><div class=\"vc_column-inner\"><div class=\"wpb_wrapper\"><\/div><\/div><\/div><\/div><\/div><\/section><section class=\"l-section wpb_row height_auto\"><div class=\"l-section-h i-cf\"><div class=\"g-cols vc_row via_flex valign_top type_default stacking_default\"><div class=\"vc_col-sm-12 wpb_column vc_column_container\"><div class=\"vc_column-inner\"><div class=\"wpb_wrapper\"><div class=\"w-separator size_small with_line width_default thick_1 style_solid color_border align_center with_content\"><div class=\"w-separator-h\"><i class=\"fas fa-arrow-down\"><\/i><\/div><\/div><\/div><\/div><\/div><\/div><\/div><\/section><section class=\"l-section wpb_row height_small\"><div class=\"l-section-h i-cf\"><div class=\"g-cols vc_row via_flex valign_top type_default stacking_default\"><div class=\"vc_col-sm-4 wpb_column vc_column_container\"><div class=\"vc_column-inner\"><div class=\"wpb_wrapper\"><div class=\"wpb_text_column\"><div class=\"wpb_wrapper\"><h3>Certification<\/h3>\n<p>Our firm have got the MSZ EN ISO 9001:2015 and MSZ EN ISO 14001:2015 qualification in the area of planning and execution of air-conditioning and air- engineering systems, laminar air flows and their components. The qualification was carried out by the firm T\u00dcV Th\u00fcringen KFT.<\/p>\n<p><strong>Standards:\u00a0<\/strong><\/p>\n<ul>\n<li>GMP \u201eGood Manufacturing Practice\u201d guidlines<\/li>\n<li>VDI 2083 Clean air<\/li>\n<li>DIN EN ISO 14644 Clean rooms and their corresponding areas<\/li>\n<li>VDI 2167 Technical building services of hospitals<\/li>\n<li>VDI 6022 Hygienic requirements for air conditioning plants in offices and meeting rooms<\/li>\n<\/ul>\n<\/div><\/div><\/div><\/div><\/div><div class=\"vc_col-sm-4 wpb_column vc_column_container\"><div class=\"vc_column-inner\"><div class=\"wpb_wrapper\"><div class=\"w-image us_custom_d628d18a us_animate_this style_shadow-1 align_center\"><a href=\"https:\/\/radel-hahn.hu\/english\/wp-content\/uploads\/sites\/2\/2025\/06\/Radel-Hahn_QMS_TIC_eng.pdf\" aria-label=\"Radel &amp; Hahn_QMS_TIC_eng\" class=\"w-image-h\"><img decoding=\"async\" width=\"768\" height=\"1087\" src=\"https:\/\/radel-hahn.hu\/english\/wp-content\/uploads\/sites\/2\/2025\/06\/Radel-Hahn_QMS_TIC_eng-768x1087.png\" class=\"attachment-us_768_0 size-us_768_0\" alt=\"\" loading=\"lazy\" srcset=\"https:\/\/radel-hahn.hu\/english\/wp-content\/uploads\/sites\/2\/2025\/06\/Radel-Hahn_QMS_TIC_eng-768x1087.png 768w, https:\/\/radel-hahn.hu\/english\/wp-content\/uploads\/sites\/2\/2025\/06\/Radel-Hahn_QMS_TIC_eng-212x300.png 212w, https:\/\/radel-hahn.hu\/english\/wp-content\/uploads\/sites\/2\/2025\/06\/Radel-Hahn_QMS_TIC_eng-724x1024.png 724w, https:\/\/radel-hahn.hu\/english\/wp-content\/uploads\/sites\/2\/2025\/06\/Radel-Hahn_QMS_TIC_eng-600x849.png 600w, https:\/\/radel-hahn.hu\/english\/wp-content\/uploads\/sites\/2\/2025\/06\/Radel-Hahn_QMS_TIC_eng.png 841w\" sizes=\"auto, (max-width: 768px) 100vw, 768px\" \/><\/a><\/div><\/div><\/div><\/div><div class=\"vc_col-sm-4 wpb_column vc_column_container\"><div class=\"vc_column-inner\"><div class=\"wpb_wrapper\"><div class=\"w-image us_custom_d628d18a us_animate_this style_shadow-1 align_center\"><a href=\"https:\/\/radel-hahn.hu\/english\/wp-content\/uploads\/sites\/2\/2025\/06\/Radel-Hahn_UMS_TIC_eng-1.pdf\" aria-label=\"Radel &amp; Hahn_UMS_TIC_eng\" class=\"w-image-h\"><img decoding=\"async\" width=\"768\" height=\"1087\" src=\"https:\/\/radel-hahn.hu\/english\/wp-content\/uploads\/sites\/2\/2025\/06\/Radel-Hahn_UMS_TIC_eng-768x1087.png\" class=\"attachment-us_768_0 size-us_768_0\" alt=\"\" loading=\"lazy\" srcset=\"https:\/\/radel-hahn.hu\/english\/wp-content\/uploads\/sites\/2\/2025\/06\/Radel-Hahn_UMS_TIC_eng-768x1087.png 768w, https:\/\/radel-hahn.hu\/english\/wp-content\/uploads\/sites\/2\/2025\/06\/Radel-Hahn_UMS_TIC_eng-212x300.png 212w, https:\/\/radel-hahn.hu\/english\/wp-content\/uploads\/sites\/2\/2025\/06\/Radel-Hahn_UMS_TIC_eng-724x1024.png 724w, https:\/\/radel-hahn.hu\/english\/wp-content\/uploads\/sites\/2\/2025\/06\/Radel-Hahn_UMS_TIC_eng-600x849.png 600w, https:\/\/radel-hahn.hu\/english\/wp-content\/uploads\/sites\/2\/2025\/06\/Radel-Hahn_UMS_TIC_eng.png 841w\" sizes=\"auto, (max-width: 768px) 100vw, 768px\" \/><\/a><\/div><\/div><\/div><\/div><\/div><\/div><\/section><section class=\"l-section wpb_row height_auto\"><div class=\"l-section-h i-cf\"><div class=\"g-cols vc_row via_flex valign_top type_default stacking_default\"><div class=\"vc_col-sm-12 wpb_column vc_column_container\"><div class=\"vc_column-inner\"><div class=\"wpb_wrapper\"><div class=\"w-separator size_small with_line width_default thick_1 style_solid color_border align_center with_content\"><div class=\"w-separator-h\"><i class=\"fas fa-arrow-down\"><\/i><\/div><\/div><\/div><\/div><\/div><\/div><\/div><\/section><section class=\"l-section wpb_row height_small\"><div class=\"l-section-h i-cf\"><div class=\"g-cols vc_row via_flex valign_middle type_default stacking_default\"><div class=\"vc_col-sm-4 wpb_column vc_column_container\"><div class=\"vc_column-inner\"><div class=\"wpb_wrapper\"><div class=\"w-image us_custom_a640122a us_animate_this style_shadow-1 align_center\"><a href=\"https:\/\/radel-hahn.hu\/english\/wp-content\/uploads\/sites\/2\/2022\/12\/RADEL_EK-TA\u0301T_1415-CPR-48-C-10-2016_20190208_Kiadas6.pdf\" aria-label=\"RADEL_EK-TA\u0301T_1415-CPR-48-C-10-2016_20190208_Kiadas6\" class=\"w-image-h\"><img decoding=\"async\" width=\"768\" height=\"1086\" src=\"https:\/\/radel-hahn.hu\/english\/wp-content\/uploads\/sites\/2\/2022\/12\/RADEL_EK-TA\u0301T_1415-CPR-48-C-10-2016_20190208_Kiadas6-768x1086.jpg\" class=\"attachment-us_768_0 size-us_768_0\" alt=\"\" loading=\"lazy\" srcset=\"https:\/\/radel-hahn.hu\/english\/wp-content\/uploads\/sites\/2\/2022\/12\/RADEL_EK-TA\u0301T_1415-CPR-48-C-10-2016_20190208_Kiadas6-768x1086.jpg 768w, https:\/\/radel-hahn.hu\/english\/wp-content\/uploads\/sites\/2\/2022\/12\/RADEL_EK-TA\u0301T_1415-CPR-48-C-10-2016_20190208_Kiadas6-212x300.jpg 212w, https:\/\/radel-hahn.hu\/english\/wp-content\/uploads\/sites\/2\/2022\/12\/RADEL_EK-TA\u0301T_1415-CPR-48-C-10-2016_20190208_Kiadas6-724x1024.jpg 724w, https:\/\/radel-hahn.hu\/english\/wp-content\/uploads\/sites\/2\/2022\/12\/RADEL_EK-TA\u0301T_1415-CPR-48-C-10-2016_20190208_Kiadas6-600x849.jpg 600w, https:\/\/radel-hahn.hu\/english\/wp-content\/uploads\/sites\/2\/2022\/12\/RADEL_EK-TA\u0301T_1415-CPR-48-C-10-2016_20190208_Kiadas6-scaled.jpg 1810w\" sizes=\"auto, (max-width: 768px) 100vw, 768px\" \/><\/a><\/div><\/div><\/div><\/div><div class=\"vc_col-sm-8 wpb_column vc_column_container\"><div class=\"vc_column-inner\"><div class=\"wpb_wrapper\"><div class=\"wpb_text_column\"><div class=\"wpb_wrapper\"><h3>EK- Performance Permanence Certificate &#8211; smoke and heat control system<\/h3>\n<p>Our heat and smoke extraction duct systems get the <strong>No. 1415-CPR\u201348-(C-10\/2016) EK- Performance Permanence Certificate<\/strong> after the after classification conducted by \u00c9MI \u00c9p\u00edt\u00e9s\u00fcgyi Min\u0151s\u00e9gellen\u0151rz\u0151 Innov\u00e1ci\u00f3s Nonprofit Kft based on the European Parliament and Committee decree No.305\/2011\/EU.<\/p>\n<p>This certification proves that our produced rectangular-, and circular cross section heat and smoke extraction duct system meets all the requirements specified in the ZA attachment of standard No. EN 12101-7:2011 (1) system.<\/p>\n<p style=\"margin: 0cm; margin-bottom: .0001pt;\"><span style=\"font-size: 11.5pt; font-family: 'Century Gothic',sans-serif; color: #333333;\">\u00a0<\/span><\/p>\n<\/div><\/div><\/div><\/div><\/div><\/div><\/div><\/section><section class=\"l-section wpb_row height_auto\"><div class=\"l-section-h i-cf\"><div class=\"g-cols vc_row via_flex valign_top type_default stacking_default\"><div class=\"vc_col-sm-12 wpb_column vc_column_container\"><div class=\"vc_column-inner\"><div class=\"wpb_wrapper\"><div class=\"w-separator size_small with_line width_default thick_1 style_solid color_border align_center\"><div class=\"w-separator-h\"><\/div><\/div><\/div><\/div><\/div><\/div><\/div><\/section><section class=\"l-section wpb_row height_small\"><div class=\"l-section-h i-cf\"><div class=\"g-cols vc_row via_flex valign_top type_default stacking_default\"><div class=\"vc_col-sm-12 wpb_column vc_column_container\"><div class=\"vc_column-inner\"><div class=\"wpb_wrapper\"><div class=\"wpb_text_column\"><div class=\"wpb_wrapper\"><p style=\"text-align: center;\"><a href=\"https:\/\/radel-hahn.hu\/wp-content\/uploads\/2019\/11\/RH-cegismerteto-1.pdf\" target=\"_blank\" rel=\"noopener noreferrer\"><strong><img loading=\"lazy\" decoding=\"async\" class=\"size-full wp-image-2348 alignnone\" src=\"https:\/\/radel-hahn.hu\/english\/wp-content\/uploads\/sites\/2\/2018\/03\/logo16v3.png\" alt=\"\" width=\"16\" height=\"14\" \/> Download the brochure about our company<\/strong><\/a><\/p>\n<\/div><\/div><\/div><\/div><\/div><\/div><\/div><\/section>\n","protected":false},"excerpt":{"rendered":"About Us The main profile of the Hungarian\u00a0Radel &amp; Hahn\u00a0embraces the\u00a0whole area of air-engineering.\u00a0Our corporation deals with\u00a0planning, production, servicing and\u00a0 maintenace of air-engineering systems, clean room-engineering devices and building service systems.Thereby we can reach not only the leading position in production devepoment, but our products correspond to the most austere engineering and environmental regulations. PRODUCT...","protected":false},"author":1,"featured_media":0,"parent":0,"menu_order":0,"comment_status":"closed","ping_status":"closed","template":"","meta":{"footnotes":""},"class_list":["post-936","page","type-page","status-publish","hentry"],"yoast_head":"<!-- This site is optimized with the Yoast SEO plugin v27.5 - https:\/\/yoast.com\/product\/yoast-seo-wordpress\/ -->\n<title>About Us - Radel &amp; Hahn Zrt - English<\/title>\n<meta name=\"description\" content=\"Design and manufacture of ventilation systems, clean rooms, air conditioning systems and complete building services systems.\" \/>\n<meta name=\"robots\" content=\"index, follow, max-snippet:-1, max-image-preview:large, max-video-preview:-1\" \/>\n<link rel=\"canonical\" href=\"https:\/\/radel-hahn.hu\/english\/about-us\/\" \/>\n<meta property=\"og:locale\" content=\"en_GB\" \/>\n<meta property=\"og:type\" content=\"article\" \/>\n<meta property=\"og:title\" content=\"About Us - Radel &amp; Hahn Zrt - English\" \/>\n<meta property=\"og:description\" content=\"Design and manufacture of ventilation systems, clean rooms, air conditioning systems and complete building services systems.\" \/>\n<meta property=\"og:url\" content=\"https:\/\/radel-hahn.hu\/english\/about-us\/\" \/>\n<meta property=\"og:site_name\" content=\"Radel &amp; Hahn Zrt - English\" \/>\n<meta property=\"article:modified_time\" content=\"2025-06-29T09:35:14+00:00\" \/>\n<meta property=\"og:image\" content=\"https:\/\/radel-hahn.hu\/english\/wp-content\/uploads\/sites\/2\/2018\/03\/logo16v3.png\" \/>\n<meta name=\"twitter:card\" content=\"summary_large_image\" \/>\n<meta name=\"twitter:label1\" content=\"Estimated reading time\" \/>\n\t<meta name=\"twitter:data1\" content=\"3 minutes\" \/>\n<script type=\"application\/ld+json\" class=\"yoast-schema-graph\">{\"@context\":\"https:\\\/\\\/schema.org\",\"@graph\":[{\"@type\":\"WebPage\",\"@id\":\"https:\\\/\\\/radel-hahn.hu\\\/english\\\/about-us\\\/\",\"url\":\"https:\\\/\\\/radel-hahn.hu\\\/english\\\/about-us\\\/\",\"name\":\"About Us - Radel &amp; Hahn Zrt - English\",\"isPartOf\":{\"@id\":\"https:\\\/\\\/radel-hahn.hu\\\/english\\\/#website\"},\"primaryImageOfPage\":{\"@id\":\"https:\\\/\\\/radel-hahn.hu\\\/english\\\/about-us\\\/#primaryimage\"},\"image\":{\"@id\":\"https:\\\/\\\/radel-hahn.hu\\\/english\\\/about-us\\\/#primaryimage\"},\"thumbnailUrl\":\"https:\\\/\\\/radel-hahn.hu\\\/english\\\/wp-content\\\/uploads\\\/sites\\\/2\\\/2018\\\/03\\\/logo16v3.png\",\"datePublished\":\"2017-11-13T17:08:19+00:00\",\"dateModified\":\"2025-06-29T09:35:14+00:00\",\"description\":\"Design and manufacture of ventilation systems, clean rooms, air conditioning systems and complete building services systems.\",\"breadcrumb\":{\"@id\":\"https:\\\/\\\/radel-hahn.hu\\\/english\\\/about-us\\\/#breadcrumb\"},\"inLanguage\":\"en-GB\",\"potentialAction\":[{\"@type\":\"ReadAction\",\"target\":[\"https:\\\/\\\/radel-hahn.hu\\\/english\\\/about-us\\\/\"]}]},{\"@type\":\"ImageObject\",\"inLanguage\":\"en-GB\",\"@id\":\"https:\\\/\\\/radel-hahn.hu\\\/english\\\/about-us\\\/#primaryimage\",\"url\":\"https:\\\/\\\/radel-hahn.hu\\\/english\\\/wp-content\\\/uploads\\\/sites\\\/2\\\/2018\\\/03\\\/logo16v3.png\",\"contentUrl\":\"https:\\\/\\\/radel-hahn.hu\\\/english\\\/wp-content\\\/uploads\\\/sites\\\/2\\\/2018\\\/03\\\/logo16v3.png\"},{\"@type\":\"BreadcrumbList\",\"@id\":\"https:\\\/\\\/radel-hahn.hu\\\/english\\\/about-us\\\/#breadcrumb\",\"itemListElement\":[{\"@type\":\"ListItem\",\"position\":1,\"name\":\"Home\",\"item\":\"https:\\\/\\\/radel-hahn.hu\\\/english\\\/\"},{\"@type\":\"ListItem\",\"position\":2,\"name\":\"About Us\"}]},{\"@type\":\"WebSite\",\"@id\":\"https:\\\/\\\/radel-hahn.hu\\\/english\\\/#website\",\"url\":\"https:\\\/\\\/radel-hahn.hu\\\/english\\\/\",\"name\":\"Radel &amp; Hahn Zrt - English\",\"description\":\"Radel &amp; Hahn Zrt - English\",\"potentialAction\":[{\"@type\":\"SearchAction\",\"target\":{\"@type\":\"EntryPoint\",\"urlTemplate\":\"https:\\\/\\\/radel-hahn.hu\\\/english\\\/?s={search_term_string}\"},\"query-input\":{\"@type\":\"PropertyValueSpecification\",\"valueRequired\":true,\"valueName\":\"search_term_string\"}}],\"inLanguage\":\"en-GB\"}]}<\/script>\n<!-- \/ Yoast SEO plugin. -->","yoast_head_json":{"title":"About Us - Radel &amp; Hahn Zrt - English","description":"Design and manufacture of ventilation systems, clean rooms, air conditioning systems and complete building services systems.","robots":{"index":"index","follow":"follow","max-snippet":"max-snippet:-1","max-image-preview":"max-image-preview:large","max-video-preview":"max-video-preview:-1"},"canonical":"https:\/\/radel-hahn.hu\/english\/about-us\/","og_locale":"en_GB","og_type":"article","og_title":"About Us - Radel &amp; Hahn Zrt - English","og_description":"Design and manufacture of ventilation systems, clean rooms, air conditioning systems and complete building services systems.","og_url":"https:\/\/radel-hahn.hu\/english\/about-us\/","og_site_name":"Radel &amp; Hahn Zrt - English","article_modified_time":"2025-06-29T09:35:14+00:00","og_image":[{"url":"https:\/\/radel-hahn.hu\/english\/wp-content\/uploads\/sites\/2\/2018\/03\/logo16v3.png","type":"","width":"","height":""}],"twitter_card":"summary_large_image","twitter_misc":{"Estimated reading time":"3 minutes"},"schema":{"@context":"https:\/\/schema.org","@graph":[{"@type":"WebPage","@id":"https:\/\/radel-hahn.hu\/english\/about-us\/","url":"https:\/\/radel-hahn.hu\/english\/about-us\/","name":"About Us - Radel &amp; Hahn Zrt - English","isPartOf":{"@id":"https:\/\/radel-hahn.hu\/english\/#website"},"primaryImageOfPage":{"@id":"https:\/\/radel-hahn.hu\/english\/about-us\/#primaryimage"},"image":{"@id":"https:\/\/radel-hahn.hu\/english\/about-us\/#primaryimage"},"thumbnailUrl":"https:\/\/radel-hahn.hu\/english\/wp-content\/uploads\/sites\/2\/2018\/03\/logo16v3.png","datePublished":"2017-11-13T17:08:19+00:00","dateModified":"2025-06-29T09:35:14+00:00","description":"Design and manufacture of ventilation systems, clean rooms, air conditioning systems and complete building services systems.","breadcrumb":{"@id":"https:\/\/radel-hahn.hu\/english\/about-us\/#breadcrumb"},"inLanguage":"en-GB","potentialAction":[{"@type":"ReadAction","target":["https:\/\/radel-hahn.hu\/english\/about-us\/"]}]},{"@type":"ImageObject","inLanguage":"en-GB","@id":"https:\/\/radel-hahn.hu\/english\/about-us\/#primaryimage","url":"https:\/\/radel-hahn.hu\/english\/wp-content\/uploads\/sites\/2\/2018\/03\/logo16v3.png","contentUrl":"https:\/\/radel-hahn.hu\/english\/wp-content\/uploads\/sites\/2\/2018\/03\/logo16v3.png"},{"@type":"BreadcrumbList","@id":"https:\/\/radel-hahn.hu\/english\/about-us\/#breadcrumb","itemListElement":[{"@type":"ListItem","position":1,"name":"Home","item":"https:\/\/radel-hahn.hu\/english\/"},{"@type":"ListItem","position":2,"name":"About Us"}]},{"@type":"WebSite","@id":"https:\/\/radel-hahn.hu\/english\/#website","url":"https:\/\/radel-hahn.hu\/english\/","name":"Radel &amp; Hahn Zrt - English","description":"Radel &amp; Hahn Zrt - English","potentialAction":[{"@type":"SearchAction","target":{"@type":"EntryPoint","urlTemplate":"https:\/\/radel-hahn.hu\/english\/?s={search_term_string}"},"query-input":{"@type":"PropertyValueSpecification","valueRequired":true,"valueName":"search_term_string"}}],"inLanguage":"en-GB"}]}},"_links":{"self":[{"href":"https:\/\/radel-hahn.hu\/english\/wp-json\/wp\/v2\/pages\/936","targetHints":{"allow":["GET"]}}],"collection":[{"href":"https:\/\/radel-hahn.hu\/english\/wp-json\/wp\/v2\/pages"}],"about":[{"href":"https:\/\/radel-hahn.hu\/english\/wp-json\/wp\/v2\/types\/page"}],"author":[{"embeddable":true,"href":"https:\/\/radel-hahn.hu\/english\/wp-json\/wp\/v2\/users\/1"}],"replies":[{"embeddable":true,"href":"https:\/\/radel-hahn.hu\/english\/wp-json\/wp\/v2\/comments?post=936"}],"version-history":[{"count":18,"href":"https:\/\/radel-hahn.hu\/english\/wp-json\/wp\/v2\/pages\/936\/revisions"}],"predecessor-version":[{"id":4120,"href":"https:\/\/radel-hahn.hu\/english\/wp-json\/wp\/v2\/pages\/936\/revisions\/4120"}],"wp:attachment":[{"href":"https:\/\/radel-hahn.hu\/english\/wp-json\/wp\/v2\/media?parent=936"}],"curies":[{"name":"wp","href":"https:\/\/api.w.org\/{rel}","templated":true}]}}