{"id":994,"date":"2017-11-13T18:38:39","date_gmt":"2017-11-13T17:38:39","guid":{"rendered":"https:\/\/radel-hahn.hu\/?page_id=994"},"modified":"2022-03-16T14:35:34","modified_gmt":"2022-03-16T13:35:34","slug":"produkte","status":"publish","type":"page","link":"https:\/\/radel-hahn.hu\/deutsch\/produkte\/","title":{"rendered":"Produkte"},"content":{"rendered":"<section class=\"l-section wpb_row height_small\"><div class=\"l-section-h i-cf\"><div class=\"g-cols vc_row via_flex valign_top type_default stacking_default\"><div class=\"vc_col-sm-4 wpb_column vc_column_container\"><div class=\"vc_column-inner\"><div class=\"wpb_wrapper\">[vc_wp_custommenu title=&#8220;Produktangebot&#8220; nav_menu=&#8220;52&#8243;]<\/div><\/div><\/div><div class=\"vc_col-sm-4 wpb_column vc_column_container\"><div class=\"vc_column-inner\"><div class=\"wpb_wrapper\"><div class=\"wpb_text_column\"><div class=\"wpb_wrapper\"><h3><strong><span style=\"color: windowtext;\">Produkte von<br \/>\n<\/span><span style=\"color: windowtext;\">Radel &amp; Hahn Zrt<\/span><\/strong><\/h3>\n<p style=\"text-align: justify;\">Unsere Produkte \u00fcberzeugen durch Funktionalit\u00e4t und Qualit\u00e4t. Auf Wunsch erzeugen wir ma\u00dfgeschneiderte L\u00fcftungs- und Klimaanlagen, die genau zu Ihren Bed\u00fcrfnissen passen.<br \/>\nUnsere Ger\u00e4te und Anlagen stammen \u00fcberwiegend aus eigener Produktion. Unser Produktionswerk in Debrecen verf\u00fcgt \u00fcber zahlreiche moderne Produktionsmaschinen. Somit k\u00f6nnen wir einen hohen Qualit\u00e4tsstandard sicherstellen.<\/p>\n<h5><strong>Radel &amp; Hahn Produktpalette:<\/strong><\/h5>\n<ul>\n<li>Klimaanlagen und L\u00fcftungsanlagen f\u00fcr Luftmengen von 1000 bis 90 000 m<sup>3<\/sup>\/h<\/li>\n<li>Roof-top Ger\u00e4te<\/li>\n<li>Trocknungsanlagen<\/li>\n<li>K\u00e4ltetechnik und K\u00e4lteanlagen<\/li>\n<li>Entfeuchtungsanlagen f\u00fcr Schwimmhallen, Schwimmbadklima<\/li>\n<li>Luftkan\u00e4le, Spirorohre<\/li>\n<li>Jalousieklappen<\/li>\n<li>Zuluftelemente mit Anemostaten<\/li>\n<li>Industrieausl\u00e4sse<\/li>\n<li>Sonderelemente<\/li>\n<li>Prozesstechnik (Druckluft, Vakuum, Prozessk\u00fchlung)<\/li>\n<li>Haustechnik (komplette Anlagen f\u00fcr Heizung, Klima, L\u00fcftung und Sanit\u00e4r)<\/li>\n<li>Reinraumtechnik<\/li>\n<li>Laminarflowger\u00e4te<\/li>\n<li>Luftduschkabine<\/li>\n<li>Ausl\u00e4sse mit HEPA-Filter<\/li>\n<\/ul>\n<p><strong>All unsere Produktprospekte zum Downloaden:<\/strong><\/p>\n<ul style=\"list-style-image: url('https:\/\/radel-hahn.hu\/wp-content\/uploads\/2018\/03\/logo16v3.png'); list-style-position: inherit;\">\n<li style=\"list-style-type: none;\"><strong><a href=\"https:\/\/radel-hahn.hu\/deutsch\/wp-content\/uploads\/sites\/3\/2022\/03\/Radel-Hahn-Gesamtprospekt_2022.pdf\" target=\"_blank\" rel=\"noopener noreferrer\">Radel&#038;Hahn Gesamtprospekt<\/a><\/strong><\/li>\n<li style=\"list-style-type: none;\"><strong><a href=\"https:\/\/radel-hahn.hu\/deutsch\/wp-content\/uploads\/sites\/3\/2022\/03\/Luftungsgerate_M_Serie_2021_2022.pdf\" target=\"_blank\" rel=\"noopener noreferrer\">L\u00fcftungsger\u00e4te M-Serie<\/a><\/strong><\/li>\n<li style=\"list-style-type: none;\"><strong><a href=\"https:\/\/radel-hahn.hu\/deutsch\/wp-content\/uploads\/sites\/3\/2017\/12\/roof_top_prospekt_2013.pdf\" target=\"_blank\" rel=\"noopener noreferrer\">Roof-Top Ger\u00e4te<\/a><\/strong><\/li>\n<li style=\"list-style-type: none;\"><strong><a href=\"https:\/\/radel-hahn.hu\/deutsch\/wp-content\/uploads\/sites\/3\/2017\/12\/Kompakt_deutsch.pdf\" target=\"_blank\" rel=\"noopener noreferrer\">Kompakte L\u00fcftungsger\u00e4te<\/a><\/strong><\/li>\n<li style=\"list-style-type: none;\"><strong><a href=\"https:\/\/radel-hahn.hu\/deutsch\/wp-content\/uploads\/sites\/3\/2017\/12\/KUHLBALKEN.pdf\" target=\"_blank\" rel=\"noopener noreferrer\">Klimabalken<\/a><\/strong><\/li>\n<li style=\"list-style-type: none;\"><strong><a href=\"https:\/\/radel-hahn.hu\/deutsch\/wp-content\/uploads\/sites\/3\/2020\/11\/Luftkanal_V2.pdf\" target=\"_blank\" rel=\"noopener noreferrer\">Viereckige und runde Luftkan\u00e4le und Formst\u00fccke<\/a><\/strong><\/li>\n<li style=\"list-style-type: none;\"><strong><a href=\"https:\/\/radel-hahn.hu\/deutsch\/wp-content\/uploads\/sites\/3\/2017\/12\/Jalousieklappe.pdf\" target=\"_blank\" rel=\"noopener noreferrer\">Jalousieklappen<\/a><\/strong><\/li>\n<li style=\"list-style-type: none;\"><strong><a href=\"https:\/\/radel-hahn.hu\/deutsch\/wp-content\/uploads\/sites\/3\/2017\/12\/Luftkanal.pdf\" target=\"_blank\" rel=\"noopener noreferrer\">Drallausl\u00e4sse<\/a><\/strong><\/li>\n<li style=\"list-style-type: none;\"><strong><a href=\"https:\/\/radel-hahn.hu\/deutsch\/wp-content\/uploads\/sites\/3\/2017\/12\/Industriedurchlasse_Typ_RA.pdf\" target=\"_blank\" rel=\"noopener noreferrer\">Industriedurchl\u00e4sse<\/a><\/strong><\/li>\n<li style=\"list-style-type: none;\"><strong><a href=\"https:\/\/radel-hahn.hu\/deutsch\/wp-content\/uploads\/sites\/3\/2017\/12\/Laminarboxen.pdf\" target=\"_blank\" rel=\"noopener noreferrer\">Reinr\u00e4ume<\/a><\/strong><\/li>\n<li style=\"list-style-type: none;\"><strong><a href=\"https:\/\/radel-hahn.hu\/deutsch\/wp-content\/uploads\/sites\/3\/2017\/12\/2018_Messung-der-Reinr\u00e4ume.pdf\" target=\"_blank\" rel=\"noopener noreferrer\">Messung der Reinr\u00e4ume<\/a><\/strong><\/li>\n<li style=\"list-style-type: none;\"><strong><a href=\"https:\/\/radel-hahn.hu\/deutsch\/wp-content\/uploads\/sites\/3\/2017\/12\/Laminarboxen.pdf\" target=\"_blank\" rel=\"noopener noreferrer\">Laminarboxen<\/a><\/strong><\/li>\n<li style=\"list-style-type: none;\"><strong><a href=\"https:\/\/radel-hahn.hu\/deutsch\/wp-content\/uploads\/sites\/3\/2017\/12\/Laminarboxen.pdf\" target=\"_blank\" rel=\"noopener noreferrer\">Reinraumtechnische Sonderger\u00e4te und Sonderanlagen<\/a><\/strong><\/li>\n<li style=\"list-style-type: none;\"><strong><a href=\"https:\/\/radel-hahn.hu\/deutsch\/wp-content\/uploads\/sites\/3\/2017\/12\/Laminarboxen.pdf\" target=\"_blank\" rel=\"noopener noreferrer\">Kleintierboxen<\/a><\/strong><\/li>\n<li style=\"list-style-type: none;\"><strong><a href=\"https:\/\/radel-hahn.hu\/deutsch\/wp-content\/uploads\/sites\/3\/2022\/03\/Luftduschkabine__2022.pdf\" target=\"_blank\" rel=\"noopener noreferrer\">Luftduschkabine<\/a><\/strong><\/li>\n<li style=\"list-style-type: none;\"><strong><a href=\"https:\/\/radel-hahn.hu\/deutsch\/wp-content\/uploads\/sites\/3\/2017\/12\/ZuluftkastenHEPA-Filter.pdf\" target=\"_blank\" rel=\"noopener noreferrer\">Zuluftkasten mit HEPA-Hochreinigungsfilter<\/a><\/strong><\/li>\n<li style=\"list-style-type: none;\"><strong><a href=\"https:\/\/radel-hahn.hu\/deutsch\/wp-content\/uploads\/sites\/3\/2017\/12\/Schwimmbadklima.pdf\" target=\"_blank\" rel=\"noopener noreferrer\">Schwimmbadentfeuchtungsger\u00e4te<\/a><\/strong><\/li>\n<\/ul>\n<\/div><\/div><\/div><\/div><\/div><div class=\"vc_col-sm-4 wpb_column vc_column_container\"><div class=\"vc_column-inner\"><div class=\"wpb_wrapper\"><div class=\"w-image style_shadow-1 align_center us_animate_afb\" style=\"animation-delay:0.2s\"><div class=\"w-image-h\"><img decoding=\"async\" width=\"768\" height=\"1024\" src=\"https:\/\/radel-hahn.hu\/deutsch\/wp-content\/uploads\/sites\/3\/2018\/01\/2012-05-24-RH-S\u00e4ule1-768x1024.jpg\" class=\"attachment-us_768_0 size-us_768_0\" alt=\"\" loading=\"lazy\" srcset=\"https:\/\/radel-hahn.hu\/deutsch\/wp-content\/uploads\/sites\/3\/2018\/01\/2012-05-24-RH-S\u00e4ule1-768x1024.jpg 768w, https:\/\/radel-hahn.hu\/deutsch\/wp-content\/uploads\/sites\/3\/2018\/01\/2012-05-24-RH-S\u00e4ule1-225x300.jpg 225w, https:\/\/radel-hahn.hu\/deutsch\/wp-content\/uploads\/sites\/3\/2018\/01\/2012-05-24-RH-S\u00e4ule1.jpg 1536w\" sizes=\"auto, (max-width: 768px) 100vw, 768px\" \/><\/div><\/div><\/div><\/div><\/div><\/div><\/div><\/section>\n","protected":false},"excerpt":{"rendered":"[vc_wp_custommenu title=\"Produktangebot\" nav_menu=\"52\"] Produkte von Radel &amp; Hahn Zrt Unsere Produkte \u00fcberzeugen durch Funktionalit\u00e4t und Qualit\u00e4t. Auf Wunsch erzeugen wir ma\u00dfgeschneiderte L\u00fcftungs- und Klimaanlagen, die genau zu Ihren Bed\u00fcrfnissen passen. Unsere Ger\u00e4te und Anlagen stammen \u00fcberwiegend aus eigener Produktion. Unser Produktionswerk in Debrecen verf\u00fcgt \u00fcber zahlreiche moderne Produktionsmaschinen. Somit k\u00f6nnen wir einen hohen Qualit\u00e4tsstandard sicherstellen....","protected":false},"author":1,"featured_media":0,"parent":0,"menu_order":0,"comment_status":"closed","ping_status":"closed","template":"","meta":{"footnotes":""},"class_list":["post-994","page","type-page","status-publish","hentry"],"yoast_head":"<!-- This site is optimized with the Yoast SEO plugin v27.5 - https:\/\/yoast.com\/product\/yoast-seo-wordpress\/ -->\n<title>Produkte - Radel &amp; Hahn Zrt - Deutsch<\/title>\n<meta name=\"robots\" content=\"index, follow, max-snippet:-1, max-image-preview:large, max-video-preview:-1\" \/>\n<link rel=\"canonical\" href=\"https:\/\/radel-hahn.hu\/deutsch\/produkte\/\" \/>\n<meta property=\"og:locale\" content=\"de_DE\" \/>\n<meta property=\"og:type\" content=\"article\" \/>\n<meta property=\"og:title\" content=\"Produkte - Radel &amp; Hahn Zrt - Deutsch\" \/>\n<meta property=\"og:url\" content=\"https:\/\/radel-hahn.hu\/deutsch\/produkte\/\" \/>\n<meta property=\"og:site_name\" content=\"Radel &amp; Hahn Zrt - Deutsch\" \/>\n<meta property=\"article:modified_time\" content=\"2022-03-16T13:35:34+00:00\" \/>\n<meta name=\"twitter:card\" content=\"summary_large_image\" \/>\n<meta name=\"twitter:label1\" content=\"Gesch\u00e4tzte Lesezeit\" \/>\n\t<meta name=\"twitter:data1\" content=\"1\u00a0Minute\" \/>\n<script type=\"application\/ld+json\" class=\"yoast-schema-graph\">{\"@context\":\"https:\\\/\\\/schema.org\",\"@graph\":[{\"@type\":\"WebPage\",\"@id\":\"https:\\\/\\\/radel-hahn.hu\\\/deutsch\\\/produkte\\\/\",\"url\":\"https:\\\/\\\/radel-hahn.hu\\\/deutsch\\\/produkte\\\/\",\"name\":\"Produkte - Radel &amp; Hahn Zrt - Deutsch\",\"isPartOf\":{\"@id\":\"https:\\\/\\\/radel-hahn.hu\\\/deutsch\\\/#website\"},\"datePublished\":\"2017-11-13T17:38:39+00:00\",\"dateModified\":\"2022-03-16T13:35:34+00:00\",\"breadcrumb\":{\"@id\":\"https:\\\/\\\/radel-hahn.hu\\\/deutsch\\\/produkte\\\/#breadcrumb\"},\"inLanguage\":\"de\",\"potentialAction\":[{\"@type\":\"ReadAction\",\"target\":[\"https:\\\/\\\/radel-hahn.hu\\\/deutsch\\\/produkte\\\/\"]}]},{\"@type\":\"BreadcrumbList\",\"@id\":\"https:\\\/\\\/radel-hahn.hu\\\/deutsch\\\/produkte\\\/#breadcrumb\",\"itemListElement\":[{\"@type\":\"ListItem\",\"position\":1,\"name\":\"Startseite\",\"item\":\"https:\\\/\\\/radel-hahn.hu\\\/deutsch\\\/\"},{\"@type\":\"ListItem\",\"position\":2,\"name\":\"Produkte\"}]},{\"@type\":\"WebSite\",\"@id\":\"https:\\\/\\\/radel-hahn.hu\\\/deutsch\\\/#website\",\"url\":\"https:\\\/\\\/radel-hahn.hu\\\/deutsch\\\/\",\"name\":\"Radel &amp; Hahn Zrt - Deutsch\",\"description\":\"Radel &amp; Hahn Zrt - Deutsch\",\"potentialAction\":[{\"@type\":\"SearchAction\",\"target\":{\"@type\":\"EntryPoint\",\"urlTemplate\":\"https:\\\/\\\/radel-hahn.hu\\\/deutsch\\\/?s={search_term_string}\"},\"query-input\":{\"@type\":\"PropertyValueSpecification\",\"valueRequired\":true,\"valueName\":\"search_term_string\"}}],\"inLanguage\":\"de\"}]}<\/script>\n<!-- \/ Yoast SEO plugin. -->","yoast_head_json":{"title":"Produkte - Radel &amp; Hahn Zrt - Deutsch","robots":{"index":"index","follow":"follow","max-snippet":"max-snippet:-1","max-image-preview":"max-image-preview:large","max-video-preview":"max-video-preview:-1"},"canonical":"https:\/\/radel-hahn.hu\/deutsch\/produkte\/","og_locale":"de_DE","og_type":"article","og_title":"Produkte - Radel &amp; Hahn Zrt - Deutsch","og_url":"https:\/\/radel-hahn.hu\/deutsch\/produkte\/","og_site_name":"Radel &amp; Hahn Zrt - Deutsch","article_modified_time":"2022-03-16T13:35:34+00:00","twitter_card":"summary_large_image","twitter_misc":{"Gesch\u00e4tzte Lesezeit":"1\u00a0Minute"},"schema":{"@context":"https:\/\/schema.org","@graph":[{"@type":"WebPage","@id":"https:\/\/radel-hahn.hu\/deutsch\/produkte\/","url":"https:\/\/radel-hahn.hu\/deutsch\/produkte\/","name":"Produkte - Radel &amp; Hahn Zrt - Deutsch","isPartOf":{"@id":"https:\/\/radel-hahn.hu\/deutsch\/#website"},"datePublished":"2017-11-13T17:38:39+00:00","dateModified":"2022-03-16T13:35:34+00:00","breadcrumb":{"@id":"https:\/\/radel-hahn.hu\/deutsch\/produkte\/#breadcrumb"},"inLanguage":"de","potentialAction":[{"@type":"ReadAction","target":["https:\/\/radel-hahn.hu\/deutsch\/produkte\/"]}]},{"@type":"BreadcrumbList","@id":"https:\/\/radel-hahn.hu\/deutsch\/produkte\/#breadcrumb","itemListElement":[{"@type":"ListItem","position":1,"name":"Startseite","item":"https:\/\/radel-hahn.hu\/deutsch\/"},{"@type":"ListItem","position":2,"name":"Produkte"}]},{"@type":"WebSite","@id":"https:\/\/radel-hahn.hu\/deutsch\/#website","url":"https:\/\/radel-hahn.hu\/deutsch\/","name":"Radel &amp; Hahn Zrt - Deutsch","description":"Radel &amp; Hahn Zrt - Deutsch","potentialAction":[{"@type":"SearchAction","target":{"@type":"EntryPoint","urlTemplate":"https:\/\/radel-hahn.hu\/deutsch\/?s={search_term_string}"},"query-input":{"@type":"PropertyValueSpecification","valueRequired":true,"valueName":"search_term_string"}}],"inLanguage":"de"}]}},"_links":{"self":[{"href":"https:\/\/radel-hahn.hu\/deutsch\/wp-json\/wp\/v2\/pages\/994","targetHints":{"allow":["GET"]}}],"collection":[{"href":"https:\/\/radel-hahn.hu\/deutsch\/wp-json\/wp\/v2\/pages"}],"about":[{"href":"https:\/\/radel-hahn.hu\/deutsch\/wp-json\/wp\/v2\/types\/page"}],"author":[{"embeddable":true,"href":"https:\/\/radel-hahn.hu\/deutsch\/wp-json\/wp\/v2\/users\/1"}],"replies":[{"embeddable":true,"href":"https:\/\/radel-hahn.hu\/deutsch\/wp-json\/wp\/v2\/comments?post=994"}],"version-history":[{"count":10,"href":"https:\/\/radel-hahn.hu\/deutsch\/wp-json\/wp\/v2\/pages\/994\/revisions"}],"predecessor-version":[{"id":5814,"href":"https:\/\/radel-hahn.hu\/deutsch\/wp-json\/wp\/v2\/pages\/994\/revisions\/5814"}],"wp:attachment":[{"href":"https:\/\/radel-hahn.hu\/deutsch\/wp-json\/wp\/v2\/media?parent=994"}],"curies":[{"name":"wp","href":"https:\/\/api.w.org\/{rel}","templated":true}]}}