{"id":988,"date":"2017-11-13T18:32:20","date_gmt":"2017-11-13T17:32:20","guid":{"rendered":"https:\/\/radel-hahn.hu\/?page_id=988"},"modified":"2022-06-27T19:12:40","modified_gmt":"2022-06-27T17:12:40","slug":"reinraumtechnik","status":"publish","type":"page","link":"https:\/\/radel-hahn.hu\/deutsch\/reinraumtechnik\/","title":{"rendered":"Reinraumtechnik"},"content":{"rendered":"<section class=\"l-section wpb_row height_small\"><div class=\"l-section-h i-cf\"><div class=\"g-cols vc_row via_flex valign_top type_default stacking_default\"><div class=\"vc_col-sm-4 wpb_column vc_column_container\"><div class=\"vc_column-inner\"><div class=\"wpb_wrapper\">[vc_wp_custommenu title=&#8220;Produktangebot&#8220; nav_menu=&#8220;52&#8243;]<\/div><\/div><\/div><div class=\"vc_col-sm-4 wpb_column vc_column_container\"><div class=\"vc_column-inner\"><div class=\"wpb_wrapper\"><div class=\"wpb_text_column\"><div class=\"wpb_wrapper\"><p>Reinheitsklasse nach MSZ EN ISO 14644<\/p>\n<p>Reinheit im Arbeitsraum: ab ISO 8 bis ISO 5.<\/p>\n<p>Sonderger\u00e4te und Anlagen f\u00fcr Reinraumtechnik<br \/>\nVerwendungsgebiete: Pharmaindustrie, mikrobiologische T\u00e4tigkeiten, Feinelektronik, Laboratorien, medizinische Forschungen<br \/>\nAufgabenspezifische Ger\u00e4te.<br \/>\nHoher Schutz f\u00fcr das Arbeitspersonal und f\u00fcr die Umgebung.<\/p>\n<p><a href=\"https:\/\/radel-hahn.hu\/deutsch\/reinraeume\/\"><strong>Reinr\u00e4ume<\/strong><\/a><br \/>\n<a href=\"https:\/\/radel-hahn.hu\/deutsch\/messung-der-reinraeume\/\"><strong>Messung der Reinr\u00e4ume<\/strong><\/a><br \/>\n<a href=\"https:\/\/radel-hahn.hu\/deutsch\/laminarboxen-2\/\"><strong>Laminarboxen<\/strong><\/a><br \/>\n<a href=\"https:\/\/radel-hahn.hu\/deutsch\/sondergeraete-und-sonderanlagen\/\"><strong>Reinraumtechnische Sonderger\u00e4te und Sonderanlagen<\/strong><\/a><br \/>\n<a href=\"https:\/\/radel-hahn.hu\/deutsch\/small-animal-containment-cabinets\/\"><strong>Kleintierboxen<\/strong><\/a><br \/>\n<a href=\"https:\/\/radel-hahn.hu\/deutsch\/luftduschkabine-2\/\"><strong>Luftduschkabine<\/strong><\/a><br \/>\n<a href=\"https:\/\/radel-hahn.hu\/deutsch\/zuluftkasten-mit-hepa-hochreinigungsfilter\/\"><strong>Zuluftkasten mit HEPA-Hochreinigungsfilter<\/strong><\/a><\/p>\n<\/div><\/div><\/div><\/div><\/div><div class=\"vc_col-sm-4 wpb_column vc_column_container\"><div class=\"vc_column-inner\"><div class=\"wpb_wrapper\"><div class=\"w-slider style_none fit_contain nav_dots count_19\"><div class=\"w-slider-h\" aria-hidden=\"true\"><div class=\"royalSlider\"><div class=\"rsContent\"><a class=\"rsImg\" data-rsw=\"768\" data-rsh=\"576\" href=\"https:\/\/radel-hahn.hu\/deutsch\/wp-content\/uploads\/sites\/3\/2018\/01\/Tisztater_Biogal_Teva-768x576.jpg\"><span data-alt=\"\"><\/span><\/a><\/div><div class=\"rsContent\"><a class=\"rsImg\" data-rsw=\"640\" data-rsh=\"480\" href=\"https:\/\/radel-hahn.hu\/deutsch\/wp-content\/uploads\/sites\/3\/2018\/01\/Tisztater_CEVA_2804_2.jpg\"><span data-alt=\"\"><\/span><\/a><\/div><div class=\"rsContent\"><a class=\"rsImg\" data-rsw=\"640\" data-rsh=\"480\" href=\"https:\/\/radel-hahn.hu\/deutsch\/wp-content\/uploads\/sites\/3\/2018\/01\/Tisztater_CEVA_2804_6.jpg\"><span data-alt=\"\"><\/span><\/a><\/div><div class=\"rsContent\"><a class=\"rsImg\" data-rsw=\"768\" data-rsh=\"576\" href=\"https:\/\/radel-hahn.hu\/deutsch\/wp-content\/uploads\/sites\/3\/2018\/01\/Tisztater_Chinoin_3-768x576.jpg\"><span data-alt=\"\"><\/span><\/a><\/div><div class=\"rsContent\"><a class=\"rsImg\" data-rsw=\"640\" data-rsh=\"480\" href=\"https:\/\/radel-hahn.hu\/deutsch\/wp-content\/uploads\/sites\/3\/2018\/01\/Tisztater_Chinoin_Csanyik_1.jpg\"><span data-alt=\"\"><\/span><\/a><\/div><div class=\"rsContent\"><a class=\"rsImg\" data-rsw=\"768\" data-rsh=\"575\" href=\"https:\/\/radel-hahn.hu\/deutsch\/wp-content\/uploads\/sites\/3\/2018\/01\/Tisztater_Chinoin_Veresegyhaz_1-768x575.jpg\"><span data-alt=\"\"><\/span><\/a><\/div><div class=\"rsContent\"><a class=\"rsImg\" data-rsw=\"768\" data-rsh=\"576\" href=\"https:\/\/radel-hahn.hu\/deutsch\/wp-content\/uploads\/sites\/3\/2018\/01\/Tisztater_Chinoin_Veresegyhaz_4417-768x576.jpg\"><span data-alt=\"\"><\/span><\/a><\/div><div class=\"rsContent\"><a class=\"rsImg\" data-rsw=\"768\" data-rsh=\"576\" href=\"https:\/\/radel-hahn.hu\/deutsch\/wp-content\/uploads\/sites\/3\/2018\/01\/Tisztater_Chinoin_Veresegyhaz_4417_szurofal-768x576.jpg\"><span data-alt=\"\"><\/span><\/a><\/div><div class=\"rsContent\"><a class=\"rsImg\" data-rsw=\"576\" data-rsh=\"768\" href=\"https:\/\/radel-hahn.hu\/deutsch\/wp-content\/uploads\/sites\/3\/2018\/01\/Tisztater_Egis_LAF02.jpg\"><span data-alt=\"\"><\/span><\/a><\/div><div class=\"rsContent\"><a class=\"rsImg\" data-rsw=\"768\" data-rsh=\"575\" href=\"https:\/\/radel-hahn.hu\/deutsch\/wp-content\/uploads\/sites\/3\/2018\/01\/Tisztater_Flextronics_epson_3-768x575.jpg\"><span data-alt=\"\"><\/span><\/a><\/div><div class=\"rsContent\"><a class=\"rsImg\" data-rsw=\"768\" data-rsh=\"575\" href=\"https:\/\/radel-hahn.hu\/deutsch\/wp-content\/uploads\/sites\/3\/2018\/01\/Tisztater_Flextronics_epson_5-768x575.jpg\"><span data-alt=\"\"><\/span><\/a><\/div><div class=\"rsContent\"><a class=\"rsImg\" data-rsw=\"768\" data-rsh=\"512\" href=\"https:\/\/radel-hahn.hu\/deutsch\/wp-content\/uploads\/sites\/3\/2018\/01\/Tisztater_Glenco_szurofal_003-768x512.jpg\"><span data-alt=\"\"><\/span><\/a><\/div><div class=\"rsContent\"><a class=\"rsImg\" data-rsw=\"768\" data-rsh=\"576\" href=\"https:\/\/radel-hahn.hu\/deutsch\/wp-content\/uploads\/sites\/3\/2018\/01\/Tisztater_Kemp_Lauritzen_China_Kabin-768x576.jpg\"><span data-alt=\"\"><\/span><\/a><\/div><div class=\"rsContent\"><a class=\"rsImg\" data-rsw=\"640\" data-rsh=\"480\" href=\"https:\/\/radel-hahn.hu\/deutsch\/wp-content\/uploads\/sites\/3\/2018\/01\/Tisztater_Medi-Radio3_2754.jpg\"><span data-alt=\"\"><\/span><\/a><\/div><div class=\"rsContent\"><a class=\"rsImg\" data-rsw=\"493\" data-rsh=\"768\" href=\"https:\/\/radel-hahn.hu\/deutsch\/wp-content\/uploads\/sites\/3\/2018\/01\/Tisztater_Richter_debrecen.jpg\"><span data-alt=\"\"><\/span><\/a><\/div><div class=\"rsContent\"><a class=\"rsImg\" data-rsw=\"768\" data-rsh=\"576\" href=\"https:\/\/radel-hahn.hu\/deutsch\/wp-content\/uploads\/sites\/3\/2018\/01\/Tisztater_Richter_dorog-768x576.jpg\"><span data-alt=\"\"><\/span><\/a><\/div><div class=\"rsContent\"><a class=\"rsImg\" data-rsw=\"768\" data-rsh=\"576\" href=\"https:\/\/radel-hahn.hu\/deutsch\/wp-content\/uploads\/sites\/3\/2018\/01\/Tisztater_Richter_novenyuzem-768x576.jpg\"><span data-alt=\"\"><\/span><\/a><\/div><div class=\"rsContent\"><a class=\"rsImg\" data-rsw=\"768\" data-rsh=\"1362\" href=\"https:\/\/radel-hahn.hu\/deutsch\/wp-content\/uploads\/sites\/3\/2018\/01\/Tisztater_SIIX_Nagykoros_Legzuhany_1-768x1362.jpg\"><span data-alt=\"\"><\/span><\/a><\/div><div class=\"rsContent\"><a class=\"rsImg\" data-rsw=\"768\" data-rsh=\"433\" href=\"https:\/\/radel-hahn.hu\/deutsch\/wp-content\/uploads\/sites\/3\/2018\/01\/Tisztater_SIIX_Nagykoros_Legzuhany2-768x433.jpg\"><span data-alt=\"\"><\/span><\/a><\/div><\/div><img decoding=\"async\" src=\"https:\/\/radel-hahn.hu\/deutsch\/wp-content\/uploads\/sites\/3\/2018\/01\/Tisztater_Biogal_Teva-768x576.jpg\" width=\"768\" height=\"576\" alt loading=\"lazy\"><\/div><div class=\"w-slider-json\" onclick='return {&quot;autoScaleSlider&quot;:true,&quot;addActiveClass&quot;:true,&quot;loop&quot;:true,&quot;fadeInLoadedSlide&quot;:false,&quot;slidesSpacing&quot;:0,&quot;imageScalePadding&quot;:0,&quot;numImagesToPreload&quot;:2,&quot;arrowsNav&quot;:true,&quot;arrowsNavAutoHide&quot;:false,&quot;transitionType&quot;:&quot;move&quot;,&quot;transitionSpeed&quot;:250,&quot;block&quot;:{&quot;moveEffect&quot;:&quot;none&quot;,&quot;speed&quot;:300},&quot;thumbs&quot;:{&quot;fitInViewport&quot;:false,&quot;firstMargin&quot;:false,&quot;spacing&quot;:4},&quot;controlNavigation&quot;:&quot;bullets&quot;,&quot;autoplay&quot;:{&quot;enabled&quot;:true,&quot;pauseOnHover&quot;:true,&quot;delay&quot;:3000},&quot;autoScaleSliderWidth&quot;:768,&quot;autoScaleSliderHeight&quot;:576}'><\/div><\/div><\/div><\/div><\/div><\/div><\/div><\/section>\n","protected":false},"excerpt":{"rendered":"[vc_wp_custommenu title=\"Produktangebot\" nav_menu=\"52\"]Reinheitsklasse nach MSZ EN ISO 14644 Reinheit im Arbeitsraum: ab ISO 8 bis ISO 5. Sonderger\u00e4te und Anlagen f\u00fcr Reinraumtechnik Verwendungsgebiete: Pharmaindustrie, mikrobiologische T\u00e4tigkeiten, Feinelektronik, Laboratorien, medizinische Forschungen Aufgabenspezifische Ger\u00e4te. Hoher Schutz f\u00fcr das Arbeitspersonal und f\u00fcr die Umgebung. Reinr\u00e4ume Messung der Reinr\u00e4ume Laminarboxen Reinraumtechnische Sonderger\u00e4te und Sonderanlagen Kleintierboxen Luftduschkabine Zuluftkasten mit HEPA-Hochreinigungsfilter","protected":false},"author":1,"featured_media":0,"parent":0,"menu_order":0,"comment_status":"closed","ping_status":"closed","template":"","meta":{"footnotes":""},"class_list":["post-988","page","type-page","status-publish","hentry"],"yoast_head":"<!-- This site is optimized with the Yoast SEO plugin v27.5 - https:\/\/yoast.com\/product\/yoast-seo-wordpress\/ -->\n<title>Reinraumtechnik - Radel &amp; Hahn Zrt - Deutsch<\/title>\n<meta name=\"description\" content=\"Reinraumkammern, Dampfsterilisierkabine, Schleusen, Laminarzelte, Trockenkammern, W\u00e4gekabinen, Probenehmer, Luftduschkabinen.\" \/>\n<meta name=\"robots\" content=\"index, follow, max-snippet:-1, max-image-preview:large, max-video-preview:-1\" \/>\n<link rel=\"canonical\" href=\"https:\/\/radel-hahn.hu\/deutsch\/reinraumtechnik\/\" \/>\n<meta property=\"og:locale\" content=\"de_DE\" \/>\n<meta property=\"og:type\" content=\"article\" \/>\n<meta property=\"og:title\" content=\"Reinraumtechnik - Radel &amp; Hahn Zrt - Deutsch\" \/>\n<meta property=\"og:description\" content=\"Reinraumkammern, Dampfsterilisierkabine, Schleusen, Laminarzelte, Trockenkammern, W\u00e4gekabinen, Probenehmer, Luftduschkabinen.\" \/>\n<meta property=\"og:url\" content=\"https:\/\/radel-hahn.hu\/deutsch\/reinraumtechnik\/\" \/>\n<meta property=\"og:site_name\" content=\"Radel &amp; Hahn Zrt - Deutsch\" \/>\n<meta property=\"article:modified_time\" content=\"2022-06-27T17:12:40+00:00\" \/>\n<meta name=\"twitter:card\" content=\"summary_large_image\" \/>\n<meta name=\"twitter:label1\" content=\"Gesch\u00e4tzte Lesezeit\" \/>\n\t<meta name=\"twitter:data1\" content=\"1\u00a0Minute\" \/>\n<script type=\"application\/ld+json\" class=\"yoast-schema-graph\">{\"@context\":\"https:\\\/\\\/schema.org\",\"@graph\":[{\"@type\":\"WebPage\",\"@id\":\"https:\\\/\\\/radel-hahn.hu\\\/deutsch\\\/reinraumtechnik\\\/\",\"url\":\"https:\\\/\\\/radel-hahn.hu\\\/deutsch\\\/reinraumtechnik\\\/\",\"name\":\"Reinraumtechnik - Radel &amp; Hahn Zrt - Deutsch\",\"isPartOf\":{\"@id\":\"https:\\\/\\\/radel-hahn.hu\\\/deutsch\\\/#website\"},\"datePublished\":\"2017-11-13T17:32:20+00:00\",\"dateModified\":\"2022-06-27T17:12:40+00:00\",\"description\":\"Reinraumkammern, Dampfsterilisierkabine, Schleusen, Laminarzelte, Trockenkammern, W\u00e4gekabinen, Probenehmer, Luftduschkabinen.\",\"breadcrumb\":{\"@id\":\"https:\\\/\\\/radel-hahn.hu\\\/deutsch\\\/reinraumtechnik\\\/#breadcrumb\"},\"inLanguage\":\"de\",\"potentialAction\":[{\"@type\":\"ReadAction\",\"target\":[\"https:\\\/\\\/radel-hahn.hu\\\/deutsch\\\/reinraumtechnik\\\/\"]}]},{\"@type\":\"BreadcrumbList\",\"@id\":\"https:\\\/\\\/radel-hahn.hu\\\/deutsch\\\/reinraumtechnik\\\/#breadcrumb\",\"itemListElement\":[{\"@type\":\"ListItem\",\"position\":1,\"name\":\"Startseite\",\"item\":\"https:\\\/\\\/radel-hahn.hu\\\/deutsch\\\/\"},{\"@type\":\"ListItem\",\"position\":2,\"name\":\"Reinraumtechnik\"}]},{\"@type\":\"WebSite\",\"@id\":\"https:\\\/\\\/radel-hahn.hu\\\/deutsch\\\/#website\",\"url\":\"https:\\\/\\\/radel-hahn.hu\\\/deutsch\\\/\",\"name\":\"Radel &amp; Hahn Zrt - Deutsch\",\"description\":\"Radel &amp; Hahn Zrt - Deutsch\",\"potentialAction\":[{\"@type\":\"SearchAction\",\"target\":{\"@type\":\"EntryPoint\",\"urlTemplate\":\"https:\\\/\\\/radel-hahn.hu\\\/deutsch\\\/?s={search_term_string}\"},\"query-input\":{\"@type\":\"PropertyValueSpecification\",\"valueRequired\":true,\"valueName\":\"search_term_string\"}}],\"inLanguage\":\"de\"}]}<\/script>\n<!-- \/ Yoast SEO plugin. -->","yoast_head_json":{"title":"Reinraumtechnik - Radel &amp; Hahn Zrt - Deutsch","description":"Reinraumkammern, Dampfsterilisierkabine, Schleusen, Laminarzelte, Trockenkammern, W\u00e4gekabinen, Probenehmer, Luftduschkabinen.","robots":{"index":"index","follow":"follow","max-snippet":"max-snippet:-1","max-image-preview":"max-image-preview:large","max-video-preview":"max-video-preview:-1"},"canonical":"https:\/\/radel-hahn.hu\/deutsch\/reinraumtechnik\/","og_locale":"de_DE","og_type":"article","og_title":"Reinraumtechnik - Radel &amp; Hahn Zrt - Deutsch","og_description":"Reinraumkammern, Dampfsterilisierkabine, Schleusen, Laminarzelte, Trockenkammern, W\u00e4gekabinen, Probenehmer, Luftduschkabinen.","og_url":"https:\/\/radel-hahn.hu\/deutsch\/reinraumtechnik\/","og_site_name":"Radel &amp; Hahn Zrt - Deutsch","article_modified_time":"2022-06-27T17:12:40+00:00","twitter_card":"summary_large_image","twitter_misc":{"Gesch\u00e4tzte Lesezeit":"1\u00a0Minute"},"schema":{"@context":"https:\/\/schema.org","@graph":[{"@type":"WebPage","@id":"https:\/\/radel-hahn.hu\/deutsch\/reinraumtechnik\/","url":"https:\/\/radel-hahn.hu\/deutsch\/reinraumtechnik\/","name":"Reinraumtechnik - Radel &amp; Hahn Zrt - Deutsch","isPartOf":{"@id":"https:\/\/radel-hahn.hu\/deutsch\/#website"},"datePublished":"2017-11-13T17:32:20+00:00","dateModified":"2022-06-27T17:12:40+00:00","description":"Reinraumkammern, Dampfsterilisierkabine, Schleusen, Laminarzelte, Trockenkammern, W\u00e4gekabinen, Probenehmer, Luftduschkabinen.","breadcrumb":{"@id":"https:\/\/radel-hahn.hu\/deutsch\/reinraumtechnik\/#breadcrumb"},"inLanguage":"de","potentialAction":[{"@type":"ReadAction","target":["https:\/\/radel-hahn.hu\/deutsch\/reinraumtechnik\/"]}]},{"@type":"BreadcrumbList","@id":"https:\/\/radel-hahn.hu\/deutsch\/reinraumtechnik\/#breadcrumb","itemListElement":[{"@type":"ListItem","position":1,"name":"Startseite","item":"https:\/\/radel-hahn.hu\/deutsch\/"},{"@type":"ListItem","position":2,"name":"Reinraumtechnik"}]},{"@type":"WebSite","@id":"https:\/\/radel-hahn.hu\/deutsch\/#website","url":"https:\/\/radel-hahn.hu\/deutsch\/","name":"Radel &amp; Hahn Zrt - Deutsch","description":"Radel &amp; Hahn Zrt - Deutsch","potentialAction":[{"@type":"SearchAction","target":{"@type":"EntryPoint","urlTemplate":"https:\/\/radel-hahn.hu\/deutsch\/?s={search_term_string}"},"query-input":{"@type":"PropertyValueSpecification","valueRequired":true,"valueName":"search_term_string"}}],"inLanguage":"de"}]}},"_links":{"self":[{"href":"https:\/\/radel-hahn.hu\/deutsch\/wp-json\/wp\/v2\/pages\/988","targetHints":{"allow":["GET"]}}],"collection":[{"href":"https:\/\/radel-hahn.hu\/deutsch\/wp-json\/wp\/v2\/pages"}],"about":[{"href":"https:\/\/radel-hahn.hu\/deutsch\/wp-json\/wp\/v2\/types\/page"}],"author":[{"embeddable":true,"href":"https:\/\/radel-hahn.hu\/deutsch\/wp-json\/wp\/v2\/users\/1"}],"replies":[{"embeddable":true,"href":"https:\/\/radel-hahn.hu\/deutsch\/wp-json\/wp\/v2\/comments?post=988"}],"version-history":[{"count":1,"href":"https:\/\/radel-hahn.hu\/deutsch\/wp-json\/wp\/v2\/pages\/988\/revisions"}],"predecessor-version":[{"id":3550,"href":"https:\/\/radel-hahn.hu\/deutsch\/wp-json\/wp\/v2\/pages\/988\/revisions\/3550"}],"wp:attachment":[{"href":"https:\/\/radel-hahn.hu\/deutsch\/wp-json\/wp\/v2\/media?parent=988"}],"curies":[{"name":"wp","href":"https:\/\/api.w.org\/{rel}","templated":true}]}}