{"id":954,"date":"2017-11-13T18:20:51","date_gmt":"2017-11-13T17:20:51","guid":{"rendered":"https:\/\/radel-hahn.hu\/?page_id=954"},"modified":"2019-01-14T18:11:43","modified_gmt":"2019-01-14T17:11:43","slug":"kompakte-lueftungsgeraete","status":"publish","type":"page","link":"https:\/\/radel-hahn.hu\/deutsch\/kompakte-lueftungsgeraete\/","title":{"rendered":"Kompakt-L\u00fcftungsger\u00e4te"},"content":{"rendered":"<section class=\"l-section wpb_row height_small\"><div class=\"l-section-h i-cf\"><div class=\"g-cols vc_row via_flex valign_top type_default stacking_default\"><div class=\"vc_col-sm-12 wpb_column vc_column_container\"><div class=\"vc_column-inner\"><div class=\"wpb_wrapper\"><div class=\"wpb_text_column\"><div class=\"wpb_wrapper\"><p style=\"text-align: justify;\">Unsere Serienger\u00e4te sind standardisierte Kompakt-L\u00fcftungsger\u00e4te f\u00fcr Luftmengen von 1000 bis zu 6000 m3\/h.<\/p>\n<p style=\"text-align: justify;\">Mit ihren kompakten Abmessungen sind unsere L\u00fcftungsger\u00e4te besonders bei geringem Raumangebot in Technikzentralen oder in Zwischendecken die ideale L\u00f6sung. Die radel&amp;hahn Kompakt-L\u00fcftungsger\u00e4te k\u00f6nnen in einzelnen Modulen geliefert werden, um so die Anbringung der Ger\u00e4te auf der Baustelle zu erleichtern. Da die Ger\u00e4te bei uns im Werk in Serie gefertigt werden und ab Lager lieferbar sind, sind sie preisg\u00fcnstig und auch schnell lieferbar.<\/p>\n<\/div><\/div><\/div><\/div><\/div><\/div><\/div><\/section><section class=\"l-section wpb_row height_small\"><div class=\"l-section-h i-cf\"><div class=\"g-cols vc_row via_flex valign_middle type_default stacking_default\"><div class=\"vc_col-sm-6 wpb_column vc_column_container\"><div class=\"vc_column-inner\"><div class=\"wpb_wrapper\"><div class=\"wpb_text_column\"><div class=\"wpb_wrapper\"><p><strong>Verwendungsgebiete:<\/strong><\/p>\n<ul>\n<li>Hotels<\/li>\n<li>Schulen<\/li>\n<li>Restaurants<\/li>\n<li>Kindergarten<\/li>\n<li>B\u00fcros<\/li>\n<li>Sportst\u00e4tten<\/li>\n<li>Konferenzr\u00e4ume<\/li>\n<li>Verkaufsr\u00e4ume<\/li>\n<li>Werkst\u00e4tten<\/li>\n<li>Multifunktionsgeb\u00e4uden<\/li>\n<\/ul>\n<p><strong><a href=\"https:\/\/radel-hahn.hu\/deutsch\/wp-content\/uploads\/sites\/3\/2017\/12\/Kompakt_deutsch.pdf\" target=\"_blank\" rel=\"noopener\"><img loading=\"lazy\" decoding=\"async\" class=\"size-full wp-image-2205 alignnone\" src=\"https:\/\/radel-hahn.hu\/deutsch\/wp-content\/uploads\/sites\/3\/2018\/03\/logo16v3.png\" alt=\"\" width=\"16\" height=\"14\" \/> Der Prospekt \u00fcber die Kompakt-L\u00fcftungsger\u00e4te kann hier heruntergeladen werden<\/a><\/strong><\/p>\n<\/div><\/div><\/div><\/div><\/div><div class=\"vc_col-sm-6 wpb_column vc_column_container\"><div class=\"vc_column-inner\"><div class=\"wpb_wrapper\"><div class=\"w-image style_shadow-1 align_center us_animate_afb\" style=\"animation-delay:0.2s\"><div class=\"w-image-h\"><img decoding=\"async\" width=\"768\" height=\"509\" src=\"https:\/\/radel-hahn.hu\/deutsch\/wp-content\/uploads\/sites\/3\/2017\/11\/kompakt_legkezelok-768x509.jpg\" class=\"attachment-us_768_0 size-us_768_0\" alt=\"\" loading=\"lazy\" srcset=\"https:\/\/radel-hahn.hu\/deutsch\/wp-content\/uploads\/sites\/3\/2017\/11\/kompakt_legkezelok-768x509.jpg 768w, https:\/\/radel-hahn.hu\/deutsch\/wp-content\/uploads\/sites\/3\/2017\/11\/kompakt_legkezelok-300x199.jpg 300w, https:\/\/radel-hahn.hu\/deutsch\/wp-content\/uploads\/sites\/3\/2017\/11\/kompakt_legkezelok.jpg 1018w\" sizes=\"auto, (max-width: 768px) 100vw, 768px\" \/><\/div><\/div><\/div><\/div><\/div><\/div><\/div><\/section>\n","protected":false},"excerpt":{"rendered":"Unsere Serienger\u00e4te sind standardisierte Kompakt-L\u00fcftungsger\u00e4te f\u00fcr Luftmengen von 1000 bis zu 6000 m3\/h. Mit ihren kompakten Abmessungen sind unsere L\u00fcftungsger\u00e4te besonders bei geringem Raumangebot in Technikzentralen oder in Zwischendecken die ideale L\u00f6sung. Die radel&amp;hahn Kompakt-L\u00fcftungsger\u00e4te k\u00f6nnen in einzelnen Modulen geliefert werden, um so die Anbringung der Ger\u00e4te auf der Baustelle zu erleichtern. Da die Ger\u00e4te...","protected":false},"author":1,"featured_media":0,"parent":0,"menu_order":0,"comment_status":"closed","ping_status":"closed","template":"","meta":{"footnotes":""},"class_list":["post-954","page","type-page","status-publish","hentry"],"yoast_head":"<!-- This site is optimized with the Yoast SEO plugin v27.5 - https:\/\/yoast.com\/product\/yoast-seo-wordpress\/ -->\n<title>Kompakt-L\u00fcftungsger\u00e4te - Radel &amp; Hahn Zrt - Deutsch<\/title>\n<meta name=\"robots\" content=\"index, follow, max-snippet:-1, max-image-preview:large, max-video-preview:-1\" \/>\n<link rel=\"canonical\" href=\"https:\/\/radel-hahn.hu\/deutsch\/kompakte-lueftungsgeraete\/\" \/>\n<meta property=\"og:locale\" content=\"de_DE\" \/>\n<meta property=\"og:type\" content=\"article\" \/>\n<meta property=\"og:title\" content=\"Kompakt-L\u00fcftungsger\u00e4te - Radel &amp; Hahn Zrt - Deutsch\" \/>\n<meta property=\"og:url\" content=\"https:\/\/radel-hahn.hu\/deutsch\/kompakte-lueftungsgeraete\/\" \/>\n<meta property=\"og:site_name\" content=\"Radel &amp; Hahn Zrt - Deutsch\" \/>\n<meta property=\"article:modified_time\" content=\"2019-01-14T17:11:43+00:00\" \/>\n<meta property=\"og:image\" content=\"https:\/\/radel-hahn.hu\/deutsch\/wp-content\/uploads\/sites\/3\/2018\/03\/logo16v3.png\" \/>\n<meta name=\"twitter:card\" content=\"summary_large_image\" \/>\n<meta name=\"twitter:label1\" content=\"Gesch\u00e4tzte Lesezeit\" \/>\n\t<meta name=\"twitter:data1\" content=\"1\u00a0Minute\" \/>\n<script type=\"application\/ld+json\" class=\"yoast-schema-graph\">{\"@context\":\"https:\\\/\\\/schema.org\",\"@graph\":[{\"@type\":\"WebPage\",\"@id\":\"https:\\\/\\\/radel-hahn.hu\\\/deutsch\\\/kompakte-lueftungsgeraete\\\/\",\"url\":\"https:\\\/\\\/radel-hahn.hu\\\/deutsch\\\/kompakte-lueftungsgeraete\\\/\",\"name\":\"Kompakt-L\u00fcftungsger\u00e4te - Radel &amp; Hahn Zrt - Deutsch\",\"isPartOf\":{\"@id\":\"https:\\\/\\\/radel-hahn.hu\\\/deutsch\\\/#website\"},\"primaryImageOfPage\":{\"@id\":\"https:\\\/\\\/radel-hahn.hu\\\/deutsch\\\/kompakte-lueftungsgeraete\\\/#primaryimage\"},\"image\":{\"@id\":\"https:\\\/\\\/radel-hahn.hu\\\/deutsch\\\/kompakte-lueftungsgeraete\\\/#primaryimage\"},\"thumbnailUrl\":\"https:\\\/\\\/radel-hahn.hu\\\/deutsch\\\/wp-content\\\/uploads\\\/sites\\\/3\\\/2018\\\/03\\\/logo16v3.png\",\"datePublished\":\"2017-11-13T17:20:51+00:00\",\"dateModified\":\"2019-01-14T17:11:43+00:00\",\"breadcrumb\":{\"@id\":\"https:\\\/\\\/radel-hahn.hu\\\/deutsch\\\/kompakte-lueftungsgeraete\\\/#breadcrumb\"},\"inLanguage\":\"de\",\"potentialAction\":[{\"@type\":\"ReadAction\",\"target\":[\"https:\\\/\\\/radel-hahn.hu\\\/deutsch\\\/kompakte-lueftungsgeraete\\\/\"]}]},{\"@type\":\"ImageObject\",\"inLanguage\":\"de\",\"@id\":\"https:\\\/\\\/radel-hahn.hu\\\/deutsch\\\/kompakte-lueftungsgeraete\\\/#primaryimage\",\"url\":\"https:\\\/\\\/radel-hahn.hu\\\/deutsch\\\/wp-content\\\/uploads\\\/sites\\\/3\\\/2018\\\/03\\\/logo16v3.png\",\"contentUrl\":\"https:\\\/\\\/radel-hahn.hu\\\/deutsch\\\/wp-content\\\/uploads\\\/sites\\\/3\\\/2018\\\/03\\\/logo16v3.png\"},{\"@type\":\"BreadcrumbList\",\"@id\":\"https:\\\/\\\/radel-hahn.hu\\\/deutsch\\\/kompakte-lueftungsgeraete\\\/#breadcrumb\",\"itemListElement\":[{\"@type\":\"ListItem\",\"position\":1,\"name\":\"Startseite\",\"item\":\"https:\\\/\\\/radel-hahn.hu\\\/deutsch\\\/\"},{\"@type\":\"ListItem\",\"position\":2,\"name\":\"Kompakt-L\u00fcftungsger\u00e4te\"}]},{\"@type\":\"WebSite\",\"@id\":\"https:\\\/\\\/radel-hahn.hu\\\/deutsch\\\/#website\",\"url\":\"https:\\\/\\\/radel-hahn.hu\\\/deutsch\\\/\",\"name\":\"Radel &amp; Hahn Zrt - Deutsch\",\"description\":\"Radel &amp; Hahn Zrt - Deutsch\",\"potentialAction\":[{\"@type\":\"SearchAction\",\"target\":{\"@type\":\"EntryPoint\",\"urlTemplate\":\"https:\\\/\\\/radel-hahn.hu\\\/deutsch\\\/?s={search_term_string}\"},\"query-input\":{\"@type\":\"PropertyValueSpecification\",\"valueRequired\":true,\"valueName\":\"search_term_string\"}}],\"inLanguage\":\"de\"}]}<\/script>\n<!-- \/ Yoast SEO plugin. -->","yoast_head_json":{"title":"Kompakt-L\u00fcftungsger\u00e4te - Radel &amp; Hahn Zrt - Deutsch","robots":{"index":"index","follow":"follow","max-snippet":"max-snippet:-1","max-image-preview":"max-image-preview:large","max-video-preview":"max-video-preview:-1"},"canonical":"https:\/\/radel-hahn.hu\/deutsch\/kompakte-lueftungsgeraete\/","og_locale":"de_DE","og_type":"article","og_title":"Kompakt-L\u00fcftungsger\u00e4te - Radel &amp; Hahn Zrt - Deutsch","og_url":"https:\/\/radel-hahn.hu\/deutsch\/kompakte-lueftungsgeraete\/","og_site_name":"Radel &amp; Hahn Zrt - Deutsch","article_modified_time":"2019-01-14T17:11:43+00:00","og_image":[{"url":"https:\/\/radel-hahn.hu\/deutsch\/wp-content\/uploads\/sites\/3\/2018\/03\/logo16v3.png","type":"","width":"","height":""}],"twitter_card":"summary_large_image","twitter_misc":{"Gesch\u00e4tzte Lesezeit":"1\u00a0Minute"},"schema":{"@context":"https:\/\/schema.org","@graph":[{"@type":"WebPage","@id":"https:\/\/radel-hahn.hu\/deutsch\/kompakte-lueftungsgeraete\/","url":"https:\/\/radel-hahn.hu\/deutsch\/kompakte-lueftungsgeraete\/","name":"Kompakt-L\u00fcftungsger\u00e4te - Radel &amp; Hahn Zrt - Deutsch","isPartOf":{"@id":"https:\/\/radel-hahn.hu\/deutsch\/#website"},"primaryImageOfPage":{"@id":"https:\/\/radel-hahn.hu\/deutsch\/kompakte-lueftungsgeraete\/#primaryimage"},"image":{"@id":"https:\/\/radel-hahn.hu\/deutsch\/kompakte-lueftungsgeraete\/#primaryimage"},"thumbnailUrl":"https:\/\/radel-hahn.hu\/deutsch\/wp-content\/uploads\/sites\/3\/2018\/03\/logo16v3.png","datePublished":"2017-11-13T17:20:51+00:00","dateModified":"2019-01-14T17:11:43+00:00","breadcrumb":{"@id":"https:\/\/radel-hahn.hu\/deutsch\/kompakte-lueftungsgeraete\/#breadcrumb"},"inLanguage":"de","potentialAction":[{"@type":"ReadAction","target":["https:\/\/radel-hahn.hu\/deutsch\/kompakte-lueftungsgeraete\/"]}]},{"@type":"ImageObject","inLanguage":"de","@id":"https:\/\/radel-hahn.hu\/deutsch\/kompakte-lueftungsgeraete\/#primaryimage","url":"https:\/\/radel-hahn.hu\/deutsch\/wp-content\/uploads\/sites\/3\/2018\/03\/logo16v3.png","contentUrl":"https:\/\/radel-hahn.hu\/deutsch\/wp-content\/uploads\/sites\/3\/2018\/03\/logo16v3.png"},{"@type":"BreadcrumbList","@id":"https:\/\/radel-hahn.hu\/deutsch\/kompakte-lueftungsgeraete\/#breadcrumb","itemListElement":[{"@type":"ListItem","position":1,"name":"Startseite","item":"https:\/\/radel-hahn.hu\/deutsch\/"},{"@type":"ListItem","position":2,"name":"Kompakt-L\u00fcftungsger\u00e4te"}]},{"@type":"WebSite","@id":"https:\/\/radel-hahn.hu\/deutsch\/#website","url":"https:\/\/radel-hahn.hu\/deutsch\/","name":"Radel &amp; Hahn Zrt - Deutsch","description":"Radel &amp; Hahn Zrt - Deutsch","potentialAction":[{"@type":"SearchAction","target":{"@type":"EntryPoint","urlTemplate":"https:\/\/radel-hahn.hu\/deutsch\/?s={search_term_string}"},"query-input":{"@type":"PropertyValueSpecification","valueRequired":true,"valueName":"search_term_string"}}],"inLanguage":"de"}]}},"_links":{"self":[{"href":"https:\/\/radel-hahn.hu\/deutsch\/wp-json\/wp\/v2\/pages\/954","targetHints":{"allow":["GET"]}}],"collection":[{"href":"https:\/\/radel-hahn.hu\/deutsch\/wp-json\/wp\/v2\/pages"}],"about":[{"href":"https:\/\/radel-hahn.hu\/deutsch\/wp-json\/wp\/v2\/types\/page"}],"author":[{"embeddable":true,"href":"https:\/\/radel-hahn.hu\/deutsch\/wp-json\/wp\/v2\/users\/1"}],"replies":[{"embeddable":true,"href":"https:\/\/radel-hahn.hu\/deutsch\/wp-json\/wp\/v2\/comments?post=954"}],"version-history":[{"count":1,"href":"https:\/\/radel-hahn.hu\/deutsch\/wp-json\/wp\/v2\/pages\/954\/revisions"}],"predecessor-version":[{"id":3557,"href":"https:\/\/radel-hahn.hu\/deutsch\/wp-json\/wp\/v2\/pages\/954\/revisions\/3557"}],"wp:attachment":[{"href":"https:\/\/radel-hahn.hu\/deutsch\/wp-json\/wp\/v2\/media?parent=954"}],"curies":[{"name":"wp","href":"https:\/\/api.w.org\/{rel}","templated":true}]}}