{"id":938,"date":"2017-11-13T18:11:54","date_gmt":"2017-11-13T17:11:54","guid":{"rendered":"https:\/\/radel-hahn.hu\/?page_id=938"},"modified":"2022-06-27T19:17:44","modified_gmt":"2022-06-27T17:17:44","slug":"klima-und-lueftungsgeraete","status":"publish","type":"page","link":"https:\/\/radel-hahn.hu\/deutsch\/klima-und-lueftungsgeraete\/","title":{"rendered":"Klima- und L\u00fcftungsger\u00e4te"},"content":{"rendered":"<section class=\"l-section wpb_row height_small\"><div class=\"l-section-h i-cf\"><div class=\"g-cols vc_row via_flex valign_top type_default stacking_default\"><div class=\"vc_col-sm-4 wpb_column vc_column_container\"><div class=\"vc_column-inner\"><div class=\"wpb_wrapper\">[vc_wp_custommenu title=&#8220;Produktangebot&#8220; nav_menu=&#8220;52&#8243;]<\/div><\/div><\/div><div class=\"vc_col-sm-4 wpb_column vc_column_container\"><div class=\"vc_column-inner\"><div class=\"wpb_wrapper\"><div class=\"wpb_text_column\"><div class=\"wpb_wrapper\"><p style=\"text-align: justify;\">Dank der zahlreichen Vorteile und der 10 w\u00e4hlbaren Qualit\u00e4tsstufen der radel&amp;hahn Klima-und L\u00fcftungsger\u00e4te, k\u00f6nnen die Modulger\u00e4te \u00fcberall eingesetzt werden.<\/p>\n<ul>\n<li>Gro\u00dfe Dachzentralen<\/li>\n<li>Kleinl\u00fcftungsger\u00e4te<\/li>\n<li>Reinraumtechnische Anlagen<\/li>\n<li>Trocknungsger\u00e4te<\/li>\n<li>Schwimmbadger\u00e4te mit integrierter Regelung<\/li>\n<li>K\u00e4ltetechnikger\u00e4te<\/li>\n<li>Luftaufbereitungsger\u00e4te f\u00fcr die Prozesstechnik<\/li>\n<\/ul>\n<p style=\"text-align: justify;\">Dank der guten W\u00e4rmed\u00e4mmung und der ausgezeichneten Schalld\u00e4mmung eignet sich das Modulsystem auch f\u00fcr Anwendungsbereiche au\u00dferhalb der L\u00fcftungstechnik.<br \/>\nFolgende Produkte sind ebenfalls in Modulbauweise erh\u00e4ltlich:<\/p>\n<ul>\n<li>Schallhauben f\u00fcr Werkzeugmaschinen<\/li>\n<li>Pr\u00fcfkabinen f\u00fcr elektrische Apparate<\/li>\n<li>Trocknerkabinen f\u00fcr die Lebensmittelindustrie<\/li>\n<li>Luftkammern und gro\u00dfe Kan\u00e4le f\u00fcr Klimaanlagen<\/li>\n<\/ul>\n<\/div><\/div><\/div><\/div><\/div><div class=\"vc_col-sm-4 wpb_column vc_column_container\"><div class=\"vc_column-inner\"><div class=\"wpb_wrapper\"><div class=\"w-image style_shadow-1 align_center us_animate_afb\" style=\"animation-delay:0.2s\"><div class=\"w-image-h\"><img decoding=\"async\" width=\"1024\" height=\"683\" src=\"https:\/\/radel-hahn.hu\/deutsch\/wp-content\/uploads\/sites\/3\/2018\/01\/klimagepek_es_legkezelok-1024x683.jpg\" class=\"attachment-large size-large\" alt=\"\" loading=\"lazy\" srcset=\"https:\/\/radel-hahn.hu\/deutsch\/wp-content\/uploads\/sites\/3\/2018\/01\/klimagepek_es_legkezelok-1024x683.jpg 1024w, https:\/\/radel-hahn.hu\/deutsch\/wp-content\/uploads\/sites\/3\/2018\/01\/klimagepek_es_legkezelok-300x200.jpg 300w, https:\/\/radel-hahn.hu\/deutsch\/wp-content\/uploads\/sites\/3\/2018\/01\/klimagepek_es_legkezelok-768x512.jpg 768w\" sizes=\"auto, (max-width: 1024px) 100vw, 1024px\" \/><\/div><\/div><div class=\"wpb_text_column\"><div class=\"wpb_wrapper\"><p><a href=\"https:\/\/radel-hahn.hu\/deutsch\/kompakte-lueftungsgeraete\/\"><strong>Kompakt-L\u00fcftungsger\u00e4te<\/strong><\/a><br \/>\n<a href=\"https:\/\/radel-hahn.hu\/deutsch\/lueftungsgeraete-m-serie\/\"><strong>L\u00fcftungsger\u00e4te M-Serie<\/strong><\/a><br \/>\n<a href=\"https:\/\/radel-hahn.hu\/deutsch\/roof-top-geraete\/\"><strong>Roof-Top Ger\u00e4te<\/strong><\/a><br \/>\n<a href=\"https:\/\/radel-hahn.hu\/deutsch\/klimabalken\/\"><strong>Klimabalken<\/strong><\/a><\/p>\n<\/div><\/div><\/div><\/div><\/div><\/div><\/div><\/section>\n","protected":false},"excerpt":{"rendered":"[vc_wp_custommenu title=\"Produktangebot\" nav_menu=\"52\"]Dank der zahlreichen Vorteile und der 10 w\u00e4hlbaren Qualit\u00e4tsstufen der radel&amp;hahn Klima-und L\u00fcftungsger\u00e4te, k\u00f6nnen die Modulger\u00e4te \u00fcberall eingesetzt werden. Gro\u00dfe Dachzentralen Kleinl\u00fcftungsger\u00e4te Reinraumtechnische Anlagen Trocknungsger\u00e4te Schwimmbadger\u00e4te mit integrierter Regelung K\u00e4ltetechnikger\u00e4te Luftaufbereitungsger\u00e4te f\u00fcr die Prozesstechnik Dank der guten W\u00e4rmed\u00e4mmung und der ausgezeichneten Schalld\u00e4mmung eignet sich das Modulsystem auch f\u00fcr Anwendungsbereiche au\u00dferhalb der L\u00fcftungstechnik. Folgende...","protected":false},"author":1,"featured_media":0,"parent":0,"menu_order":0,"comment_status":"closed","ping_status":"closed","template":"","meta":{"footnotes":""},"class_list":["post-938","page","type-page","status-publish","hentry"],"yoast_head":"<!-- This site is optimized with the Yoast SEO plugin v27.5 - https:\/\/yoast.com\/product\/yoast-seo-wordpress\/ -->\n<title>Klima- und L\u00fcftungsger\u00e4te - Radel &amp; Hahn Zrt - Deutsch<\/title>\n<meta name=\"description\" content=\"Planung und Herstellung von technologischen L\u00fcftungsanlagen.\" \/>\n<meta name=\"robots\" content=\"index, follow, max-snippet:-1, max-image-preview:large, max-video-preview:-1\" \/>\n<link rel=\"canonical\" href=\"https:\/\/radel-hahn.hu\/deutsch\/klima-und-lueftungsgeraete\/\" \/>\n<meta property=\"og:locale\" content=\"de_DE\" \/>\n<meta property=\"og:type\" content=\"article\" \/>\n<meta property=\"og:title\" content=\"Klima- und L\u00fcftungsger\u00e4te - Radel &amp; Hahn Zrt - Deutsch\" \/>\n<meta property=\"og:description\" content=\"Planung und Herstellung von technologischen L\u00fcftungsanlagen.\" \/>\n<meta property=\"og:url\" content=\"https:\/\/radel-hahn.hu\/deutsch\/klima-und-lueftungsgeraete\/\" \/>\n<meta property=\"og:site_name\" content=\"Radel &amp; Hahn Zrt - Deutsch\" \/>\n<meta property=\"article:modified_time\" content=\"2022-06-27T17:17:44+00:00\" \/>\n<meta name=\"twitter:card\" content=\"summary_large_image\" \/>\n<meta name=\"twitter:label1\" content=\"Gesch\u00e4tzte Lesezeit\" \/>\n\t<meta name=\"twitter:data1\" content=\"1\u00a0Minute\" \/>\n<script type=\"application\/ld+json\" class=\"yoast-schema-graph\">{\"@context\":\"https:\\\/\\\/schema.org\",\"@graph\":[{\"@type\":\"WebPage\",\"@id\":\"https:\\\/\\\/radel-hahn.hu\\\/deutsch\\\/klima-und-lueftungsgeraete\\\/\",\"url\":\"https:\\\/\\\/radel-hahn.hu\\\/deutsch\\\/klima-und-lueftungsgeraete\\\/\",\"name\":\"Klima- und L\u00fcftungsger\u00e4te - Radel &amp; Hahn Zrt - Deutsch\",\"isPartOf\":{\"@id\":\"https:\\\/\\\/radel-hahn.hu\\\/deutsch\\\/#website\"},\"datePublished\":\"2017-11-13T17:11:54+00:00\",\"dateModified\":\"2022-06-27T17:17:44+00:00\",\"description\":\"Planung und Herstellung von technologischen L\u00fcftungsanlagen.\",\"breadcrumb\":{\"@id\":\"https:\\\/\\\/radel-hahn.hu\\\/deutsch\\\/klima-und-lueftungsgeraete\\\/#breadcrumb\"},\"inLanguage\":\"de\",\"potentialAction\":[{\"@type\":\"ReadAction\",\"target\":[\"https:\\\/\\\/radel-hahn.hu\\\/deutsch\\\/klima-und-lueftungsgeraete\\\/\"]}]},{\"@type\":\"BreadcrumbList\",\"@id\":\"https:\\\/\\\/radel-hahn.hu\\\/deutsch\\\/klima-und-lueftungsgeraete\\\/#breadcrumb\",\"itemListElement\":[{\"@type\":\"ListItem\",\"position\":1,\"name\":\"Startseite\",\"item\":\"https:\\\/\\\/radel-hahn.hu\\\/deutsch\\\/\"},{\"@type\":\"ListItem\",\"position\":2,\"name\":\"Klima- und L\u00fcftungsger\u00e4te\"}]},{\"@type\":\"WebSite\",\"@id\":\"https:\\\/\\\/radel-hahn.hu\\\/deutsch\\\/#website\",\"url\":\"https:\\\/\\\/radel-hahn.hu\\\/deutsch\\\/\",\"name\":\"Radel &amp; Hahn Zrt - Deutsch\",\"description\":\"Radel &amp; Hahn Zrt - Deutsch\",\"potentialAction\":[{\"@type\":\"SearchAction\",\"target\":{\"@type\":\"EntryPoint\",\"urlTemplate\":\"https:\\\/\\\/radel-hahn.hu\\\/deutsch\\\/?s={search_term_string}\"},\"query-input\":{\"@type\":\"PropertyValueSpecification\",\"valueRequired\":true,\"valueName\":\"search_term_string\"}}],\"inLanguage\":\"de\"}]}<\/script>\n<!-- \/ Yoast SEO plugin. -->","yoast_head_json":{"title":"Klima- und L\u00fcftungsger\u00e4te - Radel &amp; Hahn Zrt - Deutsch","description":"Planung und Herstellung von technologischen L\u00fcftungsanlagen.","robots":{"index":"index","follow":"follow","max-snippet":"max-snippet:-1","max-image-preview":"max-image-preview:large","max-video-preview":"max-video-preview:-1"},"canonical":"https:\/\/radel-hahn.hu\/deutsch\/klima-und-lueftungsgeraete\/","og_locale":"de_DE","og_type":"article","og_title":"Klima- und L\u00fcftungsger\u00e4te - Radel &amp; Hahn Zrt - Deutsch","og_description":"Planung und Herstellung von technologischen L\u00fcftungsanlagen.","og_url":"https:\/\/radel-hahn.hu\/deutsch\/klima-und-lueftungsgeraete\/","og_site_name":"Radel &amp; Hahn Zrt - Deutsch","article_modified_time":"2022-06-27T17:17:44+00:00","twitter_card":"summary_large_image","twitter_misc":{"Gesch\u00e4tzte Lesezeit":"1\u00a0Minute"},"schema":{"@context":"https:\/\/schema.org","@graph":[{"@type":"WebPage","@id":"https:\/\/radel-hahn.hu\/deutsch\/klima-und-lueftungsgeraete\/","url":"https:\/\/radel-hahn.hu\/deutsch\/klima-und-lueftungsgeraete\/","name":"Klima- und L\u00fcftungsger\u00e4te - Radel &amp; Hahn Zrt - Deutsch","isPartOf":{"@id":"https:\/\/radel-hahn.hu\/deutsch\/#website"},"datePublished":"2017-11-13T17:11:54+00:00","dateModified":"2022-06-27T17:17:44+00:00","description":"Planung und Herstellung von technologischen L\u00fcftungsanlagen.","breadcrumb":{"@id":"https:\/\/radel-hahn.hu\/deutsch\/klima-und-lueftungsgeraete\/#breadcrumb"},"inLanguage":"de","potentialAction":[{"@type":"ReadAction","target":["https:\/\/radel-hahn.hu\/deutsch\/klima-und-lueftungsgeraete\/"]}]},{"@type":"BreadcrumbList","@id":"https:\/\/radel-hahn.hu\/deutsch\/klima-und-lueftungsgeraete\/#breadcrumb","itemListElement":[{"@type":"ListItem","position":1,"name":"Startseite","item":"https:\/\/radel-hahn.hu\/deutsch\/"},{"@type":"ListItem","position":2,"name":"Klima- und L\u00fcftungsger\u00e4te"}]},{"@type":"WebSite","@id":"https:\/\/radel-hahn.hu\/deutsch\/#website","url":"https:\/\/radel-hahn.hu\/deutsch\/","name":"Radel &amp; Hahn Zrt - Deutsch","description":"Radel &amp; Hahn Zrt - Deutsch","potentialAction":[{"@type":"SearchAction","target":{"@type":"EntryPoint","urlTemplate":"https:\/\/radel-hahn.hu\/deutsch\/?s={search_term_string}"},"query-input":{"@type":"PropertyValueSpecification","valueRequired":true,"valueName":"search_term_string"}}],"inLanguage":"de"}]}},"_links":{"self":[{"href":"https:\/\/radel-hahn.hu\/deutsch\/wp-json\/wp\/v2\/pages\/938","targetHints":{"allow":["GET"]}}],"collection":[{"href":"https:\/\/radel-hahn.hu\/deutsch\/wp-json\/wp\/v2\/pages"}],"about":[{"href":"https:\/\/radel-hahn.hu\/deutsch\/wp-json\/wp\/v2\/types\/page"}],"author":[{"embeddable":true,"href":"https:\/\/radel-hahn.hu\/deutsch\/wp-json\/wp\/v2\/users\/1"}],"replies":[{"embeddable":true,"href":"https:\/\/radel-hahn.hu\/deutsch\/wp-json\/wp\/v2\/comments?post=938"}],"version-history":[{"count":1,"href":"https:\/\/radel-hahn.hu\/deutsch\/wp-json\/wp\/v2\/pages\/938\/revisions"}],"predecessor-version":[{"id":5822,"href":"https:\/\/radel-hahn.hu\/deutsch\/wp-json\/wp\/v2\/pages\/938\/revisions\/5822"}],"wp:attachment":[{"href":"https:\/\/radel-hahn.hu\/deutsch\/wp-json\/wp\/v2\/media?parent=938"}],"curies":[{"name":"wp","href":"https:\/\/api.w.org\/{rel}","templated":true}]}}