{"id":5873,"date":"2023-08-09T15:48:11","date_gmt":"2023-08-09T13:48:11","guid":{"rendered":"https:\/\/radel-hahn.hu\/deutsch\/?page_id=5873"},"modified":"2023-08-10T09:57:04","modified_gmt":"2023-08-10T07:57:04","slug":"verdraengungsluftdurchlaesse-ra-eb","status":"publish","type":"page","link":"https:\/\/radel-hahn.hu\/deutsch\/verdraengungsluftdurchlaesse-ra-eb\/","title":{"rendered":"Verdr\u00e4ngungsluftdurchl\u00e4sse RA-EB"},"content":{"rendered":"<section class=\"l-section wpb_row height_small\"><div class=\"l-section-h i-cf\"><div class=\"g-cols vc_row via_flex valign_middle type_default stacking_default\"><div class=\"vc_col-sm-2 wpb_column vc_column_container\"><div class=\"vc_column-inner\"><div class=\"wpb_wrapper\"><\/div><\/div><\/div><div class=\"vc_col-sm-4 wpb_column vc_column_container\"><div class=\"vc_column-inner\"><div class=\"wpb_wrapper\"><div class=\"wpb_text_column\"><div class=\"wpb_wrapper\"><div>\n<div style=\"text-align: justify;\">Die Verdr\u00e4ngungsluftdurchl\u00e4sse Serie RA-EB kommen prim\u00e4r in der industriellen Fertigung zum Einsatz und werden frei montiert. Sie k\u00f6nnen f\u00fcr jeden Temperaturbereich individuell eingestellt werden. Die Verdr\u00e4ngungsluftdurchl\u00e4sse der Serie RA- EB sind f\u00fcr Heiz- und K\u00fchlbetrieb geeignet. Die Anpassung der Ausblasrichtung an den jeweiligen Betriebszustand erfolgt durch einen im Ger\u00e4t vorgesehenen Verstell Mechanismus. Eine Bet\u00e4tigung erfolgt wahlweise von Hand (Kettenzug) oder \u00fcber verschiedene Varianten von elektrischen Stellmotoren. Eine selbstt\u00e4tige Verstellung (ohne Hilfsenergie) ist ebenfalls m\u00f6glich. Bei der Serie RA-EB wird die Kaltluft mit hohem Impuls horizontal ausgeblasen. Die Verdr\u00e4ngungsluftdurchl\u00e4sse sind besonders bei wechselnden Zulufttemperaturdifferenzen von -8 K bis +12 K und Montageh\u00f6hen von 3,5 bis 10 m einzusetzen.<\/div>\n<div><\/div>\n<\/div>\n<p><a href=\"https:\/\/radel-hahn.hu\/deutsch\/wp-content\/uploads\/sites\/3\/2023\/08\/Verdraengungsluftdurchlaesse_HU-DE-EN_2023.pdf\" target=\"_blank\" rel=\"noopener\"><strong><img loading=\"lazy\" decoding=\"async\" class=\"size-full wp-image-2263 alignnone\" src=\"https:\/\/radel-hahn.hu\/ujoldal\/wp-content\/uploads\/2018\/03\/logo16v3.png\" alt=\"\" width=\"16\" height=\"14\" \/> Der Prospekt \u00fcber den Verdr\u00e4ngungsluftdurchl\u00e4sse<\/strong><\/a><\/p>\n<\/div><\/div><\/div><\/div><\/div><div class=\"vc_col-sm-4 wpb_column vc_column_container\"><div class=\"vc_column-inner\"><div class=\"wpb_wrapper\"><div class=\"w-image align_none\"><div class=\"w-image-h\"><img decoding=\"async\" width=\"768\" height=\"1024\" src=\"https:\/\/radel-hahn.hu\/deutsch\/wp-content\/uploads\/sites\/3\/2023\/08\/ra-eb-768x1024.jpg\" class=\"attachment-large size-large\" alt=\"Verdr\u00e4ngungsluftdurchl\u00e4sse RA-EB\" loading=\"lazy\" srcset=\"https:\/\/radel-hahn.hu\/deutsch\/wp-content\/uploads\/sites\/3\/2023\/08\/ra-eb-768x1024.jpg 768w, https:\/\/radel-hahn.hu\/deutsch\/wp-content\/uploads\/sites\/3\/2023\/08\/ra-eb-225x300.jpg 225w, https:\/\/radel-hahn.hu\/deutsch\/wp-content\/uploads\/sites\/3\/2023\/08\/ra-eb-600x800.jpg 600w, https:\/\/radel-hahn.hu\/deutsch\/wp-content\/uploads\/sites\/3\/2023\/08\/ra-eb.jpg 800w\" sizes=\"auto, (max-width: 768px) 100vw, 768px\" \/><\/div><\/div><\/div><\/div><\/div><div class=\"vc_col-sm-2 wpb_column vc_column_container\"><div class=\"vc_column-inner\"><div class=\"wpb_wrapper\"><\/div><\/div><\/div><\/div><\/div><\/section>\n","protected":false},"excerpt":{"rendered":"Die Verdr\u00e4ngungsluftdurchl\u00e4sse Serie RA-EB kommen prim\u00e4r in der industriellen Fertigung zum Einsatz und werden frei montiert. Sie k\u00f6nnen f\u00fcr jeden Temperaturbereich individuell eingestellt werden. Die Verdr\u00e4ngungsluftdurchl\u00e4sse der Serie RA- EB sind f\u00fcr Heiz- und K\u00fchlbetrieb geeignet. Die Anpassung der Ausblasrichtung an den jeweiligen Betriebszustand erfolgt durch einen im Ger\u00e4t vorgesehenen Verstell Mechanismus. Eine Bet\u00e4tigung erfolgt...","protected":false},"author":1,"featured_media":0,"parent":0,"menu_order":0,"comment_status":"closed","ping_status":"closed","template":"","meta":{"footnotes":""},"class_list":["post-5873","page","type-page","status-publish","hentry"],"yoast_head":"<!-- This site is optimized with the Yoast SEO plugin v27.5 - https:\/\/yoast.com\/product\/yoast-seo-wordpress\/ -->\n<title>Verdr\u00e4ngungsluftdurchl\u00e4sse RA-EB - Radel &amp; Hahn Zrt - Deutsch<\/title>\n<meta name=\"robots\" content=\"index, follow, max-snippet:-1, max-image-preview:large, max-video-preview:-1\" \/>\n<link rel=\"canonical\" href=\"https:\/\/radel-hahn.hu\/deutsch\/verdraengungsluftdurchlaesse-ra-eb\/\" \/>\n<meta property=\"og:locale\" content=\"de_DE\" \/>\n<meta property=\"og:type\" content=\"article\" \/>\n<meta property=\"og:title\" content=\"Verdr\u00e4ngungsluftdurchl\u00e4sse RA-EB - Radel &amp; Hahn Zrt - Deutsch\" \/>\n<meta property=\"og:url\" content=\"https:\/\/radel-hahn.hu\/deutsch\/verdraengungsluftdurchlaesse-ra-eb\/\" \/>\n<meta property=\"og:site_name\" content=\"Radel &amp; Hahn Zrt - Deutsch\" \/>\n<meta property=\"article:modified_time\" content=\"2023-08-10T07:57:04+00:00\" \/>\n<meta property=\"og:image\" content=\"https:\/\/radel-hahn.hu\/ujoldal\/wp-content\/uploads\/2018\/03\/logo16v3.png\" \/>\n<meta name=\"twitter:card\" content=\"summary_large_image\" \/>\n<meta name=\"twitter:label1\" content=\"Gesch\u00e4tzte Lesezeit\" \/>\n\t<meta name=\"twitter:data1\" content=\"1\u00a0Minute\" \/>\n<script type=\"application\/ld+json\" class=\"yoast-schema-graph\">{\"@context\":\"https:\\\/\\\/schema.org\",\"@graph\":[{\"@type\":\"WebPage\",\"@id\":\"https:\\\/\\\/radel-hahn.hu\\\/deutsch\\\/verdraengungsluftdurchlaesse-ra-eb\\\/\",\"url\":\"https:\\\/\\\/radel-hahn.hu\\\/deutsch\\\/verdraengungsluftdurchlaesse-ra-eb\\\/\",\"name\":\"Verdr\u00e4ngungsluftdurchl\u00e4sse RA-EB - Radel &amp; Hahn Zrt - Deutsch\",\"isPartOf\":{\"@id\":\"https:\\\/\\\/radel-hahn.hu\\\/deutsch\\\/#website\"},\"primaryImageOfPage\":{\"@id\":\"https:\\\/\\\/radel-hahn.hu\\\/deutsch\\\/verdraengungsluftdurchlaesse-ra-eb\\\/#primaryimage\"},\"image\":{\"@id\":\"https:\\\/\\\/radel-hahn.hu\\\/deutsch\\\/verdraengungsluftdurchlaesse-ra-eb\\\/#primaryimage\"},\"thumbnailUrl\":\"https:\\\/\\\/radel-hahn.hu\\\/ujoldal\\\/wp-content\\\/uploads\\\/2018\\\/03\\\/logo16v3.png\",\"datePublished\":\"2023-08-09T13:48:11+00:00\",\"dateModified\":\"2023-08-10T07:57:04+00:00\",\"breadcrumb\":{\"@id\":\"https:\\\/\\\/radel-hahn.hu\\\/deutsch\\\/verdraengungsluftdurchlaesse-ra-eb\\\/#breadcrumb\"},\"inLanguage\":\"de\",\"potentialAction\":[{\"@type\":\"ReadAction\",\"target\":[\"https:\\\/\\\/radel-hahn.hu\\\/deutsch\\\/verdraengungsluftdurchlaesse-ra-eb\\\/\"]}]},{\"@type\":\"ImageObject\",\"inLanguage\":\"de\",\"@id\":\"https:\\\/\\\/radel-hahn.hu\\\/deutsch\\\/verdraengungsluftdurchlaesse-ra-eb\\\/#primaryimage\",\"url\":\"https:\\\/\\\/radel-hahn.hu\\\/ujoldal\\\/wp-content\\\/uploads\\\/2018\\\/03\\\/logo16v3.png\",\"contentUrl\":\"https:\\\/\\\/radel-hahn.hu\\\/ujoldal\\\/wp-content\\\/uploads\\\/2018\\\/03\\\/logo16v3.png\"},{\"@type\":\"BreadcrumbList\",\"@id\":\"https:\\\/\\\/radel-hahn.hu\\\/deutsch\\\/verdraengungsluftdurchlaesse-ra-eb\\\/#breadcrumb\",\"itemListElement\":[{\"@type\":\"ListItem\",\"position\":1,\"name\":\"Startseite\",\"item\":\"https:\\\/\\\/radel-hahn.hu\\\/deutsch\\\/\"},{\"@type\":\"ListItem\",\"position\":2,\"name\":\"Verdr\u00e4ngungsluftdurchl\u00e4sse RA-EB\"}]},{\"@type\":\"WebSite\",\"@id\":\"https:\\\/\\\/radel-hahn.hu\\\/deutsch\\\/#website\",\"url\":\"https:\\\/\\\/radel-hahn.hu\\\/deutsch\\\/\",\"name\":\"Radel &amp; Hahn Zrt - Deutsch\",\"description\":\"Radel &amp; Hahn Zrt - Deutsch\",\"potentialAction\":[{\"@type\":\"SearchAction\",\"target\":{\"@type\":\"EntryPoint\",\"urlTemplate\":\"https:\\\/\\\/radel-hahn.hu\\\/deutsch\\\/?s={search_term_string}\"},\"query-input\":{\"@type\":\"PropertyValueSpecification\",\"valueRequired\":true,\"valueName\":\"search_term_string\"}}],\"inLanguage\":\"de\"}]}<\/script>\n<!-- \/ Yoast SEO plugin. -->","yoast_head_json":{"title":"Verdr\u00e4ngungsluftdurchl\u00e4sse RA-EB - Radel &amp; Hahn Zrt - Deutsch","robots":{"index":"index","follow":"follow","max-snippet":"max-snippet:-1","max-image-preview":"max-image-preview:large","max-video-preview":"max-video-preview:-1"},"canonical":"https:\/\/radel-hahn.hu\/deutsch\/verdraengungsluftdurchlaesse-ra-eb\/","og_locale":"de_DE","og_type":"article","og_title":"Verdr\u00e4ngungsluftdurchl\u00e4sse RA-EB - Radel &amp; Hahn Zrt - Deutsch","og_url":"https:\/\/radel-hahn.hu\/deutsch\/verdraengungsluftdurchlaesse-ra-eb\/","og_site_name":"Radel &amp; Hahn Zrt - Deutsch","article_modified_time":"2023-08-10T07:57:04+00:00","og_image":[{"url":"https:\/\/radel-hahn.hu\/ujoldal\/wp-content\/uploads\/2018\/03\/logo16v3.png","type":"","width":"","height":""}],"twitter_card":"summary_large_image","twitter_misc":{"Gesch\u00e4tzte Lesezeit":"1\u00a0Minute"},"schema":{"@context":"https:\/\/schema.org","@graph":[{"@type":"WebPage","@id":"https:\/\/radel-hahn.hu\/deutsch\/verdraengungsluftdurchlaesse-ra-eb\/","url":"https:\/\/radel-hahn.hu\/deutsch\/verdraengungsluftdurchlaesse-ra-eb\/","name":"Verdr\u00e4ngungsluftdurchl\u00e4sse RA-EB - Radel &amp; Hahn Zrt - Deutsch","isPartOf":{"@id":"https:\/\/radel-hahn.hu\/deutsch\/#website"},"primaryImageOfPage":{"@id":"https:\/\/radel-hahn.hu\/deutsch\/verdraengungsluftdurchlaesse-ra-eb\/#primaryimage"},"image":{"@id":"https:\/\/radel-hahn.hu\/deutsch\/verdraengungsluftdurchlaesse-ra-eb\/#primaryimage"},"thumbnailUrl":"https:\/\/radel-hahn.hu\/ujoldal\/wp-content\/uploads\/2018\/03\/logo16v3.png","datePublished":"2023-08-09T13:48:11+00:00","dateModified":"2023-08-10T07:57:04+00:00","breadcrumb":{"@id":"https:\/\/radel-hahn.hu\/deutsch\/verdraengungsluftdurchlaesse-ra-eb\/#breadcrumb"},"inLanguage":"de","potentialAction":[{"@type":"ReadAction","target":["https:\/\/radel-hahn.hu\/deutsch\/verdraengungsluftdurchlaesse-ra-eb\/"]}]},{"@type":"ImageObject","inLanguage":"de","@id":"https:\/\/radel-hahn.hu\/deutsch\/verdraengungsluftdurchlaesse-ra-eb\/#primaryimage","url":"https:\/\/radel-hahn.hu\/ujoldal\/wp-content\/uploads\/2018\/03\/logo16v3.png","contentUrl":"https:\/\/radel-hahn.hu\/ujoldal\/wp-content\/uploads\/2018\/03\/logo16v3.png"},{"@type":"BreadcrumbList","@id":"https:\/\/radel-hahn.hu\/deutsch\/verdraengungsluftdurchlaesse-ra-eb\/#breadcrumb","itemListElement":[{"@type":"ListItem","position":1,"name":"Startseite","item":"https:\/\/radel-hahn.hu\/deutsch\/"},{"@type":"ListItem","position":2,"name":"Verdr\u00e4ngungsluftdurchl\u00e4sse RA-EB"}]},{"@type":"WebSite","@id":"https:\/\/radel-hahn.hu\/deutsch\/#website","url":"https:\/\/radel-hahn.hu\/deutsch\/","name":"Radel &amp; Hahn Zrt - Deutsch","description":"Radel &amp; Hahn Zrt - Deutsch","potentialAction":[{"@type":"SearchAction","target":{"@type":"EntryPoint","urlTemplate":"https:\/\/radel-hahn.hu\/deutsch\/?s={search_term_string}"},"query-input":{"@type":"PropertyValueSpecification","valueRequired":true,"valueName":"search_term_string"}}],"inLanguage":"de"}]}},"_links":{"self":[{"href":"https:\/\/radel-hahn.hu\/deutsch\/wp-json\/wp\/v2\/pages\/5873","targetHints":{"allow":["GET"]}}],"collection":[{"href":"https:\/\/radel-hahn.hu\/deutsch\/wp-json\/wp\/v2\/pages"}],"about":[{"href":"https:\/\/radel-hahn.hu\/deutsch\/wp-json\/wp\/v2\/types\/page"}],"author":[{"embeddable":true,"href":"https:\/\/radel-hahn.hu\/deutsch\/wp-json\/wp\/v2\/users\/1"}],"replies":[{"embeddable":true,"href":"https:\/\/radel-hahn.hu\/deutsch\/wp-json\/wp\/v2\/comments?post=5873"}],"version-history":[{"count":6,"href":"https:\/\/radel-hahn.hu\/deutsch\/wp-json\/wp\/v2\/pages\/5873\/revisions"}],"predecessor-version":[{"id":5883,"href":"https:\/\/radel-hahn.hu\/deutsch\/wp-json\/wp\/v2\/pages\/5873\/revisions\/5883"}],"wp:attachment":[{"href":"https:\/\/radel-hahn.hu\/deutsch\/wp-json\/wp\/v2\/media?parent=5873"}],"curies":[{"name":"wp","href":"https:\/\/api.w.org\/{rel}","templated":true}]}}