{"id":525,"date":"2017-11-12T17:49:49","date_gmt":"2017-11-12T16:49:49","guid":{"rendered":"https:\/\/radel-hahn.hu\/?page_id=525"},"modified":"2022-06-22T12:36:58","modified_gmt":"2022-06-22T10:36:58","slug":"fooldal_nemet","status":"publish","type":"page","link":"https:\/\/radel-hahn.hu\/deutsch\/","title":{"rendered":"Home"},"content":{"rendered":"<section class=\"l-section wpb_row height_small\"><div class=\"l-section-h i-cf\"><div class=\"g-cols vc_row via_flex valign_top type_default stacking_default\"><div class=\"vc_col-sm-12 wpb_column vc_column_container\"><div class=\"vc_column-inner\"><div class=\"wpb_wrapper\">[rev_slider_vc alias=&#8220;radel_atat_slide&#8220;]<\/div><\/div><\/div><\/div><\/div><\/section><section class=\"l-section wpb_row height_small\"><div class=\"l-section-h i-cf\"><div class=\"g-cols vc_row via_flex valign_top type_default stacking_default\"><div class=\"vc_col-sm-8 wpb_column vc_column_container\"><div class=\"vc_column-inner\"><div class=\"wpb_wrapper\"><div class=\"wpb_text_column\"><div class=\"wpb_wrapper\"><h3>Radel &amp; Hahn Zrt.<\/h3>\n<p><strong>KOMPLETTE HAUSTECHNISCHE SYSTEME MIT QUALIT\u00c4T!<\/strong><\/p>\n<p>Unsere Hauptt\u00e4tigkeit umfasst das gesamte Gebiet der Haustechnik. Den Gro\u00dfteil unseres Umsatzes generieren wir durch die<strong> Ausf\u00fchrung von kompletten, haustechnischen Systemen<\/strong>.<\/p>\n<p>Von der<strong> Planung \u00fcber die Produktion, Montage und dem gesamten Baumanagement<\/strong> \u00fcbernehmen wir f\u00fcr Sie alles in den <strong>Bereichen Klima, L\u00fcftung, Heizung, Sanit\u00e4r und Regelung, sowie Be- und Entfeuchtungs-, Brandl\u00f6sch und Druckluftanlagen.<br \/>\n<\/strong><\/p>\n<p>Alles aus einer Hand &#8211; geplant, produziert, geliefert, eingebaut, in Betrieb genommen und gewartet.<\/p>\n<p>Besonders auf dem Gebiet von <strong>reinraumtechnischen Anlagen, Laminar Boxen und Spezialanlagen<\/strong> k\u00f6nnen wir auf langj\u00e4hrige Erfahrungen zur\u00fcckgreifen. Seit Jahren besch\u00e4ftigen wir uns zudem mit effizienter Prozesstechnik mit W\u00e4rmer\u00fcckgewinnungssystemen und energiesparender Regeltechnik.<\/p>\n<h5><a href=\"https:\/\/radel-hahn.hu\/deutsch\/ueber-uns\/\"><strong>\u00dcber uns<\/strong><\/a><\/h5>\n<\/div><\/div><\/div><\/div><\/div><div class=\"vc_col-sm-4 wpb_column vc_column_container\"><div class=\"vc_column-inner\"><div class=\"wpb_wrapper\">[vc_wp_posts title=&#8220;Neueste Beitr\u00e4ge&#8220; number=&#8220;5&#8243; show_date=&#8220;1&#8243;]<\/div><\/div><\/div><\/div><\/div><\/section><section class=\"l-section wpb_row height_medium width_full color_primary\"><div class=\"l-section-h i-cf\"><div class=\"g-cols vc_row via_flex valign_top type_default stacking_default\"><div class=\"vc_col-sm-12 wpb_column vc_column_container\"><div class=\"vc_column-inner\"><div class=\"wpb_wrapper\"><div class=\"wpb_text_column\"><div class=\"wpb_wrapper\"><h2 style=\"text-align: center;\">Wir bieten Komplettl\u00f6sungen an!<\/h2>\n<\/div><\/div><\/div><\/div><\/div><\/div><\/div><\/section><section class=\"l-section wpb_row height_small\"><div class=\"l-section-h i-cf\"><div class=\"g-cols vc_row via_flex valign_top type_default stacking_default\"><div class=\"vc_col-sm-3 wpb_column vc_column_container us_animate_afl\"><div class=\"vc_column-inner\"><div class=\"wpb_wrapper\"><div class=\"w-iconbox iconpos_top style_outlined color_primary align_center\"><div class=\"w-iconbox-icon\" style=\"font-size:2rem;\"><i class=\"far fa-heart\"><\/i><\/div><div class=\"w-iconbox-meta\"><h4 class=\"w-iconbox-title\">Erfahrung<\/h4><div class=\"w-iconbox-text\"><p>Seit \u00fcber 65 Jahren sind wir als stabiler und zuverl\u00e4ssiger Partner f\u00fcr Sie t\u00e4tig.<br \/>\nUnser Ziel ist ein ideales Preis-Leistungsverh\u00e4ltnis zu schaffen und Produkte von hoher Qualit\u00e4t zu einem guten Preis anzubieten.<\/p>\n<\/div><\/div><\/div><\/div><\/div><\/div><div class=\"vc_col-sm-3 wpb_column vc_column_container us_animate_afb\"><div class=\"vc_column-inner\"><div class=\"wpb_wrapper\"><div class=\"w-iconbox iconpos_top style_outlined color_primary align_center\"><div class=\"w-iconbox-icon\" style=\"font-size:2rem;\"><i class=\"far fa-lightbulb\"><\/i><\/div><div class=\"w-iconbox-meta\"><h4 class=\"w-iconbox-title\">Individuelle L\u00f6sungen<\/h4><div class=\"w-iconbox-text\"><p>Wir legen gro\u00dfen Wert darauf, dass wir die Erwartungen und Bed\u00fcrfnisse unserer Kunden bestm\u00f6glich zu erf\u00fcllen. Dazu bieten wir unseren Kunden individuelle, komplette L\u00f6sungen an.<\/p>\n<\/div><\/div><\/div><\/div><\/div><\/div><div class=\"vc_col-sm-3 wpb_column vc_column_container us_animate_afb\"><div class=\"vc_column-inner\"><div class=\"wpb_wrapper\"><div class=\"w-iconbox iconpos_top style_outlined color_primary align_center\"><div class=\"w-iconbox-icon\" style=\"font-size:2rem;\"><i class=\"far fa-star\"><\/i><\/div><div class=\"w-iconbox-meta\"><h4 class=\"w-iconbox-title\">H\u00f6chste Qualit\u00e4t<\/h4><div class=\"w-iconbox-text\"><p>Durch laufende Weiterentwicklungen stellen wir sicher, dass unsere hochqualitativen Produkte und Dienstleistungen immer am neuesten Stand der Technik sind. Unsere Produkten und Anlagen entsprechen den strengsten Vorschriften und Forderungen des Umweltschutzes, der Sicherheit und der Wirtschaftlichkeit.<\/p>\n<\/div><\/div><\/div><\/div><\/div><\/div><div class=\"vc_col-sm-3 wpb_column vc_column_container us_animate_afr\"><div class=\"vc_column-inner\"><div class=\"wpb_wrapper\"><div class=\"w-iconbox iconpos_top style_outlined color_primary align_center\"><div class=\"w-iconbox-icon\" style=\"font-size:2rem;\"><i class=\"far fa-flag\"><\/i><\/div><div class=\"w-iconbox-meta\"><h4 class=\"w-iconbox-title\">Netzwerk<\/h4><div class=\"w-iconbox-text\"><p>Wir sind stolz darauf, dass wir Teil einer internationalen Holding, der \u00f6sterreichischen Radel &amp; Hahn Gruppe sind. <\/p>\n<\/div><\/div><\/div><\/div><\/div><\/div><\/div><\/div><\/section><section class=\"l-section wpb_row height_small\"><div class=\"l-section-h i-cf\"><div class=\"g-cols vc_row via_flex valign_top type_default stacking_default\"><div class=\"vc_col-sm-12 wpb_column vc_column_container\"><div class=\"vc_column-inner\"><div class=\"wpb_wrapper\"><div class=\"w-separator size_medium with_line width_default thick_1 style_solid color_border align_center\"><div class=\"w-separator-h\"><\/div><\/div><div class=\"ult_pricing_table_wrap ult_design_5  ult-cs-custom pricebox_atde \">\n\t\t\t\t\t<div class=\"ult_pricing_table \" style=\"background:#ebebeb;color:#333333;\"><div id=\"price-table-wrap-1333\" class=\"ult_pricing_heading\" style=\"background:#ebebeb;color:#f29100;\">\n\t\t\t\t\t\t\t<h3 class=\"price-heading ult-responsive cust-headformat\"  data-ultimate-target='#price-table-wrap-1333 .cust-headformat'  data-responsive-json-new='{\"font-size\":\"\",\"line-height\":\"\"}'  style=\"font-weight:normal;\"><\/h3><\/div><!--ult_pricing_heading--><div class=\"ult_price_body_block\" style=\"background:#ebebeb;color:#f29100;\">\n\t\t\t\t\t\t\t<div class=\"ult_price_body\">\n\t\t\t\t\t\t\t\t<div id=\"price-table-wrap-8931\"  class=\"ult_price\">\n\t\t\t\t\t\t\t\t\t<span  data-ultimate-target='#price-table-wrap-8931 .ult_price_figure'  data-responsive-json-new='{\"font-size\":\"\",\"line-height\":\"\"}'  class=\"ult_price_figure ult-responsive\" style=\"font-weight:normal;\"><\/span>\n\t\t\t\t\t\t\t\t\t<span  data-ultimate-target='#price-table-wrap-8931 .ult_price_term'  data-responsive-json-new='{\"font-size\":\"\",\"line-height\":\"\"}'  class=\"ult_price_term ult-responsive\" style=\"font-weight:normal;\"><\/span>\n\t\t\t\t\t\t\t\t<\/div>\n\t\t\t\t\t\t\t<\/div>\n\t\t\t\t\t\t<\/div><!--ult_price_body_block--><div id=\"price-table-features-wrap-7177\" class=\"ult_price_features ult-responsive\"  data-ultimate-target='#price-table-features-wrap-7177'  data-responsive-json-new='{\"font-size\":\"\",\"line-height\":\"\"}'  style=\"font-weight:normal;\">\n\t\t\t\t\t\t\t<h1 style=\"text-align: center; color: #f29100; font-weight: 600;\">Produktangebot<\/h1>\n<p style=\"text-align: center;\"><a href=\"https:\/\/radel-hahn.hu\/deutsch\/klima-und-lueftungsgeraete\/\">Klima- und L\u00fcftungsger\u00e4te<\/a><br \/>\n<a href=\"https:\/\/radel-hahn.hu\/deutsch\/lueftungstechnische-elemente\/\">L\u00fcftungstechnische Elemente<\/a><br \/>\n<a href=\"https:\/\/radel-hahn.hu\/deutsch\/reinraumtechnik\/\">Reinraumtechnik<\/a><br \/>\n<a href=\"https:\/\/radel-hahn.hu\/deutsch\/schwimmbad-entfeuchtungsgeraete\/\">Schwimmbadklima<\/a><\/p>\n\n\t\t\t\t\t\t<\/div><!--ult_price_features--><div class=\"ult_clr\"><\/div>\n\t\t\t<\/div><!--pricing_table-->\n\t\t<\/div><!--pricing_table_wrap--><\/div><\/div><\/div><\/div><\/div><\/section>\n","protected":false},"excerpt":{"rendered":"[rev_slider_vc alias=\"radel_atat_slide\"]Radel &amp; Hahn Zrt. KOMPLETTE HAUSTECHNISCHE SYSTEME MIT QUALIT\u00c4T! Unsere Hauptt\u00e4tigkeit umfasst das gesamte Gebiet der Haustechnik. Den Gro\u00dfteil unseres Umsatzes generieren wir durch die Ausf\u00fchrung von kompletten, haustechnischen Systemen. Von der Planung \u00fcber die Produktion, Montage und dem gesamten Baumanagement \u00fcbernehmen wir f\u00fcr Sie alles in den Bereichen Klima, L\u00fcftung, Heizung, Sanit\u00e4r und...","protected":false},"author":1,"featured_media":0,"parent":0,"menu_order":0,"comment_status":"closed","ping_status":"closed","template":"","meta":{"footnotes":""},"class_list":["post-525","page","type-page","status-publish","hentry"],"yoast_head":"<!-- This site is optimized with the Yoast SEO plugin v27.5 - https:\/\/yoast.com\/product\/yoast-seo-wordpress\/ -->\n<title>Home - Radel &amp; Hahn Zrt - Deutsch<\/title>\n<meta name=\"description\" content=\"Planung und Herstellung von L\u00fcftungsanlagen, Reinr\u00e4umen, Klimaanlagen sowie kompletten Haustechniksystemen.\" \/>\n<meta name=\"robots\" content=\"index, follow, max-snippet:-1, max-image-preview:large, max-video-preview:-1\" \/>\n<link rel=\"canonical\" href=\"https:\/\/radel-hahn.hu\/deutsch\/\" \/>\n<meta property=\"og:locale\" content=\"de_DE\" \/>\n<meta property=\"og:type\" content=\"article\" \/>\n<meta property=\"og:title\" content=\"Home - Radel &amp; Hahn Zrt - Deutsch\" \/>\n<meta property=\"og:description\" content=\"Planung und Herstellung von L\u00fcftungsanlagen, Reinr\u00e4umen, Klimaanlagen sowie kompletten Haustechniksystemen.\" \/>\n<meta property=\"og:url\" content=\"https:\/\/radel-hahn.hu\/deutsch\/\" \/>\n<meta property=\"og:site_name\" content=\"Radel &amp; Hahn Zrt - Deutsch\" \/>\n<meta property=\"article:modified_time\" content=\"2022-06-22T10:36:58+00:00\" \/>\n<meta name=\"twitter:card\" content=\"summary_large_image\" \/>\n<meta name=\"twitter:label1\" content=\"Gesch\u00e4tzte Lesezeit\" \/>\n\t<meta name=\"twitter:data1\" content=\"2\u00a0Minuten\" \/>\n<script type=\"application\/ld+json\" class=\"yoast-schema-graph\">{\"@context\":\"https:\\\/\\\/schema.org\",\"@graph\":[{\"@type\":\"WebPage\",\"@id\":\"https:\\\/\\\/radel-hahn.hu\\\/deutsch\\\/\",\"url\":\"https:\\\/\\\/radel-hahn.hu\\\/deutsch\\\/\",\"name\":\"Home - Radel &amp; Hahn Zrt - Deutsch\",\"isPartOf\":{\"@id\":\"https:\\\/\\\/radel-hahn.hu\\\/deutsch\\\/#website\"},\"datePublished\":\"2017-11-12T16:49:49+00:00\",\"dateModified\":\"2022-06-22T10:36:58+00:00\",\"description\":\"Planung und Herstellung von L\u00fcftungsanlagen, Reinr\u00e4umen, Klimaanlagen sowie kompletten Haustechniksystemen.\",\"breadcrumb\":{\"@id\":\"https:\\\/\\\/radel-hahn.hu\\\/deutsch\\\/#breadcrumb\"},\"inLanguage\":\"de\",\"potentialAction\":[{\"@type\":\"ReadAction\",\"target\":[\"https:\\\/\\\/radel-hahn.hu\\\/deutsch\\\/\"]}]},{\"@type\":\"BreadcrumbList\",\"@id\":\"https:\\\/\\\/radel-hahn.hu\\\/deutsch\\\/#breadcrumb\",\"itemListElement\":[{\"@type\":\"ListItem\",\"position\":1,\"name\":\"Startseite\",\"item\":\"https:\\\/\\\/radel-hahn.hu\\\/deutsch\\\/\"},{\"@type\":\"ListItem\",\"position\":2,\"name\":\"Home\"}]},{\"@type\":\"WebSite\",\"@id\":\"https:\\\/\\\/radel-hahn.hu\\\/deutsch\\\/#website\",\"url\":\"https:\\\/\\\/radel-hahn.hu\\\/deutsch\\\/\",\"name\":\"Radel &amp; Hahn Zrt - Deutsch\",\"description\":\"Radel &amp; Hahn Zrt - Deutsch\",\"potentialAction\":[{\"@type\":\"SearchAction\",\"target\":{\"@type\":\"EntryPoint\",\"urlTemplate\":\"https:\\\/\\\/radel-hahn.hu\\\/deutsch\\\/?s={search_term_string}\"},\"query-input\":{\"@type\":\"PropertyValueSpecification\",\"valueRequired\":true,\"valueName\":\"search_term_string\"}}],\"inLanguage\":\"de\"}]}<\/script>\n<!-- \/ Yoast SEO plugin. -->","yoast_head_json":{"title":"Home - Radel &amp; Hahn Zrt - Deutsch","description":"Planung und Herstellung von L\u00fcftungsanlagen, Reinr\u00e4umen, Klimaanlagen sowie kompletten Haustechniksystemen.","robots":{"index":"index","follow":"follow","max-snippet":"max-snippet:-1","max-image-preview":"max-image-preview:large","max-video-preview":"max-video-preview:-1"},"canonical":"https:\/\/radel-hahn.hu\/deutsch\/","og_locale":"de_DE","og_type":"article","og_title":"Home - Radel &amp; Hahn Zrt - Deutsch","og_description":"Planung und Herstellung von L\u00fcftungsanlagen, Reinr\u00e4umen, Klimaanlagen sowie kompletten Haustechniksystemen.","og_url":"https:\/\/radel-hahn.hu\/deutsch\/","og_site_name":"Radel &amp; Hahn Zrt - Deutsch","article_modified_time":"2022-06-22T10:36:58+00:00","twitter_card":"summary_large_image","twitter_misc":{"Gesch\u00e4tzte Lesezeit":"2\u00a0Minuten"},"schema":{"@context":"https:\/\/schema.org","@graph":[{"@type":"WebPage","@id":"https:\/\/radel-hahn.hu\/deutsch\/","url":"https:\/\/radel-hahn.hu\/deutsch\/","name":"Home - Radel &amp; Hahn Zrt - Deutsch","isPartOf":{"@id":"https:\/\/radel-hahn.hu\/deutsch\/#website"},"datePublished":"2017-11-12T16:49:49+00:00","dateModified":"2022-06-22T10:36:58+00:00","description":"Planung und Herstellung von L\u00fcftungsanlagen, Reinr\u00e4umen, Klimaanlagen sowie kompletten Haustechniksystemen.","breadcrumb":{"@id":"https:\/\/radel-hahn.hu\/deutsch\/#breadcrumb"},"inLanguage":"de","potentialAction":[{"@type":"ReadAction","target":["https:\/\/radel-hahn.hu\/deutsch\/"]}]},{"@type":"BreadcrumbList","@id":"https:\/\/radel-hahn.hu\/deutsch\/#breadcrumb","itemListElement":[{"@type":"ListItem","position":1,"name":"Startseite","item":"https:\/\/radel-hahn.hu\/deutsch\/"},{"@type":"ListItem","position":2,"name":"Home"}]},{"@type":"WebSite","@id":"https:\/\/radel-hahn.hu\/deutsch\/#website","url":"https:\/\/radel-hahn.hu\/deutsch\/","name":"Radel &amp; Hahn Zrt - Deutsch","description":"Radel &amp; Hahn Zrt - Deutsch","potentialAction":[{"@type":"SearchAction","target":{"@type":"EntryPoint","urlTemplate":"https:\/\/radel-hahn.hu\/deutsch\/?s={search_term_string}"},"query-input":{"@type":"PropertyValueSpecification","valueRequired":true,"valueName":"search_term_string"}}],"inLanguage":"de"}]}},"_links":{"self":[{"href":"https:\/\/radel-hahn.hu\/deutsch\/wp-json\/wp\/v2\/pages\/525","targetHints":{"allow":["GET"]}}],"collection":[{"href":"https:\/\/radel-hahn.hu\/deutsch\/wp-json\/wp\/v2\/pages"}],"about":[{"href":"https:\/\/radel-hahn.hu\/deutsch\/wp-json\/wp\/v2\/types\/page"}],"author":[{"embeddable":true,"href":"https:\/\/radel-hahn.hu\/deutsch\/wp-json\/wp\/v2\/users\/1"}],"replies":[{"embeddable":true,"href":"https:\/\/radel-hahn.hu\/deutsch\/wp-json\/wp\/v2\/comments?post=525"}],"version-history":[{"count":7,"href":"https:\/\/radel-hahn.hu\/deutsch\/wp-json\/wp\/v2\/pages\/525\/revisions"}],"predecessor-version":[{"id":5820,"href":"https:\/\/radel-hahn.hu\/deutsch\/wp-json\/wp\/v2\/pages\/525\/revisions\/5820"}],"wp:attachment":[{"href":"https:\/\/radel-hahn.hu\/deutsch\/wp-json\/wp\/v2\/media?parent=525"}],"curies":[{"name":"wp","href":"https:\/\/api.w.org\/{rel}","templated":true}]}}