{"id":1297,"date":"2017-11-17T12:10:41","date_gmt":"2017-11-17T12:10:41","guid":{"rendered":"https:\/\/radel-hahn.hu\/deutsch\/?page_id=1297"},"modified":"2022-06-22T14:07:53","modified_gmt":"2022-06-22T12:07:53","slug":"egkr","status":"publish","type":"page","link":"https:\/\/radel-hahn.hu\/deutsch\/egkr\/","title":{"rendered":"EGKR Schwimmbadklimager\u00e4te"},"content":{"rendered":"<section class=\"l-section wpb_row height_small\"><div class=\"l-section-h i-cf\"><div class=\"g-cols vc_row via_flex valign_middle type_default stacking_default\"><div class=\"vc_col-sm-6 wpb_column vc_column_container\"><div class=\"vc_column-inner\"><div class=\"wpb_wrapper\"><div class=\"wpb_text_column\"><div class=\"wpb_wrapper\"><p><strong>f\u00fcr Wellnes und \u00f6ffentliche Hallenb\u00e4der<\/strong><\/p>\n<p style=\"text-align: justify;\">Im Entfeuchtungsger\u00e4t Typ <strong>EGKR<\/strong> ist ein Recuperationsw\u00e4rmetauscher eingebaut, wodurch der Kompressor kleiner ausgelegt werden kann und ein kleinerer Bedarf an Elektroenergie erreicht wird. <strong>Sie k\u00f6nnen damit mehr Energie sparen!<\/strong><\/p>\n<p style=\"text-align: justify;\">Die Frischluftmenge kann zwischen 0 \u2013 100 % sein. Ein Vorteil des Schwimmbadl\u00fcftungsger\u00e4t EGKR sind die <strong>sehr g\u00fcnstige Betriebskosten.<\/strong><\/p>\n<p style=\"text-align: justify;\">Das Ger\u00e4t EGKR hat mehrere Ausbauvariationen und kann besonders bei Privatschwimmhallen und \u00f6ffentliche Schwimmhallen eingesetzt werden.<\/p>\n<p><a href=\"https:\/\/radel-hahn.hu\/deutsch\/wp-content\/uploads\/sites\/3\/2017\/12\/Schwimmbadklima.pdf\" target=\"_blank\" rel=\"noopener\"><strong><img loading=\"lazy\" decoding=\"async\" class=\"size-full wp-image-2205 alignnone\" src=\"https:\/\/radel-hahn.hu\/deutsch\/wp-content\/uploads\/sites\/3\/2018\/03\/logo16v3.png\" alt=\"\" width=\"16\" height=\"14\" \/> Das dazugeh\u00f6rige Prospekt \u00fcber &#8222;Schwimmbadentfeuchtungsger\u00e4te&#8220; kann hier heruntergeladen werden<\/strong><\/a><\/p>\n<\/div><\/div><\/div><\/div><\/div><div class=\"vc_col-sm-6 wpb_column vc_column_container\"><div class=\"vc_column-inner\"><div class=\"wpb_wrapper\"><div class=\"w-image style_shadow-1 align_center us_animate_afb\" style=\"animation-delay:0.2s\"><div class=\"w-image-h\"><img decoding=\"async\" width=\"768\" height=\"576\" src=\"https:\/\/radel-hahn.hu\/deutsch\/wp-content\/uploads\/sites\/3\/2017\/11\/uszoda_EGKR-768x576.jpg\" class=\"attachment-us_768_0 size-us_768_0\" alt=\"\" loading=\"lazy\" srcset=\"https:\/\/radel-hahn.hu\/deutsch\/wp-content\/uploads\/sites\/3\/2017\/11\/uszoda_EGKR-768x576.jpg 768w, https:\/\/radel-hahn.hu\/deutsch\/wp-content\/uploads\/sites\/3\/2017\/11\/uszoda_EGKR-300x225.jpg 300w, https:\/\/radel-hahn.hu\/deutsch\/wp-content\/uploads\/sites\/3\/2017\/11\/uszoda_EGKR.jpg 900w\" sizes=\"auto, (max-width: 768px) 100vw, 768px\" \/><\/div><\/div><\/div><\/div><\/div><\/div><\/div><\/section>\n","protected":false},"excerpt":{"rendered":"f\u00fcr Wellnes und \u00f6ffentliche Hallenb\u00e4der Im Entfeuchtungsger\u00e4t Typ EGKR ist ein Recuperationsw\u00e4rmetauscher eingebaut, wodurch der Kompressor kleiner ausgelegt werden kann und ein kleinerer Bedarf an Elektroenergie erreicht wird. Sie k\u00f6nnen damit mehr Energie sparen! Die Frischluftmenge kann zwischen 0 \u2013 100 % sein. Ein Vorteil des Schwimmbadl\u00fcftungsger\u00e4t EGKR sind die sehr g\u00fcnstige Betriebskosten. Das Ger\u00e4t...","protected":false},"author":1,"featured_media":0,"parent":0,"menu_order":0,"comment_status":"closed","ping_status":"closed","template":"","meta":{"footnotes":""},"class_list":["post-1297","page","type-page","status-publish","hentry"],"yoast_head":"<!-- This site is optimized with the Yoast SEO plugin v27.5 - https:\/\/yoast.com\/product\/yoast-seo-wordpress\/ -->\n<title>EGKR Schwimmbadklimager\u00e4te - Radel &amp; Hahn Zrt - Deutsch<\/title>\n<meta name=\"description\" content=\"Entfeuchtung und Beheizung von Poolbereichen in Hotels und Wellnesszentren mit Schwimmbadklimager\u00e4te mit W\u00e4rmer\u00fcckgewinnung.\" \/>\n<meta name=\"robots\" content=\"index, follow, max-snippet:-1, max-image-preview:large, max-video-preview:-1\" \/>\n<link rel=\"canonical\" href=\"https:\/\/radel-hahn.hu\/deutsch\/egkr\/\" \/>\n<meta property=\"og:locale\" content=\"de_DE\" \/>\n<meta property=\"og:type\" content=\"article\" \/>\n<meta property=\"og:title\" content=\"EGKR Schwimmbadklimager\u00e4te - Radel &amp; Hahn Zrt - Deutsch\" \/>\n<meta property=\"og:description\" content=\"Entfeuchtung und Beheizung von Poolbereichen in Hotels und Wellnesszentren mit Schwimmbadklimager\u00e4te mit W\u00e4rmer\u00fcckgewinnung.\" \/>\n<meta property=\"og:url\" content=\"https:\/\/radel-hahn.hu\/deutsch\/egkr\/\" \/>\n<meta property=\"og:site_name\" content=\"Radel &amp; Hahn Zrt - Deutsch\" \/>\n<meta property=\"article:modified_time\" content=\"2022-06-22T12:07:53+00:00\" \/>\n<meta property=\"og:image\" content=\"https:\/\/radel-hahn.hu\/deutsch\/wp-content\/uploads\/sites\/3\/2018\/03\/logo16v3.png\" \/>\n<meta name=\"twitter:card\" content=\"summary_large_image\" \/>\n<meta name=\"twitter:label1\" content=\"Gesch\u00e4tzte Lesezeit\" \/>\n\t<meta name=\"twitter:data1\" content=\"1\u00a0Minute\" \/>\n<script type=\"application\/ld+json\" class=\"yoast-schema-graph\">{\"@context\":\"https:\\\/\\\/schema.org\",\"@graph\":[{\"@type\":\"WebPage\",\"@id\":\"https:\\\/\\\/radel-hahn.hu\\\/deutsch\\\/egkr\\\/\",\"url\":\"https:\\\/\\\/radel-hahn.hu\\\/deutsch\\\/egkr\\\/\",\"name\":\"EGKR Schwimmbadklimager\u00e4te - Radel &amp; Hahn Zrt - Deutsch\",\"isPartOf\":{\"@id\":\"https:\\\/\\\/radel-hahn.hu\\\/deutsch\\\/#website\"},\"primaryImageOfPage\":{\"@id\":\"https:\\\/\\\/radel-hahn.hu\\\/deutsch\\\/egkr\\\/#primaryimage\"},\"image\":{\"@id\":\"https:\\\/\\\/radel-hahn.hu\\\/deutsch\\\/egkr\\\/#primaryimage\"},\"thumbnailUrl\":\"https:\\\/\\\/radel-hahn.hu\\\/deutsch\\\/wp-content\\\/uploads\\\/sites\\\/3\\\/2018\\\/03\\\/logo16v3.png\",\"datePublished\":\"2017-11-17T12:10:41+00:00\",\"dateModified\":\"2022-06-22T12:07:53+00:00\",\"description\":\"Entfeuchtung und Beheizung von Poolbereichen in Hotels und Wellnesszentren mit Schwimmbadklimager\u00e4te mit W\u00e4rmer\u00fcckgewinnung.\",\"breadcrumb\":{\"@id\":\"https:\\\/\\\/radel-hahn.hu\\\/deutsch\\\/egkr\\\/#breadcrumb\"},\"inLanguage\":\"de\",\"potentialAction\":[{\"@type\":\"ReadAction\",\"target\":[\"https:\\\/\\\/radel-hahn.hu\\\/deutsch\\\/egkr\\\/\"]}]},{\"@type\":\"ImageObject\",\"inLanguage\":\"de\",\"@id\":\"https:\\\/\\\/radel-hahn.hu\\\/deutsch\\\/egkr\\\/#primaryimage\",\"url\":\"https:\\\/\\\/radel-hahn.hu\\\/deutsch\\\/wp-content\\\/uploads\\\/sites\\\/3\\\/2018\\\/03\\\/logo16v3.png\",\"contentUrl\":\"https:\\\/\\\/radel-hahn.hu\\\/deutsch\\\/wp-content\\\/uploads\\\/sites\\\/3\\\/2018\\\/03\\\/logo16v3.png\"},{\"@type\":\"BreadcrumbList\",\"@id\":\"https:\\\/\\\/radel-hahn.hu\\\/deutsch\\\/egkr\\\/#breadcrumb\",\"itemListElement\":[{\"@type\":\"ListItem\",\"position\":1,\"name\":\"Startseite\",\"item\":\"https:\\\/\\\/radel-hahn.hu\\\/deutsch\\\/\"},{\"@type\":\"ListItem\",\"position\":2,\"name\":\"EGKR Schwimmbadklimager\u00e4te\"}]},{\"@type\":\"WebSite\",\"@id\":\"https:\\\/\\\/radel-hahn.hu\\\/deutsch\\\/#website\",\"url\":\"https:\\\/\\\/radel-hahn.hu\\\/deutsch\\\/\",\"name\":\"Radel &amp; Hahn Zrt - Deutsch\",\"description\":\"Radel &amp; Hahn Zrt - Deutsch\",\"potentialAction\":[{\"@type\":\"SearchAction\",\"target\":{\"@type\":\"EntryPoint\",\"urlTemplate\":\"https:\\\/\\\/radel-hahn.hu\\\/deutsch\\\/?s={search_term_string}\"},\"query-input\":{\"@type\":\"PropertyValueSpecification\",\"valueRequired\":true,\"valueName\":\"search_term_string\"}}],\"inLanguage\":\"de\"}]}<\/script>\n<!-- \/ Yoast SEO plugin. -->","yoast_head_json":{"title":"EGKR Schwimmbadklimager\u00e4te - Radel &amp; Hahn Zrt - Deutsch","description":"Entfeuchtung und Beheizung von Poolbereichen in Hotels und Wellnesszentren mit Schwimmbadklimager\u00e4te mit W\u00e4rmer\u00fcckgewinnung.","robots":{"index":"index","follow":"follow","max-snippet":"max-snippet:-1","max-image-preview":"max-image-preview:large","max-video-preview":"max-video-preview:-1"},"canonical":"https:\/\/radel-hahn.hu\/deutsch\/egkr\/","og_locale":"de_DE","og_type":"article","og_title":"EGKR Schwimmbadklimager\u00e4te - Radel &amp; Hahn Zrt - Deutsch","og_description":"Entfeuchtung und Beheizung von Poolbereichen in Hotels und Wellnesszentren mit Schwimmbadklimager\u00e4te mit W\u00e4rmer\u00fcckgewinnung.","og_url":"https:\/\/radel-hahn.hu\/deutsch\/egkr\/","og_site_name":"Radel &amp; Hahn Zrt - Deutsch","article_modified_time":"2022-06-22T12:07:53+00:00","og_image":[{"url":"https:\/\/radel-hahn.hu\/deutsch\/wp-content\/uploads\/sites\/3\/2018\/03\/logo16v3.png","type":"","width":"","height":""}],"twitter_card":"summary_large_image","twitter_misc":{"Gesch\u00e4tzte Lesezeit":"1\u00a0Minute"},"schema":{"@context":"https:\/\/schema.org","@graph":[{"@type":"WebPage","@id":"https:\/\/radel-hahn.hu\/deutsch\/egkr\/","url":"https:\/\/radel-hahn.hu\/deutsch\/egkr\/","name":"EGKR Schwimmbadklimager\u00e4te - Radel &amp; Hahn Zrt - Deutsch","isPartOf":{"@id":"https:\/\/radel-hahn.hu\/deutsch\/#website"},"primaryImageOfPage":{"@id":"https:\/\/radel-hahn.hu\/deutsch\/egkr\/#primaryimage"},"image":{"@id":"https:\/\/radel-hahn.hu\/deutsch\/egkr\/#primaryimage"},"thumbnailUrl":"https:\/\/radel-hahn.hu\/deutsch\/wp-content\/uploads\/sites\/3\/2018\/03\/logo16v3.png","datePublished":"2017-11-17T12:10:41+00:00","dateModified":"2022-06-22T12:07:53+00:00","description":"Entfeuchtung und Beheizung von Poolbereichen in Hotels und Wellnesszentren mit Schwimmbadklimager\u00e4te mit W\u00e4rmer\u00fcckgewinnung.","breadcrumb":{"@id":"https:\/\/radel-hahn.hu\/deutsch\/egkr\/#breadcrumb"},"inLanguage":"de","potentialAction":[{"@type":"ReadAction","target":["https:\/\/radel-hahn.hu\/deutsch\/egkr\/"]}]},{"@type":"ImageObject","inLanguage":"de","@id":"https:\/\/radel-hahn.hu\/deutsch\/egkr\/#primaryimage","url":"https:\/\/radel-hahn.hu\/deutsch\/wp-content\/uploads\/sites\/3\/2018\/03\/logo16v3.png","contentUrl":"https:\/\/radel-hahn.hu\/deutsch\/wp-content\/uploads\/sites\/3\/2018\/03\/logo16v3.png"},{"@type":"BreadcrumbList","@id":"https:\/\/radel-hahn.hu\/deutsch\/egkr\/#breadcrumb","itemListElement":[{"@type":"ListItem","position":1,"name":"Startseite","item":"https:\/\/radel-hahn.hu\/deutsch\/"},{"@type":"ListItem","position":2,"name":"EGKR Schwimmbadklimager\u00e4te"}]},{"@type":"WebSite","@id":"https:\/\/radel-hahn.hu\/deutsch\/#website","url":"https:\/\/radel-hahn.hu\/deutsch\/","name":"Radel &amp; Hahn Zrt - Deutsch","description":"Radel &amp; Hahn Zrt - Deutsch","potentialAction":[{"@type":"SearchAction","target":{"@type":"EntryPoint","urlTemplate":"https:\/\/radel-hahn.hu\/deutsch\/?s={search_term_string}"},"query-input":{"@type":"PropertyValueSpecification","valueRequired":true,"valueName":"search_term_string"}}],"inLanguage":"de"}]}},"_links":{"self":[{"href":"https:\/\/radel-hahn.hu\/deutsch\/wp-json\/wp\/v2\/pages\/1297","targetHints":{"allow":["GET"]}}],"collection":[{"href":"https:\/\/radel-hahn.hu\/deutsch\/wp-json\/wp\/v2\/pages"}],"about":[{"href":"https:\/\/radel-hahn.hu\/deutsch\/wp-json\/wp\/v2\/types\/page"}],"author":[{"embeddable":true,"href":"https:\/\/radel-hahn.hu\/deutsch\/wp-json\/wp\/v2\/users\/1"}],"replies":[{"embeddable":true,"href":"https:\/\/radel-hahn.hu\/deutsch\/wp-json\/wp\/v2\/comments?post=1297"}],"version-history":[{"count":2,"href":"https:\/\/radel-hahn.hu\/deutsch\/wp-json\/wp\/v2\/pages\/1297\/revisions"}],"predecessor-version":[{"id":5825,"href":"https:\/\/radel-hahn.hu\/deutsch\/wp-json\/wp\/v2\/pages\/1297\/revisions\/5825"}],"wp:attachment":[{"href":"https:\/\/radel-hahn.hu\/deutsch\/wp-json\/wp\/v2\/media?parent=1297"}],"curies":[{"name":"wp","href":"https:\/\/api.w.org\/{rel}","templated":true}]}}