{"id":1033,"date":"2017-11-13T18:54:12","date_gmt":"2017-11-13T17:54:12","guid":{"rendered":"https:\/\/radel-hahn.hu\/?page_id=1033"},"modified":"2022-06-22T13:11:06","modified_gmt":"2022-06-22T11:11:06","slug":"sondergeraete-und-sonderanlagen","status":"publish","type":"page","link":"https:\/\/radel-hahn.hu\/deutsch\/sondergeraete-und-sonderanlagen\/","title":{"rendered":"Reinraumtechnische Sonderger\u00e4te und Sonderanlagen"},"content":{"rendered":"<section class=\"l-section wpb_row height_small\"><div class=\"l-section-h i-cf\"><div class=\"g-cols vc_row via_flex valign_middle type_default stacking_default\"><div class=\"vc_col-sm-6 wpb_column vc_column_container\"><div class=\"vc_column-inner\"><div class=\"wpb_wrapper\"><div class=\"wpb_text_column\"><div class=\"wpb_wrapper\"><p style=\"text-align: justify;\">Wir bieten Ihnen mit unserer haustechnischen Anlagen komplette und professionale L\u00f6sungen im Bereich der Planung und Ausf\u00fchrung der industriellen Reinr\u00e4ume. Alle Reinr\u00e4ume von uns werden unter Ber\u00fccksichtigungen aller Kundenw\u00fcnsche konzipiert.<\/p>\n<p style=\"text-align: justify;\">Um unseren Kunden eine lange Lebensdauer unserer Produkte und Anlagen gew\u00e4hrleisten zu k\u00f6nnen, verwenden wir ausschlie\u00dflich Materialien von bester Qualit\u00e4t und anwenden Technologien von h\u00f6chstem Niveau.<\/p>\n<p><a href=\"https:\/\/radel-hahn.hu\/deutsch\/wp-content\/uploads\/sites\/3\/2018\/02\/Laminarboxen_v2_2018.pdf\" target=\"_blank\" rel=\"noopener\"><strong><img loading=\"lazy\" decoding=\"async\" class=\"size-full wp-image-2205 alignnone\" src=\"https:\/\/radel-hahn.hu\/deutsch\/wp-content\/uploads\/sites\/3\/2018\/03\/logo16v3.png\" alt=\"\" width=\"16\" height=\"14\" \/> Der Prospekt \u00fcber die reinraumtechnischen Ger\u00e4te kann hier heruntergeladen werden<\/strong><\/a><\/p>\n<\/div><\/div><\/div><\/div><\/div><div class=\"vc_col-sm-6 wpb_column vc_column_container\"><div class=\"vc_column-inner\"><div class=\"wpb_wrapper\"><div class=\"w-image style_shadow-1 align_center us_animate_afb\" style=\"animation-delay:0.2s\"><div class=\"w-image-h\"><img decoding=\"async\" width=\"768\" height=\"576\" src=\"https:\/\/radel-hahn.hu\/deutsch\/wp-content\/uploads\/sites\/3\/2017\/11\/tisztater_specialis_berendezesek-768x576.jpg\" class=\"attachment-us_768_0 size-us_768_0\" alt=\"\" loading=\"lazy\" srcset=\"https:\/\/radel-hahn.hu\/deutsch\/wp-content\/uploads\/sites\/3\/2017\/11\/tisztater_specialis_berendezesek-768x576.jpg 768w, https:\/\/radel-hahn.hu\/deutsch\/wp-content\/uploads\/sites\/3\/2017\/11\/tisztater_specialis_berendezesek-300x225.jpg 300w, https:\/\/radel-hahn.hu\/deutsch\/wp-content\/uploads\/sites\/3\/2017\/11\/tisztater_specialis_berendezesek.jpg 900w\" sizes=\"auto, (max-width: 768px) 100vw, 768px\" \/><\/div><\/div><\/div><\/div><\/div><\/div><\/div><\/section>\n","protected":false},"excerpt":{"rendered":"Wir bieten Ihnen mit unserer haustechnischen Anlagen komplette und professionale L\u00f6sungen im Bereich der Planung und Ausf\u00fchrung der industriellen Reinr\u00e4ume. Alle Reinr\u00e4ume von uns werden unter Ber\u00fccksichtigungen aller Kundenw\u00fcnsche konzipiert. Um unseren Kunden eine lange Lebensdauer unserer Produkte und Anlagen gew\u00e4hrleisten zu k\u00f6nnen, verwenden wir ausschlie\u00dflich Materialien von bester Qualit\u00e4t und anwenden Technologien von h\u00f6chstem...","protected":false},"author":1,"featured_media":0,"parent":0,"menu_order":0,"comment_status":"closed","ping_status":"closed","template":"","meta":{"footnotes":""},"class_list":["post-1033","page","type-page","status-publish","hentry"],"yoast_head":"<!-- This site is optimized with the Yoast SEO plugin v27.5 - https:\/\/yoast.com\/product\/yoast-seo-wordpress\/ -->\n<title>Reinraumtechnische Sonderger\u00e4te und Sonderanlagen - Radel &amp; Hahn Zrt - Deutsch<\/title>\n<meta name=\"description\" content=\"Unsere Spezialger\u00e4te sind f\u00fcr Betriebe mit erh\u00f6hten Reinheitsanforderungen geeignet.\" \/>\n<meta name=\"robots\" content=\"index, follow, max-snippet:-1, max-image-preview:large, max-video-preview:-1\" \/>\n<link rel=\"canonical\" href=\"https:\/\/radel-hahn.hu\/deutsch\/sondergeraete-und-sonderanlagen\/\" \/>\n<meta property=\"og:locale\" content=\"de_DE\" \/>\n<meta property=\"og:type\" content=\"article\" \/>\n<meta property=\"og:title\" content=\"Reinraumtechnische Sonderger\u00e4te und Sonderanlagen - Radel &amp; Hahn Zrt - Deutsch\" \/>\n<meta property=\"og:description\" content=\"Unsere Spezialger\u00e4te sind f\u00fcr Betriebe mit erh\u00f6hten Reinheitsanforderungen geeignet.\" \/>\n<meta property=\"og:url\" content=\"https:\/\/radel-hahn.hu\/deutsch\/sondergeraete-und-sonderanlagen\/\" \/>\n<meta property=\"og:site_name\" content=\"Radel &amp; Hahn Zrt - Deutsch\" \/>\n<meta property=\"article:modified_time\" content=\"2022-06-22T11:11:06+00:00\" \/>\n<meta property=\"og:image\" content=\"https:\/\/radel-hahn.hu\/deutsch\/wp-content\/uploads\/sites\/3\/2018\/03\/logo16v3.png\" \/>\n<meta name=\"twitter:card\" content=\"summary_large_image\" \/>\n<meta name=\"twitter:label1\" content=\"Gesch\u00e4tzte Lesezeit\" \/>\n\t<meta name=\"twitter:data1\" content=\"1\u00a0Minute\" \/>\n<script type=\"application\/ld+json\" class=\"yoast-schema-graph\">{\"@context\":\"https:\\\/\\\/schema.org\",\"@graph\":[{\"@type\":\"WebPage\",\"@id\":\"https:\\\/\\\/radel-hahn.hu\\\/deutsch\\\/sondergeraete-und-sonderanlagen\\\/\",\"url\":\"https:\\\/\\\/radel-hahn.hu\\\/deutsch\\\/sondergeraete-und-sonderanlagen\\\/\",\"name\":\"Reinraumtechnische Sonderger\u00e4te und Sonderanlagen - Radel &amp; Hahn Zrt - Deutsch\",\"isPartOf\":{\"@id\":\"https:\\\/\\\/radel-hahn.hu\\\/deutsch\\\/#website\"},\"primaryImageOfPage\":{\"@id\":\"https:\\\/\\\/radel-hahn.hu\\\/deutsch\\\/sondergeraete-und-sonderanlagen\\\/#primaryimage\"},\"image\":{\"@id\":\"https:\\\/\\\/radel-hahn.hu\\\/deutsch\\\/sondergeraete-und-sonderanlagen\\\/#primaryimage\"},\"thumbnailUrl\":\"https:\\\/\\\/radel-hahn.hu\\\/deutsch\\\/wp-content\\\/uploads\\\/sites\\\/3\\\/2018\\\/03\\\/logo16v3.png\",\"datePublished\":\"2017-11-13T17:54:12+00:00\",\"dateModified\":\"2022-06-22T11:11:06+00:00\",\"description\":\"Unsere Spezialger\u00e4te sind f\u00fcr Betriebe mit erh\u00f6hten Reinheitsanforderungen geeignet.\",\"breadcrumb\":{\"@id\":\"https:\\\/\\\/radel-hahn.hu\\\/deutsch\\\/sondergeraete-und-sonderanlagen\\\/#breadcrumb\"},\"inLanguage\":\"de\",\"potentialAction\":[{\"@type\":\"ReadAction\",\"target\":[\"https:\\\/\\\/radel-hahn.hu\\\/deutsch\\\/sondergeraete-und-sonderanlagen\\\/\"]}]},{\"@type\":\"ImageObject\",\"inLanguage\":\"de\",\"@id\":\"https:\\\/\\\/radel-hahn.hu\\\/deutsch\\\/sondergeraete-und-sonderanlagen\\\/#primaryimage\",\"url\":\"https:\\\/\\\/radel-hahn.hu\\\/deutsch\\\/wp-content\\\/uploads\\\/sites\\\/3\\\/2018\\\/03\\\/logo16v3.png\",\"contentUrl\":\"https:\\\/\\\/radel-hahn.hu\\\/deutsch\\\/wp-content\\\/uploads\\\/sites\\\/3\\\/2018\\\/03\\\/logo16v3.png\"},{\"@type\":\"BreadcrumbList\",\"@id\":\"https:\\\/\\\/radel-hahn.hu\\\/deutsch\\\/sondergeraete-und-sonderanlagen\\\/#breadcrumb\",\"itemListElement\":[{\"@type\":\"ListItem\",\"position\":1,\"name\":\"Startseite\",\"item\":\"https:\\\/\\\/radel-hahn.hu\\\/deutsch\\\/\"},{\"@type\":\"ListItem\",\"position\":2,\"name\":\"Reinraumtechnische Sonderger\u00e4te und Sonderanlagen\"}]},{\"@type\":\"WebSite\",\"@id\":\"https:\\\/\\\/radel-hahn.hu\\\/deutsch\\\/#website\",\"url\":\"https:\\\/\\\/radel-hahn.hu\\\/deutsch\\\/\",\"name\":\"Radel &amp; Hahn Zrt - Deutsch\",\"description\":\"Radel &amp; Hahn Zrt - Deutsch\",\"potentialAction\":[{\"@type\":\"SearchAction\",\"target\":{\"@type\":\"EntryPoint\",\"urlTemplate\":\"https:\\\/\\\/radel-hahn.hu\\\/deutsch\\\/?s={search_term_string}\"},\"query-input\":{\"@type\":\"PropertyValueSpecification\",\"valueRequired\":true,\"valueName\":\"search_term_string\"}}],\"inLanguage\":\"de\"}]}<\/script>\n<!-- \/ Yoast SEO plugin. -->","yoast_head_json":{"title":"Reinraumtechnische Sonderger\u00e4te und Sonderanlagen - Radel &amp; Hahn Zrt - Deutsch","description":"Unsere Spezialger\u00e4te sind f\u00fcr Betriebe mit erh\u00f6hten Reinheitsanforderungen geeignet.","robots":{"index":"index","follow":"follow","max-snippet":"max-snippet:-1","max-image-preview":"max-image-preview:large","max-video-preview":"max-video-preview:-1"},"canonical":"https:\/\/radel-hahn.hu\/deutsch\/sondergeraete-und-sonderanlagen\/","og_locale":"de_DE","og_type":"article","og_title":"Reinraumtechnische Sonderger\u00e4te und Sonderanlagen - Radel &amp; Hahn Zrt - Deutsch","og_description":"Unsere Spezialger\u00e4te sind f\u00fcr Betriebe mit erh\u00f6hten Reinheitsanforderungen geeignet.","og_url":"https:\/\/radel-hahn.hu\/deutsch\/sondergeraete-und-sonderanlagen\/","og_site_name":"Radel &amp; Hahn Zrt - Deutsch","article_modified_time":"2022-06-22T11:11:06+00:00","og_image":[{"url":"https:\/\/radel-hahn.hu\/deutsch\/wp-content\/uploads\/sites\/3\/2018\/03\/logo16v3.png","type":"","width":"","height":""}],"twitter_card":"summary_large_image","twitter_misc":{"Gesch\u00e4tzte Lesezeit":"1\u00a0Minute"},"schema":{"@context":"https:\/\/schema.org","@graph":[{"@type":"WebPage","@id":"https:\/\/radel-hahn.hu\/deutsch\/sondergeraete-und-sonderanlagen\/","url":"https:\/\/radel-hahn.hu\/deutsch\/sondergeraete-und-sonderanlagen\/","name":"Reinraumtechnische Sonderger\u00e4te und Sonderanlagen - Radel &amp; Hahn Zrt - Deutsch","isPartOf":{"@id":"https:\/\/radel-hahn.hu\/deutsch\/#website"},"primaryImageOfPage":{"@id":"https:\/\/radel-hahn.hu\/deutsch\/sondergeraete-und-sonderanlagen\/#primaryimage"},"image":{"@id":"https:\/\/radel-hahn.hu\/deutsch\/sondergeraete-und-sonderanlagen\/#primaryimage"},"thumbnailUrl":"https:\/\/radel-hahn.hu\/deutsch\/wp-content\/uploads\/sites\/3\/2018\/03\/logo16v3.png","datePublished":"2017-11-13T17:54:12+00:00","dateModified":"2022-06-22T11:11:06+00:00","description":"Unsere Spezialger\u00e4te sind f\u00fcr Betriebe mit erh\u00f6hten Reinheitsanforderungen geeignet.","breadcrumb":{"@id":"https:\/\/radel-hahn.hu\/deutsch\/sondergeraete-und-sonderanlagen\/#breadcrumb"},"inLanguage":"de","potentialAction":[{"@type":"ReadAction","target":["https:\/\/radel-hahn.hu\/deutsch\/sondergeraete-und-sonderanlagen\/"]}]},{"@type":"ImageObject","inLanguage":"de","@id":"https:\/\/radel-hahn.hu\/deutsch\/sondergeraete-und-sonderanlagen\/#primaryimage","url":"https:\/\/radel-hahn.hu\/deutsch\/wp-content\/uploads\/sites\/3\/2018\/03\/logo16v3.png","contentUrl":"https:\/\/radel-hahn.hu\/deutsch\/wp-content\/uploads\/sites\/3\/2018\/03\/logo16v3.png"},{"@type":"BreadcrumbList","@id":"https:\/\/radel-hahn.hu\/deutsch\/sondergeraete-und-sonderanlagen\/#breadcrumb","itemListElement":[{"@type":"ListItem","position":1,"name":"Startseite","item":"https:\/\/radel-hahn.hu\/deutsch\/"},{"@type":"ListItem","position":2,"name":"Reinraumtechnische Sonderger\u00e4te und Sonderanlagen"}]},{"@type":"WebSite","@id":"https:\/\/radel-hahn.hu\/deutsch\/#website","url":"https:\/\/radel-hahn.hu\/deutsch\/","name":"Radel &amp; Hahn Zrt - Deutsch","description":"Radel &amp; Hahn Zrt - Deutsch","potentialAction":[{"@type":"SearchAction","target":{"@type":"EntryPoint","urlTemplate":"https:\/\/radel-hahn.hu\/deutsch\/?s={search_term_string}"},"query-input":{"@type":"PropertyValueSpecification","valueRequired":true,"valueName":"search_term_string"}}],"inLanguage":"de"}]}},"_links":{"self":[{"href":"https:\/\/radel-hahn.hu\/deutsch\/wp-json\/wp\/v2\/pages\/1033","targetHints":{"allow":["GET"]}}],"collection":[{"href":"https:\/\/radel-hahn.hu\/deutsch\/wp-json\/wp\/v2\/pages"}],"about":[{"href":"https:\/\/radel-hahn.hu\/deutsch\/wp-json\/wp\/v2\/types\/page"}],"author":[{"embeddable":true,"href":"https:\/\/radel-hahn.hu\/deutsch\/wp-json\/wp\/v2\/users\/1"}],"replies":[{"embeddable":true,"href":"https:\/\/radel-hahn.hu\/deutsch\/wp-json\/wp\/v2\/comments?post=1033"}],"version-history":[{"count":3,"href":"https:\/\/radel-hahn.hu\/deutsch\/wp-json\/wp\/v2\/pages\/1033\/revisions"}],"predecessor-version":[{"id":5823,"href":"https:\/\/radel-hahn.hu\/deutsch\/wp-json\/wp\/v2\/pages\/1033\/revisions\/5823"}],"wp:attachment":[{"href":"https:\/\/radel-hahn.hu\/deutsch\/wp-json\/wp\/v2\/media?parent=1033"}],"curies":[{"name":"wp","href":"https:\/\/api.w.org\/{rel}","templated":true}]}}