{"id":1026,"date":"2017-11-13T18:52:13","date_gmt":"2017-11-13T17:52:13","guid":{"rendered":"https:\/\/radel-hahn.hu\/?page_id=1026"},"modified":"2022-03-16T14:24:28","modified_gmt":"2022-03-16T13:24:28","slug":"luftduschkabine-2","status":"publish","type":"page","link":"https:\/\/radel-hahn.hu\/deutsch\/luftduschkabine-2\/","title":{"rendered":"Luftduschkabine"},"content":{"rendered":"<section class=\"l-section wpb_row height_small\"><div class=\"l-section-h i-cf\"><div class=\"g-cols vc_row via_flex valign_middle type_default stacking_default\"><div class=\"vc_col-sm-6 wpb_column vc_column_container\"><div class=\"vc_column-inner\"><div class=\"wpb_wrapper\"><div class=\"wpb_text_column\"><div class=\"wpb_wrapper\"><p style=\"text-align: justify;\">Die Luftduschkabine ist ein einseitig ge\u00f6ffneter Arbeitsraum, wo die Zuluft \u00fcber den Vorfilter und \u00fcber den oben angebauten Feinfilter in horizontaler Richtung mit gro\u00dfer Geschwindigkeit auf die in der Kabine stehende Person gef\u00fchrt wird. Durch diese reine Luftstr\u00f6mung werden die Verschmutzungen kontinuierlich entfernt.<\/p>\n<p><strong>Reinheit des Arbeitsraumes nach EN ISO 14644 : <\/strong><br \/>\n<strong>Klasse 7<\/strong><br \/>\n(nach US 209\/E : 10.000)<\/p>\n<p><strong>Verwendungsgebiete:<\/strong><\/p>\n<ul>\n<li>Pharmaindustrie<\/li>\n<li>Lebensmittelindustrie<\/li>\n<li>Optik und Mikroelektronik<\/li>\n<\/ul>\n<p><a href=\"https:\/\/radel-hahn.hu\/deutsch\/wp-content\/uploads\/sites\/3\/2022\/03\/Luftduschkabine__2022.pdf\" target=\"_blank\" rel=\"noopener\"><strong><img loading=\"lazy\" decoding=\"async\" class=\"size-full wp-image-2205 alignnone\" src=\"https:\/\/radel-hahn.hu\/deutsch\/wp-content\/uploads\/sites\/3\/2018\/03\/logo16v3.png\" alt=\"\" width=\"16\" height=\"14\" \/> Der Prospekt \u00fcber die Luftduschkabine kann hier heruntergeladen werden<\/strong><\/a><\/p>\n<\/div><\/div><\/div><\/div><\/div><div class=\"vc_col-sm-6 wpb_column vc_column_container\"><div class=\"vc_column-inner\"><div class=\"wpb_wrapper\"><div class=\"w-image style_shadow-1 align_center us_animate_afb\" style=\"animation-delay:0.2s\"><div class=\"w-image-h\"><img decoding=\"async\" width=\"768\" height=\"576\" src=\"https:\/\/radel-hahn.hu\/deutsch\/wp-content\/uploads\/sites\/3\/2017\/11\/tisztater_legzuhany-768x576.jpg\" class=\"attachment-us_768_0 size-us_768_0\" alt=\"\" loading=\"lazy\" srcset=\"https:\/\/radel-hahn.hu\/deutsch\/wp-content\/uploads\/sites\/3\/2017\/11\/tisztater_legzuhany-768x576.jpg 768w, https:\/\/radel-hahn.hu\/deutsch\/wp-content\/uploads\/sites\/3\/2017\/11\/tisztater_legzuhany-300x225.jpg 300w, https:\/\/radel-hahn.hu\/deutsch\/wp-content\/uploads\/sites\/3\/2017\/11\/tisztater_legzuhany.jpg 900w\" sizes=\"auto, (max-width: 768px) 100vw, 768px\" \/><\/div><\/div><\/div><\/div><\/div><\/div><\/div><\/section>\n","protected":false},"excerpt":{"rendered":"Die Luftduschkabine ist ein einseitig ge\u00f6ffneter Arbeitsraum, wo die Zuluft \u00fcber den Vorfilter und \u00fcber den oben angebauten Feinfilter in horizontaler Richtung mit gro\u00dfer Geschwindigkeit auf die in der Kabine stehende Person gef\u00fchrt wird. Durch diese reine Luftstr\u00f6mung werden die Verschmutzungen kontinuierlich entfernt. Reinheit des Arbeitsraumes nach EN ISO 14644 : Klasse 7 (nach US...","protected":false},"author":1,"featured_media":0,"parent":0,"menu_order":0,"comment_status":"closed","ping_status":"closed","template":"","meta":{"footnotes":""},"class_list":["post-1026","page","type-page","status-publish","hentry"],"yoast_head":"<!-- This site is optimized with the Yoast SEO plugin v27.5 - https:\/\/yoast.com\/product\/yoast-seo-wordpress\/ -->\n<title>Luftduschkabine - Radel &amp; Hahn Zrt - Deutsch<\/title>\n<meta name=\"robots\" content=\"index, follow, max-snippet:-1, max-image-preview:large, max-video-preview:-1\" \/>\n<link rel=\"canonical\" href=\"https:\/\/radel-hahn.hu\/deutsch\/luftduschkabine-2\/\" \/>\n<meta property=\"og:locale\" content=\"de_DE\" \/>\n<meta property=\"og:type\" content=\"article\" \/>\n<meta property=\"og:title\" content=\"Luftduschkabine - Radel &amp; Hahn Zrt - Deutsch\" \/>\n<meta property=\"og:url\" content=\"https:\/\/radel-hahn.hu\/deutsch\/luftduschkabine-2\/\" \/>\n<meta property=\"og:site_name\" content=\"Radel &amp; Hahn Zrt - Deutsch\" \/>\n<meta property=\"article:modified_time\" content=\"2022-03-16T13:24:28+00:00\" \/>\n<meta property=\"og:image\" content=\"https:\/\/radel-hahn.hu\/deutsch\/wp-content\/uploads\/sites\/3\/2018\/03\/logo16v3.png\" \/>\n<meta name=\"twitter:card\" content=\"summary_large_image\" \/>\n<meta name=\"twitter:label1\" content=\"Gesch\u00e4tzte Lesezeit\" \/>\n\t<meta name=\"twitter:data1\" content=\"1\u00a0Minute\" \/>\n<script type=\"application\/ld+json\" class=\"yoast-schema-graph\">{\"@context\":\"https:\\\/\\\/schema.org\",\"@graph\":[{\"@type\":\"WebPage\",\"@id\":\"https:\\\/\\\/radel-hahn.hu\\\/deutsch\\\/luftduschkabine-2\\\/\",\"url\":\"https:\\\/\\\/radel-hahn.hu\\\/deutsch\\\/luftduschkabine-2\\\/\",\"name\":\"Luftduschkabine - Radel &amp; Hahn Zrt - Deutsch\",\"isPartOf\":{\"@id\":\"https:\\\/\\\/radel-hahn.hu\\\/deutsch\\\/#website\"},\"primaryImageOfPage\":{\"@id\":\"https:\\\/\\\/radel-hahn.hu\\\/deutsch\\\/luftduschkabine-2\\\/#primaryimage\"},\"image\":{\"@id\":\"https:\\\/\\\/radel-hahn.hu\\\/deutsch\\\/luftduschkabine-2\\\/#primaryimage\"},\"thumbnailUrl\":\"https:\\\/\\\/radel-hahn.hu\\\/deutsch\\\/wp-content\\\/uploads\\\/sites\\\/3\\\/2018\\\/03\\\/logo16v3.png\",\"datePublished\":\"2017-11-13T17:52:13+00:00\",\"dateModified\":\"2022-03-16T13:24:28+00:00\",\"breadcrumb\":{\"@id\":\"https:\\\/\\\/radel-hahn.hu\\\/deutsch\\\/luftduschkabine-2\\\/#breadcrumb\"},\"inLanguage\":\"de\",\"potentialAction\":[{\"@type\":\"ReadAction\",\"target\":[\"https:\\\/\\\/radel-hahn.hu\\\/deutsch\\\/luftduschkabine-2\\\/\"]}]},{\"@type\":\"ImageObject\",\"inLanguage\":\"de\",\"@id\":\"https:\\\/\\\/radel-hahn.hu\\\/deutsch\\\/luftduschkabine-2\\\/#primaryimage\",\"url\":\"https:\\\/\\\/radel-hahn.hu\\\/deutsch\\\/wp-content\\\/uploads\\\/sites\\\/3\\\/2018\\\/03\\\/logo16v3.png\",\"contentUrl\":\"https:\\\/\\\/radel-hahn.hu\\\/deutsch\\\/wp-content\\\/uploads\\\/sites\\\/3\\\/2018\\\/03\\\/logo16v3.png\"},{\"@type\":\"BreadcrumbList\",\"@id\":\"https:\\\/\\\/radel-hahn.hu\\\/deutsch\\\/luftduschkabine-2\\\/#breadcrumb\",\"itemListElement\":[{\"@type\":\"ListItem\",\"position\":1,\"name\":\"Startseite\",\"item\":\"https:\\\/\\\/radel-hahn.hu\\\/deutsch\\\/\"},{\"@type\":\"ListItem\",\"position\":2,\"name\":\"Luftduschkabine\"}]},{\"@type\":\"WebSite\",\"@id\":\"https:\\\/\\\/radel-hahn.hu\\\/deutsch\\\/#website\",\"url\":\"https:\\\/\\\/radel-hahn.hu\\\/deutsch\\\/\",\"name\":\"Radel &amp; Hahn Zrt - Deutsch\",\"description\":\"Radel &amp; Hahn Zrt - Deutsch\",\"potentialAction\":[{\"@type\":\"SearchAction\",\"target\":{\"@type\":\"EntryPoint\",\"urlTemplate\":\"https:\\\/\\\/radel-hahn.hu\\\/deutsch\\\/?s={search_term_string}\"},\"query-input\":{\"@type\":\"PropertyValueSpecification\",\"valueRequired\":true,\"valueName\":\"search_term_string\"}}],\"inLanguage\":\"de\"}]}<\/script>\n<!-- \/ Yoast SEO plugin. -->","yoast_head_json":{"title":"Luftduschkabine - Radel &amp; Hahn Zrt - Deutsch","robots":{"index":"index","follow":"follow","max-snippet":"max-snippet:-1","max-image-preview":"max-image-preview:large","max-video-preview":"max-video-preview:-1"},"canonical":"https:\/\/radel-hahn.hu\/deutsch\/luftduschkabine-2\/","og_locale":"de_DE","og_type":"article","og_title":"Luftduschkabine - Radel &amp; Hahn Zrt - Deutsch","og_url":"https:\/\/radel-hahn.hu\/deutsch\/luftduschkabine-2\/","og_site_name":"Radel &amp; Hahn Zrt - Deutsch","article_modified_time":"2022-03-16T13:24:28+00:00","og_image":[{"url":"https:\/\/radel-hahn.hu\/deutsch\/wp-content\/uploads\/sites\/3\/2018\/03\/logo16v3.png","type":"","width":"","height":""}],"twitter_card":"summary_large_image","twitter_misc":{"Gesch\u00e4tzte Lesezeit":"1\u00a0Minute"},"schema":{"@context":"https:\/\/schema.org","@graph":[{"@type":"WebPage","@id":"https:\/\/radel-hahn.hu\/deutsch\/luftduschkabine-2\/","url":"https:\/\/radel-hahn.hu\/deutsch\/luftduschkabine-2\/","name":"Luftduschkabine - Radel &amp; Hahn Zrt - Deutsch","isPartOf":{"@id":"https:\/\/radel-hahn.hu\/deutsch\/#website"},"primaryImageOfPage":{"@id":"https:\/\/radel-hahn.hu\/deutsch\/luftduschkabine-2\/#primaryimage"},"image":{"@id":"https:\/\/radel-hahn.hu\/deutsch\/luftduschkabine-2\/#primaryimage"},"thumbnailUrl":"https:\/\/radel-hahn.hu\/deutsch\/wp-content\/uploads\/sites\/3\/2018\/03\/logo16v3.png","datePublished":"2017-11-13T17:52:13+00:00","dateModified":"2022-03-16T13:24:28+00:00","breadcrumb":{"@id":"https:\/\/radel-hahn.hu\/deutsch\/luftduschkabine-2\/#breadcrumb"},"inLanguage":"de","potentialAction":[{"@type":"ReadAction","target":["https:\/\/radel-hahn.hu\/deutsch\/luftduschkabine-2\/"]}]},{"@type":"ImageObject","inLanguage":"de","@id":"https:\/\/radel-hahn.hu\/deutsch\/luftduschkabine-2\/#primaryimage","url":"https:\/\/radel-hahn.hu\/deutsch\/wp-content\/uploads\/sites\/3\/2018\/03\/logo16v3.png","contentUrl":"https:\/\/radel-hahn.hu\/deutsch\/wp-content\/uploads\/sites\/3\/2018\/03\/logo16v3.png"},{"@type":"BreadcrumbList","@id":"https:\/\/radel-hahn.hu\/deutsch\/luftduschkabine-2\/#breadcrumb","itemListElement":[{"@type":"ListItem","position":1,"name":"Startseite","item":"https:\/\/radel-hahn.hu\/deutsch\/"},{"@type":"ListItem","position":2,"name":"Luftduschkabine"}]},{"@type":"WebSite","@id":"https:\/\/radel-hahn.hu\/deutsch\/#website","url":"https:\/\/radel-hahn.hu\/deutsch\/","name":"Radel &amp; Hahn Zrt - Deutsch","description":"Radel &amp; Hahn Zrt - Deutsch","potentialAction":[{"@type":"SearchAction","target":{"@type":"EntryPoint","urlTemplate":"https:\/\/radel-hahn.hu\/deutsch\/?s={search_term_string}"},"query-input":{"@type":"PropertyValueSpecification","valueRequired":true,"valueName":"search_term_string"}}],"inLanguage":"de"}]}},"_links":{"self":[{"href":"https:\/\/radel-hahn.hu\/deutsch\/wp-json\/wp\/v2\/pages\/1026","targetHints":{"allow":["GET"]}}],"collection":[{"href":"https:\/\/radel-hahn.hu\/deutsch\/wp-json\/wp\/v2\/pages"}],"about":[{"href":"https:\/\/radel-hahn.hu\/deutsch\/wp-json\/wp\/v2\/types\/page"}],"author":[{"embeddable":true,"href":"https:\/\/radel-hahn.hu\/deutsch\/wp-json\/wp\/v2\/users\/1"}],"replies":[{"embeddable":true,"href":"https:\/\/radel-hahn.hu\/deutsch\/wp-json\/wp\/v2\/comments?post=1026"}],"version-history":[{"count":2,"href":"https:\/\/radel-hahn.hu\/deutsch\/wp-json\/wp\/v2\/pages\/1026\/revisions"}],"predecessor-version":[{"id":5812,"href":"https:\/\/radel-hahn.hu\/deutsch\/wp-json\/wp\/v2\/pages\/1026\/revisions\/5812"}],"wp:attachment":[{"href":"https:\/\/radel-hahn.hu\/deutsch\/wp-json\/wp\/v2\/media?parent=1026"}],"curies":[{"name":"wp","href":"https:\/\/api.w.org\/{rel}","templated":true}]}}