{"id":1018,"date":"2017-11-13T18:50:01","date_gmt":"2017-11-13T17:50:01","guid":{"rendered":"https:\/\/radel-hahn.hu\/?page_id=1018"},"modified":"2019-02-18T18:00:43","modified_gmt":"2019-02-18T17:00:43","slug":"laminarboxen-2","status":"publish","type":"page","link":"https:\/\/radel-hahn.hu\/deutsch\/laminarboxen-2\/","title":{"rendered":"Laminarboxen"},"content":{"rendered":"<section class=\"l-section wpb_row height_small\"><div class=\"l-section-h i-cf\"><div class=\"g-cols vc_row via_flex valign_middle type_default stacking_default\"><div class=\"vc_col-sm-6 wpb_column vc_column_container\"><div class=\"vc_column-inner\"><div class=\"wpb_wrapper\"><div class=\"wpb_text_column\"><div class=\"wpb_wrapper\"><p style=\"text-align: justify\">Unsere Tischger\u00e4te sowie Standger\u00e4te mit horizontaler bzw. vertikaler Luftstr\u00f6mung verf\u00fcgen \u00fcber einen Arbeitsraum ISO 5 nach EN ISO 14644.<\/p>\n<p style=\"text-align: justify\">Das Einsatzgebiet reicht von der Herstellung von Halbleitern, \u00fcber Produkten der Mikrobiologie, der Pharmazie und anderer Laborarbeiten, wo keine gef\u00e4hrlichen Stoffe verarbeitet werden.<\/p>\n<p style=\"text-align: justify\">Die Laminarboxen, deren Arbeitsraum der ISO 4 und ISO 5 bzw. Biohazard II.-Klasse entspricht, dienen f\u00fcr Arbeiten mit biologischen Stoffen, die wenig oder nicht sehr gef\u00e4hrlich sind. Das Ger\u00e4t sch\u00fctzt das Arbeitspersonal und die Umgebung w\u00e4hrend des Mischvorganges der wenig gef\u00e4hrlichen biologischen Stoffe.<\/p>\n<p style=\"text-align: justify\">Die Laminarbox Cytoflow-915 ist ein Arbeitstisch, auf dem Menschen in hochreinem Arbeitsverh\u00e4ltnissen beim Arbeiten mit gef\u00e4hrlichen Stoffe gesch\u00fctzt arbeiten k\u00f6nnen. Im teilweise geschlossenen Arbeitsraum des Ger\u00e4tes k\u00f6nnen biologische, weniger gef\u00e4hrliche Stoffe bzw. Infusionen erzeugt werden.<\/p>\n<p><a href=\"https:\/\/radel-hahn.hu\/deutsch\/wp-content\/uploads\/sites\/3\/2018\/06\/Laminarboxen_2018_3.pdf\" target=\"_blank\" rel=\"noopener\"><strong><img loading=\"lazy\" decoding=\"async\" class=\" wp-image-2205 alignnone\" src=\"https:\/\/radel-hahn.hu\/deutsch\/wp-content\/uploads\/sites\/3\/2018\/03\/logo16v3.png\" alt=\"\" width=\"16\" height=\"14\" \/> Der Prospekt \u00fcber die reinraumtechnischen Ger\u00e4te kann hier heruntergeladen werden<\/strong><\/a><\/p>\n<\/div><\/div><\/div><\/div><\/div><div class=\"vc_col-sm-6 wpb_column vc_column_container\"><div class=\"vc_column-inner\"><div class=\"wpb_wrapper\"><div class=\"w-image style_shadow-1 align_center us_animate_afb\" style=\"animation-delay:0.2s\"><div class=\"w-image-h\"><img decoding=\"async\" width=\"451\" height=\"675\" src=\"https:\/\/radel-hahn.hu\/deutsch\/wp-content\/uploads\/sites\/3\/2017\/12\/BPV.jpg\" class=\"attachment-us_768_0 size-us_768_0\" alt=\"\" loading=\"lazy\" srcset=\"https:\/\/radel-hahn.hu\/deutsch\/wp-content\/uploads\/sites\/3\/2017\/12\/BPV.jpg 451w, https:\/\/radel-hahn.hu\/deutsch\/wp-content\/uploads\/sites\/3\/2017\/12\/BPV-200x300.jpg 200w\" sizes=\"auto, (max-width: 451px) 100vw, 451px\" \/><\/div><\/div><\/div><\/div><\/div><\/div><\/div><\/section><section class=\"l-section wpb_row height_small\"><div class=\"l-section-h i-cf\"><div class=\"g-cols vc_row via_flex valign_top type_default stacking_default\"><div class=\"vc_col-sm-12 wpb_column vc_column_container\"><div class=\"vc_column-inner\"><div class=\"wpb_wrapper\"><div class=\"w-separator size_medium with_line width_default thick_1 style_solid color_border align_center with_content\"><div class=\"w-separator-h\"><i class=\"fas fa-arrow-down\"><\/i><\/div><\/div><\/div><\/div><\/div><\/div><\/div><\/section><section class=\"l-section wpb_row height_small\"><div class=\"l-section-h i-cf\"><div class=\"g-cols vc_row via_flex valign_top type_default stacking_default\"><div class=\"vc_col-sm-12 wpb_column vc_column_container\"><div class=\"vc_column-inner\"><div class=\"wpb_wrapper\"><div class=\"w-grid us_grid type_grid layout_gallery_default cols_4 preload_style_spinner\" id=\"us_grid_1\" style=\"--columns:4;--gap:4px;\" data-filterable=\"true\"><style>@media (max-width:479px){#us_grid_1{--columns:2!important}}.layout_gallery_default .w-grid-item-h{}<\/style><div class=\"w-grid-list\">\t<article class=\"w-grid-item size_1x1 post-1662 attachment type-attachment status-inherit hentry\" data-id=\"1662\">\r\n\t\t<div class=\"w-grid-item-h\">\r\n\t\t\t\t\t\t\t<a ref=\"magnificPopupGrid\" href=\"https:\/\/radel-hahn.hu\/deutsch\/wp-content\/uploads\/sites\/3\/2017\/12\/Cytoflow-915.jpg\" class=\"w-grid-item-anchor\" aria-label=\"Cytoflow-915\"><\/a>\r\n\t\t\t\t\t\t<div class=\"w-post-elm post_image usg_post_image_1 stretched\"><img loading=\"lazy\" decoding=\"async\" width=\"451\" height=\"675\" src=\"https:\/\/radel-hahn.hu\/deutsch\/wp-content\/uploads\/sites\/3\/2017\/12\/Cytoflow-915.jpg\" class=\"attachment-us_768_0 size-us_768_0\" alt=\"\" srcset=\"https:\/\/radel-hahn.hu\/deutsch\/wp-content\/uploads\/sites\/3\/2017\/12\/Cytoflow-915.jpg 451w, https:\/\/radel-hahn.hu\/deutsch\/wp-content\/uploads\/sites\/3\/2017\/12\/Cytoflow-915-200x300.jpg 200w\" sizes=\"auto, (max-width: 451px) 100vw, 451px\" \/><\/div>\t\t<\/div>\r\n\t\t\t<\/article>\r\n\t<article class=\"w-grid-item size_1x1 post-1661 attachment type-attachment status-inherit hentry\" data-id=\"1661\">\r\n\t\t<div class=\"w-grid-item-h\">\r\n\t\t\t\t\t\t\t<a ref=\"magnificPopupGrid\" href=\"https:\/\/radel-hahn.hu\/deutsch\/wp-content\/uploads\/sites\/3\/2017\/12\/BV.jpg\" class=\"w-grid-item-anchor\" aria-label=\"BV\"><\/a>\r\n\t\t\t\t\t\t<div class=\"w-post-elm post_image usg_post_image_1 stretched\"><img loading=\"lazy\" decoding=\"async\" width=\"451\" height=\"675\" src=\"https:\/\/radel-hahn.hu\/deutsch\/wp-content\/uploads\/sites\/3\/2017\/12\/BV.jpg\" class=\"attachment-us_768_0 size-us_768_0\" alt=\"\" srcset=\"https:\/\/radel-hahn.hu\/deutsch\/wp-content\/uploads\/sites\/3\/2017\/12\/BV.jpg 451w, https:\/\/radel-hahn.hu\/deutsch\/wp-content\/uploads\/sites\/3\/2017\/12\/BV-200x300.jpg 200w\" sizes=\"auto, (max-width: 451px) 100vw, 451px\" \/><\/div>\t\t<\/div>\r\n\t\t\t<\/article>\r\n\t<article class=\"w-grid-item size_1x1 post-1659 attachment type-attachment status-inherit hentry\" data-id=\"1659\">\r\n\t\t<div class=\"w-grid-item-h\">\r\n\t\t\t\t\t\t\t<a ref=\"magnificPopupGrid\" href=\"https:\/\/radel-hahn.hu\/deutsch\/wp-content\/uploads\/sites\/3\/2017\/12\/BA-900.jpg\" class=\"w-grid-item-anchor\" aria-label=\"BA-900\"><\/a>\r\n\t\t\t\t\t\t<div class=\"w-post-elm post_image usg_post_image_1 stretched\"><img loading=\"lazy\" decoding=\"async\" width=\"451\" height=\"675\" src=\"https:\/\/radel-hahn.hu\/deutsch\/wp-content\/uploads\/sites\/3\/2017\/12\/BA-900.jpg\" class=\"attachment-us_768_0 size-us_768_0\" alt=\"\" srcset=\"https:\/\/radel-hahn.hu\/deutsch\/wp-content\/uploads\/sites\/3\/2017\/12\/BA-900.jpg 451w, https:\/\/radel-hahn.hu\/deutsch\/wp-content\/uploads\/sites\/3\/2017\/12\/BA-900-200x300.jpg 200w\" sizes=\"auto, (max-width: 451px) 100vw, 451px\" \/><\/div>\t\t<\/div>\r\n\t\t\t<\/article>\r\n\t<article class=\"w-grid-item size_1x1 post-1826 attachment type-attachment status-inherit hentry\" data-id=\"1826\">\r\n\t\t<div class=\"w-grid-item-h\">\r\n\t\t\t\t\t\t\t<a ref=\"magnificPopupGrid\" href=\"https:\/\/radel-hahn.hu\/deutsch\/wp-content\/uploads\/sites\/3\/2018\/01\/BL-1200.jpg\" class=\"w-grid-item-anchor\" aria-label=\"BL-1200\"><\/a>\r\n\t\t\t\t\t\t<div class=\"w-post-elm post_image usg_post_image_1 stretched\"><img loading=\"lazy\" decoding=\"async\" width=\"451\" height=\"675\" src=\"https:\/\/radel-hahn.hu\/deutsch\/wp-content\/uploads\/sites\/3\/2018\/01\/BL-1200.jpg\" class=\"attachment-us_768_0 size-us_768_0\" alt=\"\" srcset=\"https:\/\/radel-hahn.hu\/deutsch\/wp-content\/uploads\/sites\/3\/2018\/01\/BL-1200.jpg 451w, https:\/\/radel-hahn.hu\/deutsch\/wp-content\/uploads\/sites\/3\/2018\/01\/BL-1200-200x300.jpg 200w\" sizes=\"auto, (max-width: 451px) 100vw, 451px\" \/><\/div>\t\t<\/div>\r\n\t\t\t<\/article>\r\n<\/div>\t<div class=\"w-grid-preloader\">\r\n\t\t<div class=\"g-preloader type_1\">\r\n\t\t\t<div><\/div>\r\n\t\t<\/div>\r\n\t<\/div>\r\n\t\t<div class=\"w-grid-json hidden\" onclick='return {&quot;action&quot;:&quot;us_ajax_grid&quot;,&quot;infinite_scroll&quot;:0,&quot;max_num_pages&quot;:1,&quot;pagination&quot;:&quot;none&quot;,&quot;template_vars&quot;:{&quot;columns&quot;:&quot;4&quot;,&quot;exclude_items&quot;:&quot;none&quot;,&quot;img_size&quot;:&quot;us_768_0&quot;,&quot;ignore_items_size&quot;:0,&quot;items_layout&quot;:&quot;gallery_default&quot;,&quot;items_offset&quot;:&quot;1&quot;,&quot;load_animation&quot;:&quot;none&quot;,&quot;overriding_link&quot;:&quot;%7B%22type%22%3A%22popup_image%22%7D&quot;,&quot;post_id&quot;:0,&quot;query_args&quot;:{&quot;post_type&quot;:[&quot;attachment&quot;],&quot;post__in&quot;:[&quot;1662&quot;,&quot;1661&quot;,&quot;1659&quot;,&quot;1826&quot;],&quot;post_status&quot;:&quot;inherit&quot;,&quot;post_mime_type&quot;:&quot;image&quot;,&quot;posts_per_page&quot;:999},&quot;orderby_query_args&quot;:{&quot;orderby&quot;:{&quot;post__in&quot;:&quot;ASC&quot;},&quot;order&quot;:&quot;ASC&quot;},&quot;type&quot;:&quot;grid&quot;,&quot;us_grid_post_type&quot;:&quot;attachment&quot;,&quot;us_grid_ajax_index&quot;:1,&quot;us_grid_filter_query_string&quot;:null,&quot;us_grid_index&quot;:1,&quot;page_args&quot;:[]}}'><\/div>\r\n\t<\/div><\/div><\/div><\/div><\/div><\/div><\/section>\n","protected":false},"excerpt":{"rendered":"","protected":false},"author":1,"featured_media":0,"parent":0,"menu_order":0,"comment_status":"closed","ping_status":"closed","template":"","meta":{"footnotes":""},"class_list":["post-1018","page","type-page","status-publish","hentry"],"yoast_head":"<!-- This site is optimized with the Yoast SEO plugin v27.5 - https:\/\/yoast.com\/product\/yoast-seo-wordpress\/ -->\n<title>Laminarboxen - Radel &amp; Hahn Zrt - Deutsch<\/title>\n<meta name=\"robots\" content=\"index, follow, max-snippet:-1, max-image-preview:large, max-video-preview:-1\" \/>\n<link rel=\"canonical\" href=\"https:\/\/radel-hahn.hu\/deutsch\/laminarboxen-2\/\" \/>\n<meta property=\"og:locale\" content=\"de_DE\" \/>\n<meta property=\"og:type\" content=\"article\" \/>\n<meta property=\"og:title\" content=\"Laminarboxen - Radel &amp; Hahn Zrt - Deutsch\" \/>\n<meta property=\"og:url\" content=\"https:\/\/radel-hahn.hu\/deutsch\/laminarboxen-2\/\" \/>\n<meta property=\"og:site_name\" content=\"Radel &amp; Hahn Zrt - Deutsch\" \/>\n<meta property=\"article:modified_time\" content=\"2019-02-18T17:00:43+00:00\" \/>\n<meta property=\"og:image\" content=\"https:\/\/radel-hahn.hu\/deutsch\/wp-content\/uploads\/sites\/3\/2018\/03\/logo16v3.png\" \/>\n<meta name=\"twitter:card\" content=\"summary_large_image\" \/>\n<meta name=\"twitter:label1\" content=\"Gesch\u00e4tzte Lesezeit\" \/>\n\t<meta name=\"twitter:data1\" content=\"1\u00a0Minute\" \/>\n<script type=\"application\/ld+json\" class=\"yoast-schema-graph\">{\"@context\":\"https:\\\/\\\/schema.org\",\"@graph\":[{\"@type\":\"WebPage\",\"@id\":\"https:\\\/\\\/radel-hahn.hu\\\/deutsch\\\/laminarboxen-2\\\/\",\"url\":\"https:\\\/\\\/radel-hahn.hu\\\/deutsch\\\/laminarboxen-2\\\/\",\"name\":\"Laminarboxen - Radel &amp; Hahn Zrt - Deutsch\",\"isPartOf\":{\"@id\":\"https:\\\/\\\/radel-hahn.hu\\\/deutsch\\\/#website\"},\"primaryImageOfPage\":{\"@id\":\"https:\\\/\\\/radel-hahn.hu\\\/deutsch\\\/laminarboxen-2\\\/#primaryimage\"},\"image\":{\"@id\":\"https:\\\/\\\/radel-hahn.hu\\\/deutsch\\\/laminarboxen-2\\\/#primaryimage\"},\"thumbnailUrl\":\"https:\\\/\\\/radel-hahn.hu\\\/deutsch\\\/wp-content\\\/uploads\\\/sites\\\/3\\\/2018\\\/03\\\/logo16v3.png\",\"datePublished\":\"2017-11-13T17:50:01+00:00\",\"dateModified\":\"2019-02-18T17:00:43+00:00\",\"breadcrumb\":{\"@id\":\"https:\\\/\\\/radel-hahn.hu\\\/deutsch\\\/laminarboxen-2\\\/#breadcrumb\"},\"inLanguage\":\"de\",\"potentialAction\":[{\"@type\":\"ReadAction\",\"target\":[\"https:\\\/\\\/radel-hahn.hu\\\/deutsch\\\/laminarboxen-2\\\/\"]}]},{\"@type\":\"ImageObject\",\"inLanguage\":\"de\",\"@id\":\"https:\\\/\\\/radel-hahn.hu\\\/deutsch\\\/laminarboxen-2\\\/#primaryimage\",\"url\":\"https:\\\/\\\/radel-hahn.hu\\\/deutsch\\\/wp-content\\\/uploads\\\/sites\\\/3\\\/2018\\\/03\\\/logo16v3.png\",\"contentUrl\":\"https:\\\/\\\/radel-hahn.hu\\\/deutsch\\\/wp-content\\\/uploads\\\/sites\\\/3\\\/2018\\\/03\\\/logo16v3.png\"},{\"@type\":\"BreadcrumbList\",\"@id\":\"https:\\\/\\\/radel-hahn.hu\\\/deutsch\\\/laminarboxen-2\\\/#breadcrumb\",\"itemListElement\":[{\"@type\":\"ListItem\",\"position\":1,\"name\":\"Startseite\",\"item\":\"https:\\\/\\\/radel-hahn.hu\\\/deutsch\\\/\"},{\"@type\":\"ListItem\",\"position\":2,\"name\":\"Laminarboxen\"}]},{\"@type\":\"WebSite\",\"@id\":\"https:\\\/\\\/radel-hahn.hu\\\/deutsch\\\/#website\",\"url\":\"https:\\\/\\\/radel-hahn.hu\\\/deutsch\\\/\",\"name\":\"Radel &amp; Hahn Zrt - Deutsch\",\"description\":\"Radel &amp; Hahn Zrt - Deutsch\",\"potentialAction\":[{\"@type\":\"SearchAction\",\"target\":{\"@type\":\"EntryPoint\",\"urlTemplate\":\"https:\\\/\\\/radel-hahn.hu\\\/deutsch\\\/?s={search_term_string}\"},\"query-input\":{\"@type\":\"PropertyValueSpecification\",\"valueRequired\":true,\"valueName\":\"search_term_string\"}}],\"inLanguage\":\"de\"}]}<\/script>\n<!-- \/ Yoast SEO plugin. -->","yoast_head_json":{"title":"Laminarboxen - Radel &amp; Hahn Zrt - Deutsch","robots":{"index":"index","follow":"follow","max-snippet":"max-snippet:-1","max-image-preview":"max-image-preview:large","max-video-preview":"max-video-preview:-1"},"canonical":"https:\/\/radel-hahn.hu\/deutsch\/laminarboxen-2\/","og_locale":"de_DE","og_type":"article","og_title":"Laminarboxen - Radel &amp; Hahn Zrt - Deutsch","og_url":"https:\/\/radel-hahn.hu\/deutsch\/laminarboxen-2\/","og_site_name":"Radel &amp; Hahn Zrt - Deutsch","article_modified_time":"2019-02-18T17:00:43+00:00","og_image":[{"url":"https:\/\/radel-hahn.hu\/deutsch\/wp-content\/uploads\/sites\/3\/2018\/03\/logo16v3.png","type":"","width":"","height":""}],"twitter_card":"summary_large_image","twitter_misc":{"Gesch\u00e4tzte Lesezeit":"1\u00a0Minute"},"schema":{"@context":"https:\/\/schema.org","@graph":[{"@type":"WebPage","@id":"https:\/\/radel-hahn.hu\/deutsch\/laminarboxen-2\/","url":"https:\/\/radel-hahn.hu\/deutsch\/laminarboxen-2\/","name":"Laminarboxen - Radel &amp; Hahn Zrt - Deutsch","isPartOf":{"@id":"https:\/\/radel-hahn.hu\/deutsch\/#website"},"primaryImageOfPage":{"@id":"https:\/\/radel-hahn.hu\/deutsch\/laminarboxen-2\/#primaryimage"},"image":{"@id":"https:\/\/radel-hahn.hu\/deutsch\/laminarboxen-2\/#primaryimage"},"thumbnailUrl":"https:\/\/radel-hahn.hu\/deutsch\/wp-content\/uploads\/sites\/3\/2018\/03\/logo16v3.png","datePublished":"2017-11-13T17:50:01+00:00","dateModified":"2019-02-18T17:00:43+00:00","breadcrumb":{"@id":"https:\/\/radel-hahn.hu\/deutsch\/laminarboxen-2\/#breadcrumb"},"inLanguage":"de","potentialAction":[{"@type":"ReadAction","target":["https:\/\/radel-hahn.hu\/deutsch\/laminarboxen-2\/"]}]},{"@type":"ImageObject","inLanguage":"de","@id":"https:\/\/radel-hahn.hu\/deutsch\/laminarboxen-2\/#primaryimage","url":"https:\/\/radel-hahn.hu\/deutsch\/wp-content\/uploads\/sites\/3\/2018\/03\/logo16v3.png","contentUrl":"https:\/\/radel-hahn.hu\/deutsch\/wp-content\/uploads\/sites\/3\/2018\/03\/logo16v3.png"},{"@type":"BreadcrumbList","@id":"https:\/\/radel-hahn.hu\/deutsch\/laminarboxen-2\/#breadcrumb","itemListElement":[{"@type":"ListItem","position":1,"name":"Startseite","item":"https:\/\/radel-hahn.hu\/deutsch\/"},{"@type":"ListItem","position":2,"name":"Laminarboxen"}]},{"@type":"WebSite","@id":"https:\/\/radel-hahn.hu\/deutsch\/#website","url":"https:\/\/radel-hahn.hu\/deutsch\/","name":"Radel &amp; Hahn Zrt - Deutsch","description":"Radel &amp; Hahn Zrt - Deutsch","potentialAction":[{"@type":"SearchAction","target":{"@type":"EntryPoint","urlTemplate":"https:\/\/radel-hahn.hu\/deutsch\/?s={search_term_string}"},"query-input":{"@type":"PropertyValueSpecification","valueRequired":true,"valueName":"search_term_string"}}],"inLanguage":"de"}]}},"_links":{"self":[{"href":"https:\/\/radel-hahn.hu\/deutsch\/wp-json\/wp\/v2\/pages\/1018","targetHints":{"allow":["GET"]}}],"collection":[{"href":"https:\/\/radel-hahn.hu\/deutsch\/wp-json\/wp\/v2\/pages"}],"about":[{"href":"https:\/\/radel-hahn.hu\/deutsch\/wp-json\/wp\/v2\/types\/page"}],"author":[{"embeddable":true,"href":"https:\/\/radel-hahn.hu\/deutsch\/wp-json\/wp\/v2\/users\/1"}],"replies":[{"embeddable":true,"href":"https:\/\/radel-hahn.hu\/deutsch\/wp-json\/wp\/v2\/comments?post=1018"}],"version-history":[{"count":5,"href":"https:\/\/radel-hahn.hu\/deutsch\/wp-json\/wp\/v2\/pages\/1018\/revisions"}],"predecessor-version":[{"id":5692,"href":"https:\/\/radel-hahn.hu\/deutsch\/wp-json\/wp\/v2\/pages\/1018\/revisions\/5692"}],"wp:attachment":[{"href":"https:\/\/radel-hahn.hu\/deutsch\/wp-json\/wp\/v2\/media?parent=1018"}],"curies":[{"name":"wp","href":"https:\/\/api.w.org\/{rel}","templated":true}]}}